{"id":239,"date":"2025-04-26T16:18:16","date_gmt":"2025-04-26T14:18:16","guid":{"rendered":"https:\/\/fs-chembio.kit.edu\/?page_id=239"},"modified":"2025-10-29T22:07:26","modified_gmt":"2025-10-29T21:07:26","slug":"elementor-seite-239","status":"publish","type":"page","link":"https:\/\/fs-chembio.kit.edu\/en\/elementor-seite-239\/","title":{"rendered":"Stundenplan 1. Semester"},"content":{"rendered":"<div data-elementor-type=\"wp-page\" data-elementor-id=\"239\" class=\"elementor elementor-239\">\n\t\t\t\t<div class=\"elementor-element elementor-element-152f913 e-flex e-con-boxed qodef-elementor-content-no e-con e-parent\" data-id=\"152f913\" data-element_type=\"container\">\n\t\t\t\t\t<div class=\"e-con-inner\">\n\t\t\t\t<div class=\"elementor-element elementor-element-6172158 elementor-widget elementor-widget-text-editor\" data-id=\"6172158\" data-element_type=\"widget\" data-widget_type=\"text-editor.default\">\n\t\t\t\t<div class=\"elementor-widget-container\">\n\t\t\t\t\t\t\t\t\t<p><a href=\"https:\/\/fs-chembio.kit.edu\/wp-content\/uploads\/2025\/04\/Stundenplaene_Chemie-2.pdf\">Stundenpl\u00e4ne_Chemie<\/a><\/p>\t\t\t\t\t\t\t\t<\/div>\n\t\t\t\t<\/div>\n\t\t\t\t\t<\/div>\n\t\t\t\t<\/div>\n\t\t<div class=\"elementor-element elementor-element-d91aee7 e-flex e-con-boxed qodef-elementor-content-no e-con e-parent\" data-id=\"d91aee7\" data-element_type=\"container\">\n\t\t\t\t\t<div class=\"e-con-inner\">\n\t\t\t\t<div class=\"elementor-element elementor-element-b6319eb elementor-widget elementor-widget-text-editor\" data-id=\"b6319eb\" data-element_type=\"widget\" data-widget_type=\"text-editor.default\">\n\t\t\t\t<div class=\"elementor-widget-container\">\n\t\t\t\t\t\t\t\t\t<p><a href=\"https:\/\/fs-chembio.kit.edu\/wp-content\/uploads\/2025\/04\/Stundenplaene_ChemBio.pdf\">Stundenpl\u00e4ne_ChemBio<\/a><\/p>\t\t\t\t\t\t\t\t<\/div>\n\t\t\t\t<\/div>\n\t\t\t\t\t<\/div>\n\t\t\t\t<\/div>\n\t\t<div class=\"elementor-element elementor-element-acb4910 e-flex e-con-boxed qodef-elementor-content-no e-con e-parent\" data-id=\"acb4910\" data-element_type=\"container\">\n\t\t\t\t\t<div class=\"e-con-inner\">\n\t\t\t\t<div class=\"elementor-element elementor-element-fa71d89 elementor-widget elementor-widget-text-editor\" data-id=\"fa71d89\" data-element_type=\"widget\" data-widget_type=\"text-editor.default\">\n\t\t\t\t<div class=\"elementor-widget-container\">\n\t\t\t\t\t\t\t\t\t<p><a href=\"https:\/\/fs-chembio.kit.edu\/wp-content\/uploads\/2025\/04\/Stundenplaene_Lemi.pdf\">Stundenpl\u00e4ne_Lemi<\/a><\/p>\t\t\t\t\t\t\t\t<\/div>\n\t\t\t\t<\/div>\n\t\t\t\t\t<\/div>\n\t\t\t\t<\/div>\n\t\t<div class=\"elementor-element elementor-element-0fed3c6 e-flex e-con-boxed qodef-elementor-content-no e-con e-parent\" data-id=\"0fed3c6\" data-element_type=\"container\">\n\t\t\t\t\t<div class=\"e-con-inner\">\n\t\t\t\t<div class=\"elementor-element elementor-element-3419669 elementor-widget elementor-widget-text-editor\" data-id=\"3419669\" data-element_type=\"widget\" data-widget_type=\"text-editor.default\">\n\t\t\t\t<div class=\"elementor-widget-container\">\n\t\t\t\t\t\t\t\t\t<p><a href=\"https:\/\/fs-chembio.kit.edu\/wp-content\/uploads\/2025\/04\/Stundenplaene_LehramtBio.pdf\">Stundenpl\u00e4ne_LehramtBio<\/a><\/p>\t\t\t\t\t\t\t\t<\/div>\n\t\t\t\t<\/div>\n\t\t\t\t\t<\/div>\n\t\t\t\t<\/div>\n\t\t<div class=\"elementor-element elementor-element-a979396 e-flex e-con-boxed qodef-elementor-content-no e-con e-parent\" data-id=\"a979396\" data-element_type=\"container\">\n\t\t\t\t\t<div class=\"e-con-inner\">\n\t\t\t\t<div class=\"elementor-element elementor-element-2fdbeef elementor-widget elementor-widget-text-editor\" data-id=\"2fdbeef\" data-element_type=\"widget\" data-widget_type=\"text-editor.default\">\n\t\t\t\t<div class=\"elementor-widget-container\">\n\t\t\t\t\t\t\t\t\t<p><a href=\"https:\/\/fs-chembio.kit.edu\/wp-content\/uploads\/2025\/04\/Stundenplaene_LehramtChemie.pdf\">Stundenpl\u00e4ne_LehramtChemie<\/a><\/p>\t\t\t\t\t\t\t\t<\/div>\n\t\t\t\t<\/div>\n\t\t\t\t\t<\/div>\n\t\t\t\t<\/div>\n\t\t<div class=\"elementor-element elementor-element-567bde8 e-flex e-con-boxed qodef-elementor-content-no e-con e-parent\" data-id=\"567bde8\" data-element_type=\"container\">\n\t\t\t\t\t<div class=\"e-con-inner\">\n\t\t\t\t<div class=\"elementor-element elementor-element-0c4d3a4 elementor-widget elementor-widget-text-editor\" data-id=\"0c4d3a4\" data-element_type=\"widget\" data-widget_type=\"text-editor.default\">\n\t\t\t\t<div class=\"elementor-widget-container\">\n\t\t\t\t\t\t\t\t\t<p><a href=\"https:\/\/fs-chembio.kit.edu\/wp-content\/uploads\/2025\/10\/Kit_Uebersicht_Hilfe_V7a-2.pdf\">KIT_Hilfsangebote<\/a><\/p>\t\t\t\t\t\t\t\t<\/div>\n\t\t\t\t<\/div>\n\t\t\t\t\t<\/div>\n\t\t\t\t<\/div>\n\t\t<div class=\"elementor-element elementor-element-68dc50c e-flex e-con-boxed qodef-elementor-content-no e-con e-parent\" data-id=\"68dc50c\" data-element_type=\"container\">\n\t\t\t\t\t<div class=\"e-con-inner\">\n\t\t\t\t<div class=\"elementor-element elementor-element-fba9d52 elementor-widget elementor-widget-text-editor\" data-id=\"fba9d52\" data-element_type=\"widget\" data-widget_type=\"text-editor.default\">\n\t\t\t\t<div class=\"elementor-widget-container\">\n\t\t\t\t\t\t\t\t\t<p><a href=\"https:\/\/fs-chembio.kit.edu\/wp-content\/uploads\/2025\/04\/Stundenplaene_LehramtChemie.pdf\">Stundenpl\u00e4ne_LehramtChemie<\/a><\/p>\t\t\t\t\t\t\t\t<\/div>\n\t\t\t\t<\/div>\n\t\t\t\t\t<\/div>\n\t\t\t\t<\/div>\n\t\t\t\t<\/div>","protected":false},"excerpt":{"rendered":"<p>Stundenpl\u00e4ne_Chemie Stundenpl\u00e4ne_ChemBio Stundenpl\u00e4ne_Lemi Stundenpl\u00e4ne_LehramtBio Stundenpl\u00e4ne_LehramtChemie KIT_Hilfsangebote Stundenpl\u00e4ne_LehramtChemie<\/p>","protected":false},"author":1,"featured_media":0,"parent":0,"menu_order":0,"comment_status":"closed","ping_status":"closed","template":"","meta":{"footnotes":""},"class_list":["post-239","page","type-page","status-publish","hentry"],"_links":{"self":[{"href":"https:\/\/fs-chembio.kit.edu\/en\/wp-json\/wp\/v2\/pages\/239","targetHints":{"allow":["GET"]}}],"collection":[{"href":"https:\/\/fs-chembio.kit.edu\/en\/wp-json\/wp\/v2\/pages"}],"about":[{"href":"https:\/\/fs-chembio.kit.edu\/en\/wp-json\/wp\/v2\/types\/page"}],"author":[{"embeddable":true,"href":"https:\/\/fs-chembio.kit.edu\/en\/wp-json\/wp\/v2\/users\/1"}],"replies":[{"embeddable":true,"href":"https:\/\/fs-chembio.kit.edu\/en\/wp-json\/wp\/v2\/comments?post=239"}],"version-history":[{"count":18,"href":"https:\/\/fs-chembio.kit.edu\/en\/wp-json\/wp\/v2\/pages\/239\/revisions"}],"predecessor-version":[{"id":803,"href":"https:\/\/fs-chembio.kit.edu\/en\/wp-json\/wp\/v2\/pages\/239\/revisions\/803"}],"wp:attachment":[{"href":"https:\/\/fs-chembio.kit.edu\/en\/wp-json\/wp\/v2\/media?parent=239"}],"curies":[{"name":"wp","href":"https:\/\/api.w.org\/{rel}","templated":true}]}}