{"id":345,"date":"2025-04-28T14:59:49","date_gmt":"2025-04-28T12:59:49","guid":{"rendered":"https:\/\/fs-chembio.kit.edu\/?page_id=345"},"modified":"2025-07-17T12:05:52","modified_gmt":"2025-07-17T10:05:52","slug":"mentoring","status":"publish","type":"page","link":"https:\/\/fs-chembio.kit.edu\/en\/mentoring\/","title":{"rendered":"Mentoring"},"content":{"rendered":"<div data-elementor-type=\"wp-page\" data-elementor-id=\"345\" class=\"elementor elementor-345\">\n\t\t\t\t<div class=\"elementor-element elementor-element-8c0b54b e-flex e-con-boxed qodef-elementor-content-no e-con e-parent\" data-id=\"8c0b54b\" data-element_type=\"container\">\n\t\t\t\t\t<div class=\"e-con-inner\">\n\t\t\t\t<div class=\"elementor-element elementor-element-194926e elementor-widget elementor-widget-heading\" data-id=\"194926e\" data-element_type=\"widget\" data-widget_type=\"heading.default\">\n\t\t\t\t<div class=\"elementor-widget-container\">\n\t\t\t\t\t<h2 class=\"elementor-heading-title elementor-size-default\">F\u00fcr Erstsemester<\/h2>\t\t\t\t<\/div>\n\t\t\t\t<\/div>\n\t\t\t\t\t<\/div>\n\t\t\t\t<\/div>\n\t\t<div class=\"elementor-element elementor-element-3f338b2 e-flex e-con-boxed qodef-elementor-content-no e-con e-parent\" data-id=\"3f338b2\" data-element_type=\"container\">\n\t\t\t\t\t<div class=\"e-con-inner\">\n\t\t\t\t<div class=\"elementor-element elementor-element-c5f9f65 elementor-widget elementor-widget-heading\" data-id=\"c5f9f65\" data-element_type=\"widget\" data-widget_type=\"heading.default\">\n\t\t\t\t<div class=\"elementor-widget-container\">\n\t\t\t\t\t<h2 class=\"elementor-heading-title elementor-size-default\">F\u00fcr Tutoren<\/h2>\t\t\t\t<\/div>\n\t\t\t\t<\/div>\n\t\t<div class=\"elementor-element elementor-element-fcca582 e-con-full e-flex qodef-elementor-content-no e-con e-child\" data-id=\"fcca582\" data-element_type=\"container\">\n\t\t\t\t<div class=\"elementor-element elementor-element-3ee5543 elementor-widget elementor-widget-image\" data-id=\"3ee5543\" data-element_type=\"widget\" data-widget_type=\"image.default\">\n\t\t\t\t<div class=\"elementor-widget-container\">\n\t\t\t\t\t\t\t\t\t\t\t\t\t\t\t<img fetchpriority=\"high\" decoding=\"async\" width=\"604\" height=\"860\" src=\"https:\/\/fs-chembio.kit.edu\/wp-content\/uploads\/2025\/07\/Bild_2025-07-17_120546198-719x1024.png\" class=\"attachment-large size-large wp-image-648\" alt=\"\" srcset=\"https:\/\/fs-chembio.kit.edu\/wp-content\/uploads\/2025\/07\/Bild_2025-07-17_120546198-719x1024.png 719w, https:\/\/fs-chembio.kit.edu\/wp-content\/uploads\/2025\/07\/Bild_2025-07-17_120546198-211x300.png 211w, https:\/\/fs-chembio.kit.edu\/wp-content\/uploads\/2025\/07\/Bild_2025-07-17_120546198-105x150.png 105w, https:\/\/fs-chembio.kit.edu\/wp-content\/uploads\/2025\/07\/Bild_2025-07-17_120546198-768x1093.png 768w, https:\/\/fs-chembio.kit.edu\/wp-content\/uploads\/2025\/07\/Bild_2025-07-17_120546198.png 971w\" sizes=\"(max-width: 604px) 100vw, 604px\" \/>\t\t\t\t\t\t\t\t\t\t\t\t\t\t\t<\/div>\n\t\t\t\t<\/div>\n\t\t\t\t<div class=\"elementor-element elementor-element-bb79d7f elementor-widget elementor-widget-heading\" data-id=\"bb79d7f\" data-element_type=\"widget\" data-widget_type=\"heading.default\">\n\t\t\t\t<div class=\"elementor-widget-container\">\n\t\t\t\t\t<h3 class=\"elementor-heading-title elementor-size-default\">Was ist das ExperiMentoring<\/h3>\t\t\t\t<\/div>\n\t\t\t\t<\/div>\n\t\t\t\t<div class=\"elementor-element elementor-element-8cd8275 elementor-widget elementor-widget-text-editor\" data-id=\"8cd8275\" data-element_type=\"widget\" data-widget_type=\"text-editor.default\">\n\t\t\t\t<div class=\"elementor-widget-container\">\n\t\t\t\t\t\t\t\t\t<div id=\"cc-m-19696841825\" class=\"j-module n j-text\"><p>Beim ExperiMentoring geht es darum, den Studieneinstieg f\u00fcr Bachelorstudierende zu erleichtern. Wir unterst\u00fctzen das Kennenlernen der KommilitonInnen und die Organisation von Lerngruppen. Wir helfen den Studierenden im Laufe des ersten Semesters bei der Orientierung am Campus und in Karlsruhe, der Organisation des Studiums, der Zeit- und Lernplanung, der Entwicklung wissenschaftlicher Lern- und Arbeitstechniken und der Verarbeitung von Lerninhalten.<\/p><p>\u00a0<\/p><p>Dabei werden die Studierenden nach ihrem jeweiligen Studiengang in Gruppen aufgeteilt und von einem\/r MentorIn aus einem h\u00f6heren Fachsemester betreut. Die MentorInnen werden vor und w\u00e4hrend des Semesters durch das <a title=\"https:\/\/www.hoc.kit.edu\/\" href=\"https:\/\/www.hoc.kit.edu\/\" target=\"_blank\" rel=\"noopener\">House of Competence (HOC)<\/a> geschult, um Studienanf\u00e4ngerInnen fachad\u00e4quat zu begleiten, sie beim Eintritt in den neuen Lebensabschnitt zu unterst\u00fctzen und sie mit wertvollen Informationen zu versorgen, die inhaltliche und organisatorische Relevanz in Bezug auf den Studieneinstieg aufweisen.<\/p><p>\u00a0<\/p><p>Dieses Programm ist aus dem Gedanken entstanden, dass <strong>jede\/r Neuanf\u00e4ngerIn unterst\u00fctzt werden soll und nicht nur schwache Studierende<\/strong>. Somit sind <strong>alle<\/strong> Erstsemester herzlich eingeladen, am ExperiMentoring-Programm teilzunehmen, um Kontakte zu kn\u00fcpfen und sich auch gegenseitig zu unterst\u00fctzen.<\/p><p>\u00a0<\/p><p>F\u00fcr weitere Informationen; <a title=\"https:\/\/startklar.chem-bio.kit.edu\/mentoring.php\" href=\"https:\/\/startklar.chem-bio.kit.edu\/mentoring.php\" target=\"_blank\" rel=\"noopener\">https:\/\/startklar.chem-bio.kit.edu\/mentoring.php<\/a><\/p><\/div>\t\t\t\t\t\t\t\t<\/div>\n\t\t\t\t<\/div>\n\t\t\t\t<\/div>\n\t\t<div class=\"elementor-element elementor-element-698057e e-con-full e-flex qodef-elementor-content-no e-con e-child\" data-id=\"698057e\" data-element_type=\"container\">\n\t\t\t\t<div class=\"elementor-element elementor-element-81ffaeb elementor-widget elementor-widget-heading\" data-id=\"81ffaeb\" data-element_type=\"widget\" data-widget_type=\"heading.default\">\n\t\t\t\t<div class=\"elementor-widget-container\">\n\t\t\t\t\t<h3 class=\"elementor-heading-title elementor-size-default\">Was sind die Anforderungen und Aufgaben die euch erwarten?<\/h3>\t\t\t\t<\/div>\n\t\t\t\t<\/div>\n\t\t\t\t<div class=\"elementor-element elementor-element-788f67f elementor-widget elementor-widget-text-editor\" data-id=\"788f67f\" data-element_type=\"widget\" data-widget_type=\"text-editor.default\">\n\t\t\t\t<div class=\"elementor-widget-container\">\n\t\t\t\t\t\t\t\t\t<p>Anforderungen:<\/p><ul><li>Bewerbung ab 3. Semester m\u00f6glich, wenn alle Orientierungspr\u00fcfungen bestanden sind<\/li><li>Absolvierung des Bachelors am KIT erforderlich<\/li><li>Interesse an der regelm\u00e4\u00dfigen Betreuung von und Kontakt mit Erstsemester-Studierenden<\/li><li>Kommunikative Kompetenz, Teamf\u00e4higkeit, Einf\u00fchlungsverm\u00f6gen<\/li><li>Man sollte sich am Campus S\u00fcd, in seiner jeweiligen Fakult\u00e4t sowie in Karlsruhe gut auskennen\u00a0<\/li><\/ul><p>Responsibilities:<\/p><ul><li>Teilnahme an\u00a03 Mentoring-Workshops:\u00a0 verschiedene Schulungstermine (voraussichtlich ab Ende September)\u00a0\u00a0&#8211;\u00a0genaueres wird noch bekannt gegeben<\/li><li>Mindestens 4 studienbezogene Treffen und ein Teambuilding-Treffen\u00a0mit den Mentees\u00a0(eine Gruppe von max. 15\u00a0Ersties) ab Oktober<\/li><li>Online-Betreuung\u00a0im ILIAS-Kurs des Mentoring-Programms sowie ggf. per WhatsApp\/Email (Materialien hochladen, auf Fragen der Mentees antworten usw.)<\/li><li>3-4\u00a0Treffen aller MentorInnen\u00a0mit der Koordinatorin (jeweils 1 Stunde)<\/li><li>Abgabe eines\u00a0Feedbackbogens\u00a0nach jedem Gruppentreffen (Selbstreflexion f\u00fcr den Abschlussbericht sowie Feedback zur Verbesserung des Programms\/Curriculums)<\/li><li>Abgabe des\u00a0Abschlussberichts\u00a0(Reflexion) im April<\/li><li>Stundenumfang: ca.\u00a090 Stunden\u00a0(= 3 LP)<\/li><\/ul><p>=&gt;Diese 3 ECTS werden euch auch angerechnet<\/p>\t\t\t\t\t\t\t\t<\/div>\n\t\t\t\t<\/div>\n\t\t\t\t<\/div>\n\t\t\t\t\t<\/div>\n\t\t\t\t<\/div>\n\t\t\t\t<\/div>","protected":false},"excerpt":{"rendered":"<p>F\u00fcr Erstsemester F\u00fcr Tutoren Was ist das ExperiMentoring Beim ExperiMentoring geht es darum, den Studieneinstieg f\u00fcr Bachelorstudierende zu erleichtern. Wir unterst\u00fctzen das Kennenlernen der KommilitonInnen und die Organisation von Lerngruppen. Wir helfen den Studierenden im Laufe des ersten Semesters bei der Orientierung am Campus und in Karlsruhe, der Organisation des Studiums, der Zeit- und Lernplanung, &hellip; <a href=\"https:\/\/fs-chembio.kit.edu\/en\/mentoring\/\" class=\"more-link\">Continue reading <span class=\"screen-reader-text\">Mentoring<\/span> <span class=\"meta-nav\">&rarr;<\/span><\/a><\/p>","protected":false},"author":1,"featured_media":0,"parent":0,"menu_order":0,"comment_status":"closed","ping_status":"closed","template":"","meta":{"footnotes":""},"class_list":["post-345","page","type-page","status-publish","hentry"],"_links":{"self":[{"href":"https:\/\/fs-chembio.kit.edu\/en\/wp-json\/wp\/v2\/pages\/345","targetHints":{"allow":["GET"]}}],"collection":[{"href":"https:\/\/fs-chembio.kit.edu\/en\/wp-json\/wp\/v2\/pages"}],"about":[{"href":"https:\/\/fs-chembio.kit.edu\/en\/wp-json\/wp\/v2\/types\/page"}],"author":[{"embeddable":true,"href":"https:\/\/fs-chembio.kit.edu\/en\/wp-json\/wp\/v2\/users\/1"}],"replies":[{"embeddable":true,"href":"https:\/\/fs-chembio.kit.edu\/en\/wp-json\/wp\/v2\/comments?post=345"}],"version-history":[{"count":10,"href":"https:\/\/fs-chembio.kit.edu\/en\/wp-json\/wp\/v2\/pages\/345\/revisions"}],"predecessor-version":[{"id":651,"href":"https:\/\/fs-chembio.kit.edu\/en\/wp-json\/wp\/v2\/pages\/345\/revisions\/651"}],"wp:attachment":[{"href":"https:\/\/fs-chembio.kit.edu\/en\/wp-json\/wp\/v2\/media?parent=345"}],"curies":[{"name":"wp","href":"https:\/\/api.w.org\/{rel}","templated":true}]}}