{"id":50,"date":"2025-04-25T21:42:25","date_gmt":"2025-04-25T19:42:25","guid":{"rendered":"https:\/\/fs-chembio.kit.edu\/?page_id=50"},"modified":"2025-04-26T11:51:41","modified_gmt":"2025-04-26T09:51:41","slug":"protokoll-schreiben","status":"publish","type":"page","link":"https:\/\/fs-chembio.kit.edu\/en\/protokoll-schreiben\/","title":{"rendered":"Submitting Exams"},"content":{"rendered":"<div class=\"wpforms-container wpforms-container-full wpforms-block wpforms-block-bac73003-c040-4518-9e1a-60408742cd6e wpforms-render-modern\" id=\"wpforms-112\"><form id=\"wpforms-form-112\" class=\"wpforms-validate wpforms-form wpforms-ajax-form\" data-formid=\"112\" method=\"post\" enctype=\"multipart\/form-data\" action=\"\/en\/wp-json\/wp\/v2\/pages\/50\" data-token=\"22e90344f833b73dd257d72e928f65ad\" data-token-time=\"1776392438\"><noscript class=\"wpforms-error-noscript\">Please enable JavaScript in your browser to complete this form.<\/noscript><div class=\"wpforms-hidden\" id=\"wpforms-error-noscript\">Please enable JavaScript in your browser to complete this form.<\/div><div class=\"wpforms-field-container\"><div id=\"wpforms-112-field_4-container\" class=\"wpforms-field wpforms-field-select wpforms-field-select-style-classic\" data-field-id=\"4\"><label class=\"wpforms-field-label\" for=\"wpforms-112-field_4\">Semester <span class=\"wpforms-required-label\" aria-hidden=\"true\">*<\/span><\/label><select id=\"wpforms-112-field_4\" class=\"wpforms-field-medium wpforms-field-required\" name=\"wpforms[fields][4]\" required=\"required\"><option value=\"WS 23\/24\" >WS 23\/24<\/option><option value=\"SS 2024\" >SS 2024<\/option><option value=\"WS 24\/25\" >WS 24\/25<\/option><option value=\"SS 2025\" >SS 2025<\/option><option value=\"WS 25\/26\" >WS 25\/26<\/option><option value=\"SS 2026\" >SS 2026<\/option><option value=\"WS 26\/27\" >WS 26\/27<\/option><option value=\"SS 2027\" >SS 2027<\/option><option value=\"WS 27\/28\" >WS 27\/28<\/option><option value=\"SS 2028\" >SS 2028<\/option><option value=\"WS 28\/29\" >WS 28\/29<\/option><option value=\"SS 2029\" >SS 2029<\/option><option value=\"WS 29\/30\" >WS 29\/30<\/option><option value=\"SS 2030\" >SS 2030<\/option><\/select><\/div><div id=\"wpforms-112-field_5-container\" class=\"wpforms-field wpforms-field-select wpforms-field-select-style-classic\" data-field-id=\"5\"><label class=\"wpforms-field-label\" for=\"wpforms-112-field_5\">Fachsemester <span class=\"wpforms-required-label\" aria-hidden=\"true\">*<\/span><\/label><select id=\"wpforms-112-field_5\" class=\"wpforms-field-medium wpforms-field-required\" name=\"wpforms[fields][5]\" required=\"required\"><option value=\"1\" >1<\/option><option value=\"2\" >2<\/option><option value=\"3\" >3<\/option><option value=\"4\" >4<\/option><option value=\"5\" >5<\/option><option value=\"6\" >6<\/option><option value=\"7\" >7<\/option><option value=\"8\" >8<\/option><option value=\"9\" >9<\/option><option value=\"10\" >10<\/option><option value=\"11\" >11<\/option><option value=\"12\" >12<\/option><option value=\"13\" >13<\/option><option value=\"Choice 17\" >Choice 17<\/option><\/select><\/div><div id=\"wpforms-112-field_6-container\" class=\"wpforms-field wpforms-field-select wpforms-field-select-style-classic\" data-field-id=\"6\"><label class=\"wpforms-field-label\" for=\"wpforms-112-field_6\">Studiengang <span class=\"wpforms-required-label\" aria-hidden=\"true\">*<\/span><\/label><select id=\"wpforms-112-field_6\" class=\"wpforms-field-medium wpforms-field-required\" name=\"wpforms[fields][6]\" required=\"required\"><option value=\"Allgemeine Biologie\" >Allgemeine Biologie<\/option><option value=\"Angewandte Biologie\" >Angewandte Biologie<\/option><option value=\"Lehramt Biologie\" >Lehramt Biologie<\/option><option value=\"Chemie\" >Chemie<\/option><option value=\"Lehramt Chemie\" >Lehramt Chemie<\/option><option value=\"Chemische Biologie\" >Chemische Biologie<\/option><option value=\"Lebensmittelchemie\" >Lebensmittelchemie<\/option><\/select><\/div><div id=\"wpforms-112-field_7-container\" class=\"wpforms-field wpforms-field-select wpforms-field-select-style-classic\" data-field-id=\"7\"><label class=\"wpforms-field-label\" for=\"wpforms-112-field_7\">Pr\u00fcfung <span class=\"wpforms-required-label\" aria-hidden=\"true\">*<\/span><\/label><select id=\"wpforms-112-field_7\" class=\"wpforms-field-medium wpforms-field-required\" name=\"wpforms[fields][7]\" required=\"required\"><option value=\"Grund-Map\" >Grund-Map<\/option><option value=\"Fortgeschrittenen-Map\" >Fortgeschrittenen-Map<\/option><option value=\"Vertiefer-Map\" >Vertiefer-Map<\/option><option value=\"M\u00fcndliche Pr\u00fcfung\" >M\u00fcndliche Pr\u00fcfung<\/option><option value=\"Ged\u00e4chtnisprotokoll\" >Ged\u00e4chtnisprotokoll<\/option><option value=\"Sonstiges\" >Sonstiges<\/option><\/select><\/div><div id=\"wpforms-112-field_8-container\" class=\"wpforms-field wpforms-field-text\" data-field-id=\"8\"><label class=\"wpforms-field-label\" for=\"wpforms-112-field_8\">Fach <span class=\"wpforms-required-label\" aria-hidden=\"true\">*<\/span><\/label><input type=\"text\" id=\"wpforms-112-field_8\" class=\"wpforms-field-medium wpforms-field-required\" name=\"wpforms[fields][8]\" aria-errormessage=\"wpforms-112-field_8-error\" required><\/div><div id=\"wpforms-112-field_11-container\" class=\"wpforms-field wpforms-field-text\" data-field-id=\"11\"><label class=\"wpforms-field-label\" for=\"wpforms-112-field_11\">Vertiefungsfach<\/label><input type=\"text\" id=\"wpforms-112-field_11\" class=\"wpforms-field-medium\" name=\"wpforms[fields][11]\" aria-errormessage=\"wpforms-112-field_11-error\" ><\/div><div id=\"wpforms-112-field_10-container\" class=\"wpforms-field wpforms-field-text\" data-field-id=\"10\"><label class=\"wpforms-field-label\" for=\"wpforms-112-field_10\">Pr\u00fcfer <span class=\"wpforms-required-label\" aria-hidden=\"true\">*<\/span><\/label><input type=\"text\" id=\"wpforms-112-field_10\" class=\"wpforms-field-medium wpforms-field-required\" name=\"wpforms[fields][10]\" aria-errormessage=\"wpforms-112-field_10-error\" required><\/div><div id=\"wpforms-112-field_12-container\" class=\"wpforms-field wpforms-field-select wpforms-field-select-style-classic\" data-field-id=\"12\"><label class=\"wpforms-field-label\" for=\"wpforms-112-field_12\">Note <span class=\"wpforms-required-label\" aria-hidden=\"true\">*<\/span><\/label><select id=\"wpforms-112-field_12\" class=\"wpforms-field-medium wpforms-field-required\" name=\"wpforms[fields][12]\" required=\"required\"><option value=\"1,0\" >1,0<\/option><option value=\"1,3\" >1,3<\/option><option value=\"1,7\" >1,7<\/option><option value=\"2,0\" >2,0<\/option><option value=\"2,3\" >2,3<\/option><option value=\"2,7\" >2,7<\/option><option value=\"3,0\" >3,0<\/option><option value=\"3,3\" >3,3<\/option><option value=\"3,7\" >3,7<\/option><option value=\"4,0\" >4,0<\/option><option value=\"5,0\" >5,0<\/option><option value=\"keine Angabe\" >keine Angabe<\/option><\/select><\/div><div id=\"wpforms-112-field_13-container\" class=\"wpforms-field wpforms-field-text\" data-field-id=\"13\"><label class=\"wpforms-field-label\" for=\"wpforms-112-field_13\">Dauer der Vorbereitung <span class=\"wpforms-required-label\" aria-hidden=\"true\">*<\/span><\/label><input type=\"text\" id=\"wpforms-112-field_13\" class=\"wpforms-field-medium wpforms-field-required\" name=\"wpforms[fields][13]\" aria-errormessage=\"wpforms-112-field_13-error\" required><\/div><div id=\"wpforms-112-field_14-container\" class=\"wpforms-field wpforms-field-select wpforms-field-select-style-classic\" data-field-id=\"14\"><label class=\"wpforms-field-label\" for=\"wpforms-112-field_14\">Art der Vorbereitung <span class=\"wpforms-required-label\" aria-hidden=\"true\">*<\/span><\/label><select id=\"wpforms-112-field_14\" class=\"wpforms-field-medium wpforms-field-required\" name=\"wpforms[fields][14]\" required=\"required\"><option value=\"nur in Gruppen\" >nur in Gruppen<\/option><option value=\"alleine und selten in Gruppen\" >alleine und selten in Gruppen<\/option><option value=\"alleine und oft in Gruppen\" >alleine und oft in Gruppen<\/option><option value=\"nur in Gruppen\" >nur in Gruppen<\/option><\/select><\/div><div id=\"wpforms-112-field_15-container\" class=\"wpforms-field wpforms-field-text\" data-field-id=\"15\"><label class=\"wpforms-field-label\" for=\"wpforms-112-field_15\">Geh\u00f6rte Vorlesungen und Seminare <span class=\"wpforms-required-label\" aria-hidden=\"true\">*<\/span><\/label><input type=\"text\" id=\"wpforms-112-field_15\" class=\"wpforms-field-medium wpforms-field-required\" name=\"wpforms[fields][15]\" aria-errormessage=\"wpforms-112-field_15-error\" required><\/div><div id=\"wpforms-112-field_16-container\" class=\"wpforms-field wpforms-field-textarea\" data-field-id=\"16\"><label class=\"wpforms-field-label\" for=\"wpforms-112-field_16\">Verwendete B\u00fccher und Materialien <span class=\"wpforms-required-label\" aria-hidden=\"true\">*<\/span><\/label><textarea id=\"wpforms-112-field_16\" class=\"wpforms-field-medium wpforms-field-required\" name=\"wpforms[fields][16]\" aria-errormessage=\"wpforms-112-field_16-error\" aria-describedby=\"wpforms-112-field_16-description\" required><\/textarea><div id=\"wpforms-112-field_16-description\" class=\"wpforms-field-description\">(Schreibe hier, mit welcher Literatur du dich auf die Pr\u00fcfung vorbereitet hast.)\n<\/div><\/div><div id=\"wpforms-112-field_17-container\" class=\"wpforms-field wpforms-field-textarea\" data-field-id=\"17\"><label class=\"wpforms-field-label\" for=\"wpforms-112-field_17\">Thema der Pr\u00fcfung <span class=\"wpforms-required-label\" aria-hidden=\"true\">*<\/span><\/label><textarea id=\"wpforms-112-field_17\" class=\"wpforms-field-medium wpforms-field-required\" name=\"wpforms[fields][17]\" aria-errormessage=\"wpforms-112-field_17-error\" aria-describedby=\"wpforms-112-field_17-description\" required><\/textarea><div id=\"wpforms-112-field_17-description\" class=\"wpforms-field-description\">(Schreibe hier so viel Du willst \u00fcber die Pr\u00fcfung. Zeichnungen bitte beschreiben oder in der Fachschaft abgeben. F\u00fcr Ged\u00e4chtnisprotokolle von Klausuren, k\u00f6nnt ihr hier gerne auch Aufgaben auflisten.)<\/div><\/div><div id=\"wpforms-112-field_18-container\" class=\"wpforms-field wpforms-field-textarea\" data-field-id=\"18\"><label class=\"wpforms-field-label\" for=\"wpforms-112-field_18\">Pr\u00fcfungsverlauf <span class=\"wpforms-required-label\" aria-hidden=\"true\">*<\/span><\/label><textarea id=\"wpforms-112-field_18\" class=\"wpforms-field-medium wpforms-field-required\" name=\"wpforms[fields][18]\" aria-errormessage=\"wpforms-112-field_18-error\" aria-describedby=\"wpforms-112-field_18-description\" required><\/textarea><div id=\"wpforms-112-field_18-description\" class=\"wpforms-field-description\">(Konntest Du die Pr\u00fcfung beeinflussen, hast das Thema vielleicht sogar selbst entwickelt? Wurden nur Definitionen abgefragt? Lie\u00df Dich der Pr\u00fcfer ausreden? Hattest Du genug Zeit? Waren die Fragen verst\u00e4ndlich?)<\/div><\/div><div id=\"wpforms-112-field_19-container\" class=\"wpforms-field wpforms-field-textarea\" data-field-id=\"19\"><label class=\"wpforms-field-label\" for=\"wpforms-112-field_19\">Pr\u00fcfungsatmosph\u00e4re <span class=\"wpforms-required-label\" aria-hidden=\"true\">*<\/span><\/label><textarea id=\"wpforms-112-field_19\" class=\"wpforms-field-medium wpforms-field-required\" name=\"wpforms[fields][19]\" aria-errormessage=\"wpforms-112-field_19-error\" aria-describedby=\"wpforms-112-field_19-description\" required><\/textarea><div id=\"wpforms-112-field_19-description\" class=\"wpforms-field-description\">(Beschreibe kurz die Stimmung der Pr\u00fcfung [locker, angespannt, angenehm, &#8230;])\n<\/div><\/div><div id=\"wpforms-112-field_21-container\" class=\"wpforms-field wpforms-field-text\" data-field-id=\"21\"><label class=\"wpforms-field-label\" for=\"wpforms-112-field_21\">Wie reagierte der Pr\u00fcfer, wenn du die Antwort nicht (sofort) wusstest? <span class=\"wpforms-required-label\" aria-hidden=\"true\">*<\/span><\/label><input type=\"text\" id=\"wpforms-112-field_21\" class=\"wpforms-field-medium wpforms-field-required\" name=\"wpforms[fields][21]\" aria-errormessage=\"wpforms-112-field_21-error\" aria-describedby=\"wpforms-112-field_21-description\" required><div id=\"wpforms-112-field_21-description\" class=\"wpforms-field-description\">(Waren die Pr\u00fcfer dann nerv\u00f6s? Lassen Sie genug Zeit um nachzudenken? Geben Sie einen Tipp oder stellen Hilfsfragen? Konntest Du nachfragen, wenn Du die Frage nicht verstanden hast? Hatten Sie Verst\u00e4ndnis daf\u00fcr?)<\/div><\/div><div id=\"wpforms-112-field_22-container\" class=\"wpforms-field wpforms-field-text\" data-field-id=\"22\"><label class=\"wpforms-field-label\" for=\"wpforms-112-field_22\">Bist Du mit der Benotung zufrieden? <span class=\"wpforms-required-label\" aria-hidden=\"true\">*<\/span><\/label><input type=\"text\" id=\"wpforms-112-field_22\" class=\"wpforms-field-medium wpforms-field-required\" name=\"wpforms[fields][22]\" aria-errormessage=\"wpforms-112-field_22-error\" required><\/div><div id=\"wpforms-112-field_23-container\" class=\"wpforms-field wpforms-field-checkbox\" data-field-id=\"23\"><fieldset><legend class=\"wpforms-field-label\">Datenschutzhinweise <span class=\"wpforms-required-label\" aria-hidden=\"true\">*<\/span><\/legend><ul id=\"wpforms-112-field_23\" class=\"wpforms-field-required\"><li class=\"choice-3 depth-1\"><input type=\"checkbox\" id=\"wpforms-112-field_23_3\" name=\"wpforms[fields][23][]\" value=\"Ich stimme den unten stehenden Datenschutzbedingungen zu\" aria-errormessage=\"wpforms-112-field_23_3-error\" aria-describedby=\"wpforms-112-field_23-description\" required ><label class=\"wpforms-field-label-inline\" for=\"wpforms-112-field_23_3\">Ich stimme den unten stehenden Datenschutzbedingungen zu<\/label><\/li><\/ul><div id=\"wpforms-112-field_23-description\" class=\"wpforms-field-description\">Die Empf\u00e4nger dieses Dokuments sind dazu angehalten, es nicht au\u00dferhalb der verfassten Studierendenschaft weiterzugeben. Nach Nutzung ist es in digitaler Form zu l\u00f6schen bzw. in analoger Form zu vernichten.\nDie Ausf\u00fcllende Person erkl\u00e4rt sich mit der anonymen Verbreitung der obenstehenden Daten in Form von Altprotokollen einverstanden. Die Daten werden somit zeitlich unbegrenzt von der Fachschaft f\u00fcr Chemie und Biowissenschaften gespeichert. Sie werden ausschlie\u00dflich an Studenten relevanter Studieng\u00e4nge am KIT weitergegeben. Auf Anfrage  wird die Weitergabe der Daten beendet und eine vollst\u00e4ndige L\u00f6schung auf Speichermedien der Fachschaft f\u00fcr Chemie und Biowissenschaften vollzogen.\n<\/div><\/fieldset><\/div><\/div><!-- .wpforms-field-container --><div class=\"wpforms-submit-container\" ><input type=\"hidden\" name=\"wpforms[id]\" value=\"112\"><input type=\"hidden\" name=\"page_title\" value=\"\"><input type=\"hidden\" name=\"page_url\" value=\"https:\/\/fs-chembio.kit.edu\/en\/wp-json\/wp\/v2\/pages\/50\"><input type=\"hidden\" name=\"url_referer\" value=\"\"><button type=\"submit\" name=\"wpforms[submit]\" id=\"wpforms-submit-112\" class=\"wpforms-submit\" data-alt-text=\"Wird gesendet\u00a0\u2026\" data-submit-text=\"Absenden\" aria-live=\"assertive\" value=\"wpforms-submit\">Absenden<\/button><img decoding=\"async\" src=\"https:\/\/fs-chembio.kit.edu\/wp-content\/plugins\/wpforms-lite\/assets\/images\/submit-spin.svg\" class=\"wpforms-submit-spinner\" style=\"display: none;\" width=\"26\" height=\"26\" alt=\"Loading\"><\/div><\/form><\/div>  <!-- .wpforms-container -->","protected":false},"excerpt":{"rendered":"","protected":false},"author":1,"featured_media":0,"parent":0,"menu_order":0,"comment_status":"closed","ping_status":"closed","template":"elementor_theme","meta":{"footnotes":""},"class_list":["post-50","page","type-page","status-publish","hentry"],"_links":{"self":[{"href":"https:\/\/fs-chembio.kit.edu\/en\/wp-json\/wp\/v2\/pages\/50","targetHints":{"allow":["GET"]}}],"collection":[{"href":"https:\/\/fs-chembio.kit.edu\/en\/wp-json\/wp\/v2\/pages"}],"about":[{"href":"https:\/\/fs-chembio.kit.edu\/en\/wp-json\/wp\/v2\/types\/page"}],"author":[{"embeddable":true,"href":"https:\/\/fs-chembio.kit.edu\/en\/wp-json\/wp\/v2\/users\/1"}],"replies":[{"embeddable":true,"href":"https:\/\/fs-chembio.kit.edu\/en\/wp-json\/wp\/v2\/comments?post=50"}],"version-history":[{"count":2,"href":"https:\/\/fs-chembio.kit.edu\/en\/wp-json\/wp\/v2\/pages\/50\/revisions"}],"predecessor-version":[{"id":124,"href":"https:\/\/fs-chembio.kit.edu\/en\/wp-json\/wp\/v2\/pages\/50\/revisions\/124"}],"wp:attachment":[{"href":"https:\/\/fs-chembio.kit.edu\/en\/wp-json\/wp\/v2\/media?parent=50"}],"curies":[{"name":"wp","href":"https:\/\/api.w.org\/{rel}","templated":true}]}}