{"id":52,"date":"2025-04-25T21:42:25","date_gmt":"2025-04-25T19:42:25","guid":{"rendered":"https:\/\/fs-chembio.kit.edu\/?page_id=52"},"modified":"2025-06-06T10:59:49","modified_gmt":"2025-06-06T08:59:49","slug":"ueber-uns","status":"publish","type":"page","link":"https:\/\/fs-chembio.kit.edu\/en\/ueber-uns\/","title":{"rendered":"About Us"},"content":{"rendered":"<div data-elementor-type=\"wp-page\" data-elementor-id=\"52\" class=\"elementor elementor-52\">\n\t\t\t\t<div class=\"elementor-element elementor-element-7339c15 e-flex e-con-boxed qodef-elementor-content-no e-con e-parent\" data-id=\"7339c15\" data-element_type=\"container\">\n\t\t\t\t\t<div class=\"e-con-inner\">\n\t\t\t\t<div class=\"elementor-element elementor-element-5e7f4bd elementor-widget elementor-widget-heading\" data-id=\"5e7f4bd\" data-element_type=\"widget\" data-widget_type=\"heading.default\">\n\t\t\t\t<div class=\"elementor-widget-container\">\n\t\t\t\t\t<h2 class=\"elementor-heading-title elementor-size-default\">The Fachschaft (Student Council)<\/h2>\t\t\t\t<\/div>\n\t\t\t\t<\/div>\n\t\t\t\t<div class=\"elementor-element elementor-element-0e4dddc elementor-widget elementor-widget-text-editor\" data-id=\"0e4dddc\" data-element_type=\"widget\" data-widget_type=\"text-editor.default\">\n\t\t\t\t<div class=\"elementor-widget-container\">\n\t\t\t\t\t\t\t\t\t<p>The Student Council for Chemistry and Biosciences represents the student body of our department (Department for Chemistry and Biosciences). We are a non-elected group of students that do volunteer work to help other students. This allows us to influence our studies directly and makes us a good first destination for help with general problems, old exam questions or other academic concerns.<\/p>\t\t\t\t\t\t\t\t<\/div>\n\t\t\t\t<\/div>\n\t\t\t\t<div class=\"elementor-element elementor-element-cd1bb2a elementor-widget elementor-widget-image\" data-id=\"cd1bb2a\" data-element_type=\"widget\" data-widget_type=\"image.default\">\n\t\t\t\t<div class=\"elementor-widget-container\">\n\t\t\t\t\t\t\t\t\t\t\t\t\t\t\t<img decoding=\"async\" src=\"https:\/\/fs-chembio.kit.edu\/wp-content\/plugins\/elementor\/assets\/images\/placeholder.png\" title=\"\" alt=\"\" loading=\"lazy\" \/>\t\t\t\t\t\t\t\t\t\t\t\t\t\t\t<\/div>\n\t\t\t\t<\/div>\n\t\t\t\t<div class=\"elementor-element elementor-element-12f2b12 elementor-widget elementor-widget-text-editor\" data-id=\"12f2b12\" data-element_type=\"widget\" data-widget_type=\"text-editor.default\">\n\t\t\t\t<div class=\"elementor-widget-container\">\n\t\t\t\t\t\t\t\t\t<p>Currently, we offer office hours led by students from different degree program. During these office hours, we advise (future) students on the topics of class schedules, internships, lectures, degree programs, exams and other questions and concerns.<\/p><p>Furthermore, we have a collection of (oral) exam transcripts and old exam questions, that are available for the price of the paper used printing. Of course, we also reply to emails and do other administrative work.\u00a0<\/p><p><a href=\"https:\/\/fs-chembio.kit.edu\/en\/kontakt\/\">Click here to<\/a><a href=\"https:\/\/fs-chembio.kit.edu\/en\/kontakt\/\"> contact us!<\/a><\/p><p>We hold public meetings (every Wednesday at 6.30 PM), go on retreats every so often, organize parties or game nights and much more. Come by and get to know us!<\/p>\t\t\t\t\t\t\t\t<\/div>\n\t\t\t\t<\/div>\n\t\t\t\t\t<\/div>\n\t\t\t\t<\/div>\n\t\t\t\t<\/div>","protected":false},"excerpt":{"rendered":"<p>Die Fachschaft Die Fachschaft f\u00fcr Chemie und Biowissenschaften repr\u00e4sentiert die Studierenden unserer Fakult\u00e4t. Wir sind Studierende, die sich ehrenamtlich f\u00fcr andere Studierende einsetzen. So haben wir die M\u00f6glichkeit, das Studium ganz direkt mit zu beeinflussen und sind immer eine gute Ansprechstelle f\u00fcr alle m\u00f6glichen Probleme, Altklausuren oder sonstige Fragen zum Studium. Zur Zeit werden Sprechstunden &hellip; <a href=\"https:\/\/fs-chembio.kit.edu\/en\/ueber-uns\/\" class=\"more-link\">Continue reading <span class=\"screen-reader-text\">About Us<\/span> <span class=\"meta-nav\">&rarr;<\/span><\/a><\/p>","protected":false},"author":1,"featured_media":0,"parent":0,"menu_order":0,"comment_status":"closed","ping_status":"closed","template":"","meta":{"footnotes":""},"class_list":["post-52","page","type-page","status-publish","hentry"],"_links":{"self":[{"href":"https:\/\/fs-chembio.kit.edu\/en\/wp-json\/wp\/v2\/pages\/52","targetHints":{"allow":["GET"]}}],"collection":[{"href":"https:\/\/fs-chembio.kit.edu\/en\/wp-json\/wp\/v2\/pages"}],"about":[{"href":"https:\/\/fs-chembio.kit.edu\/en\/wp-json\/wp\/v2\/types\/page"}],"author":[{"embeddable":true,"href":"https:\/\/fs-chembio.kit.edu\/en\/wp-json\/wp\/v2\/users\/1"}],"replies":[{"embeddable":true,"href":"https:\/\/fs-chembio.kit.edu\/en\/wp-json\/wp\/v2\/comments?post=52"}],"version-history":[{"count":4,"href":"https:\/\/fs-chembio.kit.edu\/en\/wp-json\/wp\/v2\/pages\/52\/revisions"}],"predecessor-version":[{"id":423,"href":"https:\/\/fs-chembio.kit.edu\/en\/wp-json\/wp\/v2\/pages\/52\/revisions\/423"}],"wp:attachment":[{"href":"https:\/\/fs-chembio.kit.edu\/en\/wp-json\/wp\/v2\/media?parent=52"}],"curies":[{"name":"wp","href":"https:\/\/api.w.org\/{rel}","templated":true}]}}