{"id":58,"date":"2025-04-25T21:42:25","date_gmt":"2025-04-25T19:42:25","guid":{"rendered":"https:\/\/fs-chembio.kit.edu\/?page_id=58"},"modified":"2025-07-07T12:38:02","modified_gmt":"2025-07-07T10:38:02","slug":"faq","status":"publish","type":"page","link":"https:\/\/fs-chembio.kit.edu\/en\/faq\/","title":{"rendered":"FAQ"},"content":{"rendered":"<div data-elementor-type=\"wp-page\" data-elementor-id=\"58\" class=\"elementor elementor-58\">\n\t\t\t\t<div class=\"elementor-element elementor-element-5dfc707 e-flex e-con-boxed qodef-elementor-content-no e-con e-parent\" data-id=\"5dfc707\" data-element_type=\"container\">\n\t\t\t\t\t<div class=\"e-con-inner\">\n\t\t\t\t<div class=\"elementor-element elementor-element-d4712bc elementor-widget elementor-widget-heading\" data-id=\"d4712bc\" data-element_type=\"widget\" data-widget_type=\"heading.default\">\n\t\t\t\t<div class=\"elementor-widget-container\">\n\t\t\t\t\t<h3 class=\"elementor-heading-title elementor-size-default\">Overview<\/h3>\t\t\t\t<\/div>\n\t\t\t\t<\/div>\n\t\t\t\t<div class=\"elementor-element elementor-element-b80cf70 elementor-widget elementor-widget-text-editor\" data-id=\"b80cf70\" data-element_type=\"widget\" data-widget_type=\"text-editor.default\">\n\t\t\t\t<div class=\"elementor-widget-container\">\n\t\t\t\t\t\t\t\t\t<p>Here you will find answers to frequently asked questions.<\/p><p><a href=\"#fachschaft\">About the student council<\/a><br \/><a href=\"#sprechstunden\">About office hours<\/a><br \/><a href=\"#o-phase\">About orientation week (O-Phase)<\/a><br \/><a href=\"#sonstige\">Miscellaneous<\/a><\/p>\t\t\t\t\t\t\t\t<\/div>\n\t\t\t\t<\/div>\n\t\t\t\t\t<\/div>\n\t\t\t\t<\/div>\n\t\t<div class=\"elementor-element elementor-element-3103502 e-flex e-con-boxed qodef-elementor-content-no e-con e-parent\" data-id=\"3103502\" data-element_type=\"container\">\n\t\t\t\t\t<div class=\"e-con-inner\">\n\t\t\t\t<div class=\"elementor-element elementor-element-860cabd elementor-widget elementor-widget-menu-anchor\" data-id=\"860cabd\" data-element_type=\"widget\" data-widget_type=\"menu-anchor.default\">\n\t\t\t\t<div class=\"elementor-widget-container\">\n\t\t\t\t\t\t\t<div class=\"elementor-menu-anchor\" id=\"fachschaft\"><\/div>\n\t\t\t\t\t\t<\/div>\n\t\t\t\t<\/div>\n\t\t\t\t<div class=\"elementor-element elementor-element-b97898a elementor-widget elementor-widget-heading\" data-id=\"b97898a\" data-element_type=\"widget\" data-widget_type=\"heading.default\">\n\t\t\t\t<div class=\"elementor-widget-container\">\n\t\t\t\t\t<h4 class=\"elementor-heading-title elementor-size-default\">Questions about the student council and its work<\/h4>\t\t\t\t<\/div>\n\t\t\t\t<\/div>\n\t\t\t\t\t<\/div>\n\t\t\t\t<\/div>\n\t\t<div class=\"elementor-element elementor-element-8a7cfa5 e-flex e-con-boxed qodef-elementor-content-no e-con e-parent\" data-id=\"8a7cfa5\" data-element_type=\"container\">\n\t\t\t\t\t<div class=\"e-con-inner\">\n\t\t\t\t<div class=\"elementor-element elementor-element-7387a3e elementor-widget-divider--view-line elementor-widget elementor-widget-divider\" data-id=\"7387a3e\" data-element_type=\"widget\" data-widget_type=\"divider.default\">\n\t\t\t\t<div class=\"elementor-widget-container\">\n\t\t\t\t\t\t\t<div class=\"elementor-divider\">\n\t\t\t<span class=\"elementor-divider-separator\">\n\t\t\t\t\t\t<\/span>\n\t\t<\/div>\n\t\t\t\t\t\t<\/div>\n\t\t\t\t<\/div>\n\t\t\t\t<div class=\"elementor-element elementor-element-4f54cad elementor-widget elementor-widget-heading\" data-id=\"4f54cad\" data-element_type=\"widget\" data-widget_type=\"heading.default\">\n\t\t\t\t<div class=\"elementor-widget-container\">\n\t\t\t\t\t<h5 class=\"elementor-heading-title elementor-size-default\">Why does the student council for chemistry and life sciences exist?<\/h5>\t\t\t\t<\/div>\n\t\t\t\t<\/div>\n\t\t\t\t<div class=\"elementor-element elementor-element-878a5b5 elementor-widget elementor-widget-text-editor\" data-id=\"878a5b5\" data-element_type=\"widget\" data-widget_type=\"text-editor.default\">\n\t\t\t\t<div class=\"elementor-widget-container\">\n\t\t\t\t\t\t\t\t\t<p>If you compare the Faculty of Chemistry and Biosciences to a company, then the student council would be the department\u2019s student union. Among other things, we represent the opinions and interests of\u00a0<strong>all<\/strong>\u00a0students in our department to the faculty in various committees. In this context, we try to help shape the day-to-day running of the degree programs as much as possible and thereby also simplify them. We are a point of contact for almost all questions relating to your studies. In addition, we also perform other tasks, some of which we have listed and briefly described here:<\/p><p><u>Contacts with other university institutions:<br \/><\/u>The student council maintains contact with other student councils and universities. This helps us obtain information about general university policy or overarching activities.\u00a0<\/p><p><u>Representation of interests<\/u>\u00a0<br \/>If problems occur with internship supervisors, lecturers, and other individuals or institutions, the student council attempts to negotiate with them in the interests of the students and find solutions.\u00a0<\/p><p><u>Collection point<br \/><\/u>The student council accepts suggestions for improvement, criticism, praise, and complaints of all kinds and forwards them to the relevant authorities (including ourselves). In general, we are responsible for representing the interests of all students at the department and are therefore always there if you have any questions or problems. We\u2019re looking forward to your visit!<\/p>\t\t\t\t\t\t\t\t<\/div>\n\t\t\t\t<\/div>\n\t\t\t\t\t<\/div>\n\t\t\t\t<\/div>\n\t\t<div class=\"elementor-element elementor-element-d190c11 e-flex e-con-boxed qodef-elementor-content-no e-con e-parent\" data-id=\"d190c11\" data-element_type=\"container\">\n\t\t\t\t\t<div class=\"e-con-inner\">\n\t\t\t\t<div class=\"elementor-element elementor-element-ce6e0f7 elementor-widget-divider--view-line elementor-widget elementor-widget-divider\" data-id=\"ce6e0f7\" data-element_type=\"widget\" data-widget_type=\"divider.default\">\n\t\t\t\t<div class=\"elementor-widget-container\">\n\t\t\t\t\t\t\t<div class=\"elementor-divider\">\n\t\t\t<span class=\"elementor-divider-separator\">\n\t\t\t\t\t\t<\/span>\n\t\t<\/div>\n\t\t\t\t\t\t<\/div>\n\t\t\t\t<\/div>\n\t\t\t\t<div class=\"elementor-element elementor-element-9770f51 elementor-widget elementor-widget-heading\" data-id=\"9770f51\" data-element_type=\"widget\" data-widget_type=\"heading.default\">\n\t\t\t\t<div class=\"elementor-widget-container\">\n\t\t\t\t\t<h5 class=\"elementor-heading-title elementor-size-default\">How can I get involved?<\/h5>\t\t\t\t<\/div>\n\t\t\t\t<\/div>\n\t\t\t\t<div class=\"elementor-element elementor-element-d5c6f71 elementor-widget elementor-widget-text-editor\" data-id=\"d5c6f71\" data-element_type=\"widget\" data-widget_type=\"text-editor.default\">\n\t\t\t\t<div class=\"elementor-widget-container\">\n\t\t\t\t\t\t\t\t\t<p>Just come by a student council meeting! These are always held on Wednesdays at 6.30 PM during the lecture period (and on the first Wednesday of the month during the lecture-free period). If you\u2019d like to find out more about what we do beforehand, feel free to come by one of our office hours, send us an email (fschembio@lists.kit.edu), or simply contact us on\u00a0<strong><a title=\"https:\/\/discord.gg\/AgGUemB\" href=\"https:\/\/discord.gg\/AgGUemB\" target=\"_blank\" rel=\"noopener\">Discord server<\/a><\/strong>.<\/p>\t\t\t\t\t\t\t\t<\/div>\n\t\t\t\t<\/div>\n\t\t\t\t\t<\/div>\n\t\t\t\t<\/div>\n\t\t<div class=\"elementor-element elementor-element-a2f07b9 e-flex e-con-boxed qodef-elementor-content-no e-con e-parent\" data-id=\"a2f07b9\" data-element_type=\"container\">\n\t\t\t\t\t<div class=\"e-con-inner\">\n\t\t\t\t<div class=\"elementor-element elementor-element-73f4b41 elementor-widget-divider--view-line elementor-widget elementor-widget-divider\" data-id=\"73f4b41\" data-element_type=\"widget\" data-widget_type=\"divider.default\">\n\t\t\t\t<div class=\"elementor-widget-container\">\n\t\t\t\t\t\t\t<div class=\"elementor-divider\">\n\t\t\t<span class=\"elementor-divider-separator\">\n\t\t\t\t\t\t<\/span>\n\t\t<\/div>\n\t\t\t\t\t\t<\/div>\n\t\t\t\t<\/div>\n\t\t\t\t<div class=\"elementor-element elementor-element-a32b50e elementor-widget elementor-widget-heading\" data-id=\"a32b50e\" data-element_type=\"widget\" data-widget_type=\"heading.default\">\n\t\t\t\t<div class=\"elementor-widget-container\">\n\t\t\t\t\t<h5 class=\"elementor-heading-title elementor-size-default\">How does a student council meeting work?<\/h5>\t\t\t\t<\/div>\n\t\t\t\t<\/div>\n\t\t\t\t<div class=\"elementor-element elementor-element-01fdbda elementor-widget elementor-widget-text-editor\" data-id=\"01fdbda\" data-element_type=\"widget\" data-widget_type=\"text-editor.default\">\n\t\t\t\t<div class=\"elementor-widget-container\">\n\t\t\t\t\t\t\t\t\t<p>Our regular meetings always start at 6.30 PM, but we usually meet a little earlier to chat in the student council room. The aim of the meeting is to discuss reports and topics submitted in advance. These can cover a wide area of university life, and any faculty member can submit a topic, even if they have never been involved with the student council before. The topics submitted are announced before the meeting via email and on the Discord news channel.<\/p><p>With advance notice, department student assemblies are occasionally held for which all students of the faculty are explicitly invited. These meetings are used to make fundamental decisions, such as approving our budget or nominating election candidates.<\/p>\t\t\t\t\t\t\t\t<\/div>\n\t\t\t\t<\/div>\n\t\t\t\t\t<\/div>\n\t\t\t\t<\/div>\n\t\t<div class=\"elementor-element elementor-element-ab2ff76 e-flex e-con-boxed qodef-elementor-content-no e-con e-parent\" data-id=\"ab2ff76\" data-element_type=\"container\">\n\t\t\t\t\t<div class=\"e-con-inner\">\n\t\t\t\t<div class=\"elementor-element elementor-element-238d48b elementor-widget-divider--view-line elementor-widget elementor-widget-divider\" data-id=\"238d48b\" data-element_type=\"widget\" data-widget_type=\"divider.default\">\n\t\t\t\t<div class=\"elementor-widget-container\">\n\t\t\t\t\t\t\t<div class=\"elementor-divider\">\n\t\t\t<span class=\"elementor-divider-separator\">\n\t\t\t\t\t\t<\/span>\n\t\t<\/div>\n\t\t\t\t\t\t<\/div>\n\t\t\t\t<\/div>\n\t\t\t\t<div class=\"elementor-element elementor-element-d4f68eb elementor-widget elementor-widget-heading\" data-id=\"d4f68eb\" data-element_type=\"widget\" data-widget_type=\"heading.default\">\n\t\t\t\t<div class=\"elementor-widget-container\">\n\t\t\t\t\t<h5 class=\"elementor-heading-title elementor-size-default\">What committees are there?<\/h5>\t\t\t\t<\/div>\n\t\t\t\t<\/div>\n\t\t\t\t<div class=\"elementor-element elementor-element-53d7d14 elementor-widget elementor-widget-text-editor\" data-id=\"53d7d14\" data-element_type=\"widget\" data-widget_type=\"text-editor.default\">\n\t\t\t\t<div class=\"elementor-widget-container\">\n\t\t\t\t\t\t\t\t\t<p>We provide student representative for the following committees: study commissions, examination commissions, appointment commissions, the student council conference, the department council, and senate commissions. Among other things, this is done to give the student body a say in matters of department and university policy, the creation of examination and study regulations, the appointment of professors, and other personnel decisions.\u00a0\u00a0<\/p>\t\t\t\t\t\t\t\t<\/div>\n\t\t\t\t<\/div>\n\t\t\t\t\t<\/div>\n\t\t\t\t<\/div>\n\t\t<div class=\"elementor-element elementor-element-562d71e e-flex e-con-boxed qodef-elementor-content-no e-con e-parent\" data-id=\"562d71e\" data-element_type=\"container\">\n\t\t\t\t\t<div class=\"e-con-inner\">\n\t\t\t\t<div class=\"elementor-element elementor-element-79b33dd elementor-widget elementor-widget-menu-anchor\" data-id=\"79b33dd\" data-element_type=\"widget\" data-widget_type=\"menu-anchor.default\">\n\t\t\t\t<div class=\"elementor-widget-container\">\n\t\t\t\t\t\t\t<div class=\"elementor-menu-anchor\" id=\"sprechstunden\"><\/div>\n\t\t\t\t\t\t<\/div>\n\t\t\t\t<\/div>\n\t\t\t\t<div class=\"elementor-element elementor-element-b919432 elementor-widget elementor-widget-heading\" data-id=\"b919432\" data-element_type=\"widget\" data-widget_type=\"heading.default\">\n\t\t\t\t<div class=\"elementor-widget-container\">\n\t\t\t\t\t<h4 class=\"elementor-heading-title elementor-size-default\">Questions about our office hours and services<\/h4>\t\t\t\t<\/div>\n\t\t\t\t<\/div>\n\t\t\t\t\t<\/div>\n\t\t\t\t<\/div>\n\t\t<div class=\"elementor-element elementor-element-81b1d96 e-flex e-con-boxed qodef-elementor-content-no e-con e-parent\" data-id=\"81b1d96\" data-element_type=\"container\">\n\t\t\t\t\t<div class=\"e-con-inner\">\n\t\t\t\t<div class=\"elementor-element elementor-element-287e264 elementor-widget-divider--view-line elementor-widget elementor-widget-divider\" data-id=\"287e264\" data-element_type=\"widget\" data-widget_type=\"divider.default\">\n\t\t\t\t<div class=\"elementor-widget-container\">\n\t\t\t\t\t\t\t<div class=\"elementor-divider\">\n\t\t\t<span class=\"elementor-divider-separator\">\n\t\t\t\t\t\t<\/span>\n\t\t<\/div>\n\t\t\t\t\t\t<\/div>\n\t\t\t\t<\/div>\n\t\t\t\t<div class=\"elementor-element elementor-element-145f397 elementor-widget elementor-widget-heading\" data-id=\"145f397\" data-element_type=\"widget\" data-widget_type=\"heading.default\">\n\t\t\t\t<div class=\"elementor-widget-container\">\n\t\t\t\t\t<h5 class=\"elementor-heading-title elementor-size-default\">What do we offer during our office hours?<\/h5>\t\t\t\t<\/div>\n\t\t\t\t<\/div>\n\t\t\t\t<div class=\"elementor-element elementor-element-aee7f92 elementor-widget elementor-widget-text-editor\" data-id=\"aee7f92\" data-element_type=\"widget\" data-widget_type=\"text-editor.default\">\n\t\t\t\t<div class=\"elementor-widget-container\">\n\t\t\t\t\t\t\t\t\t<p>Our office hours are held daily from Monday to Friday during the lecture period (always on Wednesdays during the lecture-free period). You can find the hours on our door or at the bottom of our website. Currently, we offer office hours led by students from different degree programs. During these office hours, we advise (future) students on the topics of class schedules, internships, lectures, degree programs, exams and other questions and concerns. Furthermore, we have a collection of (oral) exam transcripts and old exam questions, that are available for the price of the paper used printing. Of course, we also reply to emails and do other administrative work.\u00a0<\/p>\t\t\t\t\t\t\t\t<\/div>\n\t\t\t\t<\/div>\n\t\t\t\t\t<\/div>\n\t\t\t\t<\/div>\n\t\t<div class=\"elementor-element elementor-element-8f541ee e-flex e-con-boxed qodef-elementor-content-no e-con e-parent\" data-id=\"8f541ee\" data-element_type=\"container\">\n\t\t\t\t\t<div class=\"e-con-inner\">\n\t\t\t\t<div class=\"elementor-element elementor-element-9b97cfc elementor-widget-divider--view-line elementor-widget elementor-widget-divider\" data-id=\"9b97cfc\" data-element_type=\"widget\" data-widget_type=\"divider.default\">\n\t\t\t\t<div class=\"elementor-widget-container\">\n\t\t\t\t\t\t\t<div class=\"elementor-divider\">\n\t\t\t<span class=\"elementor-divider-separator\">\n\t\t\t\t\t\t<\/span>\n\t\t<\/div>\n\t\t\t\t\t\t<\/div>\n\t\t\t\t<\/div>\n\t\t\t\t<div class=\"elementor-element elementor-element-88338f3 elementor-widget elementor-widget-heading\" data-id=\"88338f3\" data-element_type=\"widget\" data-widget_type=\"heading.default\">\n\t\t\t\t<div class=\"elementor-widget-container\">\n\t\t\t\t\t<h5 class=\"elementor-heading-title elementor-size-default\">Where can I get exam transcripts and exams?<\/h5>\t\t\t\t<\/div>\n\t\t\t\t<\/div>\n\t\t\t\t<div class=\"elementor-element elementor-element-1822a61 elementor-widget elementor-widget-text-editor\" data-id=\"1822a61\" data-element_type=\"widget\" data-widget_type=\"text-editor.default\">\n\t\t\t\t<div class=\"elementor-widget-container\">\n\t\t\t\t\t\t\t\t\t<p>Exam transcripts and old exams from previous semesters are available. These can be printed out for \u20ac0.05 per double page. These make exam preparation much easier, but only works if the transcripts and exams are submitted to the student council!<\/p><p>We do not have any lecture notes, exercise sheets, practical protocols or solutions.<\/p>\t\t\t\t\t\t\t\t<\/div>\n\t\t\t\t<\/div>\n\t\t\t\t\t<\/div>\n\t\t\t\t<\/div>\n\t\t<div class=\"elementor-element elementor-element-757a76c e-flex e-con-boxed qodef-elementor-content-no e-con e-parent\" data-id=\"757a76c\" data-element_type=\"container\">\n\t\t\t\t\t<div class=\"e-con-inner\">\n\t\t\t\t<div class=\"elementor-element elementor-element-46d40b1 elementor-widget elementor-widget-menu-anchor\" data-id=\"46d40b1\" data-element_type=\"widget\" data-widget_type=\"menu-anchor.default\">\n\t\t\t\t<div class=\"elementor-widget-container\">\n\t\t\t\t\t\t\t<div class=\"elementor-menu-anchor\" id=\"o-phase\"><\/div>\n\t\t\t\t\t\t<\/div>\n\t\t\t\t<\/div>\n\t\t\t\t<div class=\"elementor-element elementor-element-3945a41 elementor-widget elementor-widget-heading\" data-id=\"3945a41\" data-element_type=\"widget\" data-widget_type=\"heading.default\">\n\t\t\t\t<div class=\"elementor-widget-container\">\n\t\t\t\t\t<h4 class=\"elementor-heading-title elementor-size-default\">Questions about the orientation phase and starting your studies<\/h4>\t\t\t\t<\/div>\n\t\t\t\t<\/div>\n\t\t\t\t\t<\/div>\n\t\t\t\t<\/div>\n\t\t<div class=\"elementor-element elementor-element-bab082d e-flex e-con-boxed qodef-elementor-content-no e-con e-parent\" data-id=\"bab082d\" data-element_type=\"container\">\n\t\t\t\t\t<div class=\"e-con-inner\">\n\t\t\t\t<div class=\"elementor-element elementor-element-b5c5ad1 elementor-widget-divider--view-line elementor-widget elementor-widget-divider\" data-id=\"b5c5ad1\" data-element_type=\"widget\" data-widget_type=\"divider.default\">\n\t\t\t\t<div class=\"elementor-widget-container\">\n\t\t\t\t\t\t\t<div class=\"elementor-divider\">\n\t\t\t<span class=\"elementor-divider-separator\">\n\t\t\t\t\t\t<\/span>\n\t\t<\/div>\n\t\t\t\t\t\t<\/div>\n\t\t\t\t<\/div>\n\t\t\t\t<div class=\"elementor-element elementor-element-1896be0 elementor-widget elementor-widget-heading\" data-id=\"1896be0\" data-element_type=\"widget\" data-widget_type=\"heading.default\">\n\t\t\t\t<div class=\"elementor-widget-container\">\n\t\t\t\t\t<h5 class=\"elementor-heading-title elementor-size-default\">What is orientation week (\u201cO-Phase\u201d)?<\/h5>\t\t\t\t<\/div>\n\t\t\t\t<\/div>\n\t\t\t\t<div class=\"elementor-element elementor-element-1649eb7 elementor-widget elementor-widget-text-editor\" data-id=\"1649eb7\" data-element_type=\"widget\" data-widget_type=\"text-editor.default\">\n\t\t\t\t<div class=\"elementor-widget-container\">\n\t\t\t\t\t\t\t\t\t<p>The orientation week (O-Phase) is a multi-day introductory event for our first-year students to help them get started with their studies. We are always looking for tutors from all of our degree programs to help approximately 300 first-year students take their first steps in their studies and show them what student life is like. Feel free to join us! You can find more information\u00a0<strong><a title=\"Orientation Week\" href=\"https:\/\/fs-chembio.kit.edu\/en\/o-phase\/\">here<\/a><\/strong>.<\/p>\t\t\t\t\t\t\t\t<\/div>\n\t\t\t\t<\/div>\n\t\t\t\t\t<\/div>\n\t\t\t\t<\/div>\n\t\t<div class=\"elementor-element elementor-element-bd058e3 e-flex e-con-boxed qodef-elementor-content-no e-con e-parent\" data-id=\"bd058e3\" data-element_type=\"container\">\n\t\t\t\t\t<div class=\"e-con-inner\">\n\t\t\t\t<div class=\"elementor-element elementor-element-91ac9cc elementor-widget-divider--view-line elementor-widget elementor-widget-divider\" data-id=\"91ac9cc\" data-element_type=\"widget\" data-widget_type=\"divider.default\">\n\t\t\t\t<div class=\"elementor-widget-container\">\n\t\t\t\t\t\t\t<div class=\"elementor-divider\">\n\t\t\t<span class=\"elementor-divider-separator\">\n\t\t\t\t\t\t<\/span>\n\t\t<\/div>\n\t\t\t\t\t\t<\/div>\n\t\t\t\t<\/div>\n\t\t\t\t<div class=\"elementor-element elementor-element-393844a elementor-widget elementor-widget-heading\" data-id=\"393844a\" data-element_type=\"widget\" data-widget_type=\"heading.default\">\n\t\t\t\t<div class=\"elementor-widget-container\">\n\t\t\t\t\t<h5 class=\"elementor-heading-title elementor-size-default\">What are Uni for Beginners, Girl\u2019s Day, Campus Day, etc.?<\/h5>\t\t\t\t<\/div>\n\t\t\t\t<\/div>\n\t\t\t\t<div class=\"elementor-element elementor-element-79bdf7a elementor-widget elementor-widget-text-editor\" data-id=\"79bdf7a\" data-element_type=\"widget\" data-widget_type=\"text-editor.default\">\n\t\t\t\t<div class=\"elementor-widget-container\">\n\t\t\t\t\t\t\t\t\t<p>Events are regularly planned to present the department and the university with the aim of informing and recruiting future students. For some of these, the student council is involved in organizing and carrying them out, in particular Campus Day. The work involved ranges from making coffee to giving tours of the campus.<\/p>\t\t\t\t\t\t\t\t<\/div>\n\t\t\t\t<\/div>\n\t\t\t\t\t<\/div>\n\t\t\t\t<\/div>\n\t\t<div class=\"elementor-element elementor-element-4807818 e-flex e-con-boxed qodef-elementor-content-no e-con e-parent\" data-id=\"4807818\" data-element_type=\"container\">\n\t\t\t\t\t<div class=\"e-con-inner\">\n\t\t\t\t<div class=\"elementor-element elementor-element-9a6f2cc elementor-widget elementor-widget-menu-anchor\" data-id=\"9a6f2cc\" data-element_type=\"widget\" data-widget_type=\"menu-anchor.default\">\n\t\t\t\t<div class=\"elementor-widget-container\">\n\t\t\t\t\t\t\t<div class=\"elementor-menu-anchor\" id=\"sonstige\"><\/div>\n\t\t\t\t\t\t<\/div>\n\t\t\t\t<\/div>\n\t\t\t\t<div class=\"elementor-element elementor-element-df17f41 elementor-widget elementor-widget-heading\" data-id=\"df17f41\" data-element_type=\"widget\" data-widget_type=\"heading.default\">\n\t\t\t\t<div class=\"elementor-widget-container\">\n\t\t\t\t\t<h4 class=\"elementor-heading-title elementor-size-default\">Other questions<\/h4>\t\t\t\t<\/div>\n\t\t\t\t<\/div>\n\t\t\t\t\t<\/div>\n\t\t\t\t<\/div>\n\t\t<div class=\"elementor-element elementor-element-8dbcd1b e-flex e-con-boxed qodef-elementor-content-no e-con e-parent\" data-id=\"8dbcd1b\" data-element_type=\"container\">\n\t\t\t\t\t<div class=\"e-con-inner\">\n\t\t\t\t<div class=\"elementor-element elementor-element-c06bb0c elementor-widget-divider--view-line elementor-widget elementor-widget-divider\" data-id=\"c06bb0c\" data-element_type=\"widget\" data-widget_type=\"divider.default\">\n\t\t\t\t<div class=\"elementor-widget-container\">\n\t\t\t\t\t\t\t<div class=\"elementor-divider\">\n\t\t\t<span class=\"elementor-divider-separator\">\n\t\t\t\t\t\t<\/span>\n\t\t<\/div>\n\t\t\t\t\t\t<\/div>\n\t\t\t\t<\/div>\n\t\t\t\t<div class=\"elementor-element elementor-element-324e66f elementor-widget elementor-widget-heading\" data-id=\"324e66f\" data-element_type=\"widget\" data-widget_type=\"heading.default\">\n\t\t\t\t<div class=\"elementor-widget-container\">\n\t\t\t\t\t<h5 class=\"elementor-heading-title elementor-size-default\">Can I put up notices on your bulletin board?<\/h5>\t\t\t\t<\/div>\n\t\t\t\t<\/div>\n\t\t\t\t<div class=\"elementor-element elementor-element-57e8594 elementor-widget elementor-widget-text-editor\" data-id=\"57e8594\" data-element_type=\"widget\" data-widget_type=\"text-editor.default\">\n\t\t\t\t<div class=\"elementor-widget-container\">\n\t\t\t\t\t\t\t\t\t<p>We publish job advertisements and event notices on the bulletin board on our website. In addition, all types of notices can be posted in consultation with us: sale of laboratory equipment and textbooks, apartment hunting, student assistant positions, diploma and doctoral theses, sporting and cultural events, trade fairs, tutoring, study groups, and much more.<\/p>\t\t\t\t\t\t\t\t<\/div>\n\t\t\t\t<\/div>\n\t\t\t\t\t<\/div>\n\t\t\t\t<\/div>\n\t\t\t\t<\/div>","protected":false},"excerpt":{"rendered":"<p>\u00dcberblick Hier findest du Antworten auf h\u00e4ufig gestellte Fragen. Rund um die FachschaftRund um SprechstundenRund um die O-PhaseSonstige Fragen rund um die Fachschaft und ihre Arbeit Wozu gibt es \u00fcberhaupt die Fachschaft f\u00fcr Chemie und Biowissenschaften? Vergleicht man die Fakult\u00e4t f\u00fcr Chemie und Biowissenschaften mit einem Betrieb, dann w\u00e4re die Fachschaft die Gewerkschaft der Fakult\u00e4t. &hellip; <a href=\"https:\/\/fs-chembio.kit.edu\/en\/faq\/\" class=\"more-link\">Continue reading <span class=\"screen-reader-text\">FAQ<\/span> <span class=\"meta-nav\">&rarr;<\/span><\/a><\/p>","protected":false},"author":1,"featured_media":0,"parent":0,"menu_order":0,"comment_status":"closed","ping_status":"closed","template":"","meta":{"footnotes":""},"class_list":["post-58","page","type-page","status-publish","hentry"],"_links":{"self":[{"href":"https:\/\/fs-chembio.kit.edu\/en\/wp-json\/wp\/v2\/pages\/58","targetHints":{"allow":["GET"]}}],"collection":[{"href":"https:\/\/fs-chembio.kit.edu\/en\/wp-json\/wp\/v2\/pages"}],"about":[{"href":"https:\/\/fs-chembio.kit.edu\/en\/wp-json\/wp\/v2\/types\/page"}],"author":[{"embeddable":true,"href":"https:\/\/fs-chembio.kit.edu\/en\/wp-json\/wp\/v2\/users\/1"}],"replies":[{"embeddable":true,"href":"https:\/\/fs-chembio.kit.edu\/en\/wp-json\/wp\/v2\/comments?post=58"}],"version-history":[{"count":13,"href":"https:\/\/fs-chembio.kit.edu\/en\/wp-json\/wp\/v2\/pages\/58\/revisions"}],"predecessor-version":[{"id":593,"href":"https:\/\/fs-chembio.kit.edu\/en\/wp-json\/wp\/v2\/pages\/58\/revisions\/593"}],"wp:attachment":[{"href":"https:\/\/fs-chembio.kit.edu\/en\/wp-json\/wp\/v2\/media?parent=58"}],"curies":[{"name":"wp","href":"https:\/\/api.w.org\/{rel}","templated":true}]}}