{"id":724,"date":"2025-09-17T15:22:29","date_gmt":"2025-09-17T13:22:29","guid":{"rendered":"https:\/\/fs-chembio.kit.edu\/?page_id=724"},"modified":"2026-02-25T15:47:18","modified_gmt":"2026-02-25T14:47:18","slug":"stellenanzeigen","status":"publish","type":"page","link":"https:\/\/fs-chembio.kit.edu\/en\/stellenanzeigen\/","title":{"rendered":"Job Offers"},"content":{"rendered":"<div data-elementor-type=\"wp-page\" data-elementor-id=\"724\" class=\"elementor elementor-724\">\n\t\t\t\t<div class=\"elementor-element elementor-element-e344706 e-flex e-con-boxed qodef-elementor-content-no e-con e-parent\" data-id=\"e344706\" data-element_type=\"container\">\n\t\t\t\t\t<div class=\"e-con-inner\">\n\t\t\t\t<div class=\"elementor-element elementor-element-bcae889 elementor-widget-divider--view-line elementor-widget elementor-widget-divider\" data-id=\"bcae889\" data-element_type=\"widget\" data-widget_type=\"divider.default\">\n\t\t\t\t<div class=\"elementor-widget-container\">\n\t\t\t\t\t\t\t<div class=\"elementor-divider\">\n\t\t\t<span class=\"elementor-divider-separator\">\n\t\t\t\t\t\t<\/span>\n\t\t<\/div>\n\t\t\t\t\t\t<\/div>\n\t\t\t\t<\/div>\n\t\t\t\t<div class=\"elementor-element elementor-element-1abfc21 elementor-widget elementor-widget-text-editor\" data-id=\"1abfc21\" data-element_type=\"widget\" data-widget_type=\"text-editor.default\">\n\t\t\t\t<div class=\"elementor-widget-container\">\n\t\t\t\t\t\t\t\t\t<p>Hier findet ihr Ausschreibungen f\u00fcr Bachelor-, Master-, und Doktorarbeiten, sowie andere Job-, und Stellenanzeigen.<br \/>Bitte schreibt uns eine kurze Mail an fschembio@lists.kit.edu (<strong><span style=\"background-color: #e6e6e6;\">Mit der Nutzung der Adresse erkl\u00e4rt sich der Absender einverstanden mit der kurzzeitigen Speicherung seiner E Mail Adresse zwecks Verfassung einer Antwortmail.<\/span><\/strong>), wenn euch zu Ohren kommt, dass eine der aufgef\u00fchrten Anzeigen bereits besetzt ist oder ihr selbst eine Stellenanzeige f\u00fcr uns habt. Wir freuen uns zu vermitteln!<\/p>\t\t\t\t\t\t\t\t<\/div>\n\t\t\t\t<\/div>\n\t\t\t\t\t<\/div>\n\t\t\t\t<\/div>\n\t\t<div class=\"elementor-element elementor-element-09f47c2 e-flex e-con-boxed qodef-elementor-content-no e-con e-parent\" data-id=\"09f47c2\" data-element_type=\"container\">\n\t\t\t\t\t<div class=\"e-con-inner\">\n\t\t\t\t<div class=\"elementor-element elementor-element-a113027 elementor-widget-divider--view-line elementor-widget elementor-widget-divider\" data-id=\"a113027\" data-element_type=\"widget\" data-widget_type=\"divider.default\">\n\t\t\t\t<div class=\"elementor-widget-container\">\n\t\t\t\t\t\t\t<div class=\"elementor-divider\">\n\t\t\t<span class=\"elementor-divider-separator\">\n\t\t\t\t\t\t<\/span>\n\t\t<\/div>\n\t\t\t\t\t\t<\/div>\n\t\t\t\t<\/div>\n\t\t\t\t<div class=\"elementor-element elementor-element-987644e elementor-widget elementor-widget-image\" data-id=\"987644e\" data-element_type=\"widget\" data-widget_type=\"image.default\">\n\t\t\t\t<div class=\"elementor-widget-container\">\n\t\t\t\t\t\t\t\t\t\t\t\t\t\t\t<img fetchpriority=\"high\" decoding=\"async\" width=\"604\" height=\"185\" src=\"https:\/\/fs-chembio.kit.edu\/wp-content\/uploads\/2025\/11\/website_banner_csa_1240380px_jobborse-1024x314.jpg\" class=\"attachment-large size-large wp-image-819\" alt=\"\" srcset=\"https:\/\/fs-chembio.kit.edu\/wp-content\/uploads\/2025\/11\/website_banner_csa_1240380px_jobborse-1024x314.jpg 1024w, https:\/\/fs-chembio.kit.edu\/wp-content\/uploads\/2025\/11\/website_banner_csa_1240380px_jobborse-300x92.jpg 300w, https:\/\/fs-chembio.kit.edu\/wp-content\/uploads\/2025\/11\/website_banner_csa_1240380px_jobborse-150x46.jpg 150w, https:\/\/fs-chembio.kit.edu\/wp-content\/uploads\/2025\/11\/website_banner_csa_1240380px_jobborse-768x235.jpg 768w, https:\/\/fs-chembio.kit.edu\/wp-content\/uploads\/2025\/11\/website_banner_csa_1240380px_jobborse.jpg 1240w\" sizes=\"(max-width: 604px) 100vw, 604px\" \/>\t\t\t\t\t\t\t\t\t\t\t\t\t\t\t<\/div>\n\t\t\t\t<\/div>\n\t\t\t\t<div class=\"elementor-element elementor-element-f983efa elementor-widget elementor-widget-text-editor\" data-id=\"f983efa\" data-element_type=\"widget\" data-widget_type=\"text-editor.default\">\n\t\t\t\t<div class=\"elementor-widget-container\">\n\t\t\t\t\t\t\t\t\t<p>Weitere Job- und Stellenanzeigen findet ihr auf der Seite vom Carrierservice:\u00a0<a href=\"https:\/\/www.careerservice.kit.edu\/de\/studierende\/jobboerse\/\">https:\/\/www.careerservice.kit.edu\/de\/studierende\/jobboerse\/<\/a><\/p>\t\t\t\t\t\t\t\t<\/div>\n\t\t\t\t<\/div>\n\t\t\t\t\t<\/div>\n\t\t\t\t<\/div>\n\t\t<div class=\"elementor-element elementor-element-1eacaf0 e-flex e-con-boxed qodef-elementor-content-no e-con e-parent\" data-id=\"1eacaf0\" data-element_type=\"container\">\n\t\t\t\t\t<div class=\"e-con-inner\">\n\t\t\t\t<div class=\"elementor-element elementor-element-9b4e53d elementor-widget-divider--view-line elementor-widget elementor-widget-divider\" data-id=\"9b4e53d\" data-element_type=\"widget\" data-widget_type=\"divider.default\">\n\t\t\t\t<div class=\"elementor-widget-container\">\n\t\t\t\t\t\t\t<div class=\"elementor-divider\">\n\t\t\t<span class=\"elementor-divider-separator\">\n\t\t\t\t\t\t<\/span>\n\t\t<\/div>\n\t\t\t\t\t\t<\/div>\n\t\t\t\t<\/div>\n\t\t\t\t<div class=\"elementor-element elementor-element-6f61889 elementor-widget elementor-widget-text-editor\" data-id=\"6f61889\" data-element_type=\"widget\" data-widget_type=\"text-editor.default\">\n\t\t\t\t<div class=\"elementor-widget-container\">\n\t\t\t\t\t\t\t\t\t<h3 id=\"cc-m-header-19679092825\" class=\"headline cc-m-header-inline-rte\" contenteditable=\"true\" data-action=\"header\" data-name=\"header\">Bachelor-, Master-, Doktorarbeiten:<\/h3>\t\t\t\t\t\t\t\t<\/div>\n\t\t\t\t<\/div>\n\t\t\t\t<div class=\"elementor-element elementor-element-1b04993 elementor-widget elementor-widget-image\" data-id=\"1b04993\" data-element_type=\"widget\" data-widget_type=\"image.default\">\n\t\t\t\t<div class=\"elementor-widget-container\">\n\t\t\t\t\t\t\t\t\t\t\t\t\t\t\t<img decoding=\"async\" width=\"604\" height=\"855\" src=\"https:\/\/fs-chembio.kit.edu\/wp-content\/uploads\/2025\/10\/MD_02-1-723x1024.jpg\" class=\"attachment-large size-large wp-image-758\" alt=\"\" srcset=\"https:\/\/fs-chembio.kit.edu\/wp-content\/uploads\/2025\/10\/MD_02-1-723x1024.jpg 723w, https:\/\/fs-chembio.kit.edu\/wp-content\/uploads\/2025\/10\/MD_02-1-212x300.jpg 212w, https:\/\/fs-chembio.kit.edu\/wp-content\/uploads\/2025\/10\/MD_02-1-106x150.jpg 106w, https:\/\/fs-chembio.kit.edu\/wp-content\/uploads\/2025\/10\/MD_02-1-768x1087.jpg 768w, https:\/\/fs-chembio.kit.edu\/wp-content\/uploads\/2025\/10\/MD_02-1-1085x1536.jpg 1085w, https:\/\/fs-chembio.kit.edu\/wp-content\/uploads\/2025\/10\/MD_02-1.jpg 1239w\" sizes=\"(max-width: 604px) 100vw, 604px\" \/>\t\t\t\t\t\t\t\t\t\t\t\t\t\t\t<\/div>\n\t\t\t\t<\/div>\n\t\t\t\t\t<\/div>\n\t\t\t\t<\/div>\n\t\t<div class=\"elementor-element elementor-element-fb30bf7 e-flex e-con-boxed qodef-elementor-content-no e-con e-parent\" data-id=\"fb30bf7\" data-element_type=\"container\">\n\t\t\t\t\t<div class=\"e-con-inner\">\n\t\t\t\t<div class=\"elementor-element elementor-element-c766e40 elementor-widget-divider--view-line elementor-widget elementor-widget-divider\" data-id=\"c766e40\" data-element_type=\"widget\" data-widget_type=\"divider.default\">\n\t\t\t\t<div class=\"elementor-widget-container\">\n\t\t\t\t\t\t\t<div class=\"elementor-divider\">\n\t\t\t<span class=\"elementor-divider-separator\">\n\t\t\t\t\t\t<\/span>\n\t\t<\/div>\n\t\t\t\t\t\t<\/div>\n\t\t\t\t<\/div>\n\t\t\t\t<div class=\"elementor-element elementor-element-a703179 elementor-widget elementor-widget-text-editor\" data-id=\"a703179\" data-element_type=\"widget\" data-widget_type=\"text-editor.default\">\n\t\t\t\t<div class=\"elementor-widget-container\">\n\t\t\t\t\t\t\t\t\t<h3 id=\"cc-m-header-19679093225\" class=\"headline cc-m-header-inline-rte\" contenteditable=\"true\" data-action=\"header\" data-name=\"header\">Tutorenstellen\/Nachhilfe:<\/h3>\t\t\t\t\t\t\t\t<\/div>\n\t\t\t\t<\/div>\n\t\t\t\t\t<\/div>\n\t\t\t\t<\/div>\n\t\t<div class=\"elementor-element elementor-element-311fedc e-flex e-con-boxed qodef-elementor-content-no e-con e-parent\" data-id=\"311fedc\" data-element_type=\"container\">\n\t\t\t\t\t<div class=\"e-con-inner\">\n\t\t\t\t<div class=\"elementor-element elementor-element-746c200 elementor-widget-divider--view-line elementor-widget elementor-widget-divider\" data-id=\"746c200\" data-element_type=\"widget\" data-widget_type=\"divider.default\">\n\t\t\t\t<div class=\"elementor-widget-container\">\n\t\t\t\t\t\t\t<div class=\"elementor-divider\">\n\t\t\t<span class=\"elementor-divider-separator\">\n\t\t\t\t\t\t<\/span>\n\t\t<\/div>\n\t\t\t\t\t\t<\/div>\n\t\t\t\t<\/div>\n\t\t\t\t<div class=\"elementor-element elementor-element-c32965f elementor-widget elementor-widget-text-editor\" data-id=\"c32965f\" data-element_type=\"widget\" data-widget_type=\"text-editor.default\">\n\t\t\t\t<div class=\"elementor-widget-container\">\n\t\t\t\t\t\t\t\t\t<h3 id=\"cc-m-header-19679093425\" class=\"headline cc-m-header-inline-rte\" contenteditable=\"true\" data-action=\"header\" data-name=\"header\">Job-, Stellen- und Hiwi-Anzeigen:<\/h3>\t\t\t\t\t\t\t\t<\/div>\n\t\t\t\t<\/div>\n\t\t\t\t<div class=\"elementor-element elementor-element-9a0e919 elementor-widget elementor-widget-image\" data-id=\"9a0e919\" data-element_type=\"widget\" data-widget_type=\"image.default\">\n\t\t\t\t<div class=\"elementor-widget-container\">\n\t\t\t\t\t\t\t\t\t\t\t\t\t\t\t<img decoding=\"async\" width=\"576\" height=\"1024\" src=\"https:\/\/fs-chembio.kit.edu\/wp-content\/uploads\/2025\/10\/LVE_HiWistelle_IGstory-576x1024.jpg\" class=\"attachment-large size-large wp-image-757\" alt=\"\" srcset=\"https:\/\/fs-chembio.kit.edu\/wp-content\/uploads\/2025\/10\/LVE_HiWistelle_IGstory-576x1024.jpg 576w, https:\/\/fs-chembio.kit.edu\/wp-content\/uploads\/2025\/10\/LVE_HiWistelle_IGstory-169x300.jpg 169w, https:\/\/fs-chembio.kit.edu\/wp-content\/uploads\/2025\/10\/LVE_HiWistelle_IGstory-84x150.jpg 84w, https:\/\/fs-chembio.kit.edu\/wp-content\/uploads\/2025\/10\/LVE_HiWistelle_IGstory-768x1365.jpg 768w, https:\/\/fs-chembio.kit.edu\/wp-content\/uploads\/2025\/10\/LVE_HiWistelle_IGstory-864x1536.jpg 864w, https:\/\/fs-chembio.kit.edu\/wp-content\/uploads\/2025\/10\/LVE_HiWistelle_IGstory.jpg 1080w\" sizes=\"(max-width: 576px) 100vw, 576px\" \/>\t\t\t\t\t\t\t\t\t\t\t\t\t\t\t<\/div>\n\t\t\t\t<\/div>\n\t\t\t\t<div class=\"elementor-element elementor-element-afa9546 elementor-widget elementor-widget-image\" data-id=\"afa9546\" data-element_type=\"widget\" data-widget_type=\"image.default\">\n\t\t\t\t<div class=\"elementor-widget-container\">\n\t\t\t\t\t\t\t\t\t\t\t\t\t\t\t<img loading=\"lazy\" decoding=\"async\" width=\"604\" height=\"855\" src=\"https:\/\/fs-chembio.kit.edu\/wp-content\/uploads\/2025\/11\/Stellenausschreibung-Studentische-Hilfskrafte-1-723x1024.jpg\" class=\"attachment-large size-large wp-image-823\" alt=\"\" srcset=\"https:\/\/fs-chembio.kit.edu\/wp-content\/uploads\/2025\/11\/Stellenausschreibung-Studentische-Hilfskrafte-1-723x1024.jpg 723w, https:\/\/fs-chembio.kit.edu\/wp-content\/uploads\/2025\/11\/Stellenausschreibung-Studentische-Hilfskrafte-1-212x300.jpg 212w, https:\/\/fs-chembio.kit.edu\/wp-content\/uploads\/2025\/11\/Stellenausschreibung-Studentische-Hilfskrafte-1-106x150.jpg 106w, https:\/\/fs-chembio.kit.edu\/wp-content\/uploads\/2025\/11\/Stellenausschreibung-Studentische-Hilfskrafte-1-768x1087.jpg 768w, https:\/\/fs-chembio.kit.edu\/wp-content\/uploads\/2025\/11\/Stellenausschreibung-Studentische-Hilfskrafte-1.jpg 876w\" sizes=\"(max-width: 604px) 100vw, 604px\" \/>\t\t\t\t\t\t\t\t\t\t\t\t\t\t\t<\/div>\n\t\t\t\t<\/div>\n\t\t\t\t<div class=\"elementor-element elementor-element-42f9feb elementor-widget elementor-widget-text-editor\" data-id=\"42f9feb\" data-element_type=\"widget\" data-widget_type=\"text-editor.default\">\n\t\t\t\t<div class=\"elementor-widget-container\">\n\t\t\t\t\t\t\t\t\t<p><strong>Studentische Hilfskr\u00e4fte f\u00fcr Freilandarbeiten gesucht<\/strong><\/p><p>Fachb\u00fcro f\u00fcr Umweltplanung in KA sucht f\u00fcr anstehende Freilandarbeiten studentische Hilfskr\u00e4fte zur Unterst\u00fctzung im Gel\u00e4nde.<\/p><p>Spezielle faunistische oder floristische Vorkenntnisse sind nicht erforderlich. Vorausgesetzt werden jedoch ein ausgepr\u00e4gtes Interesse an Natur und Umwelt, insbesondere an Reptilien, sowie keine Ber\u00fchrungs\u00e4ngste im Umgang mit Reptilien. Eine m\u00f6glichst flexible Einsatzbereitschaft ist w\u00fcnschenswert, da die Eins\u00e4tze witterungsabh\u00e4ngig erfolgen. Der Einsatzzeitraum erstreckt sich voraussichtlich von Mitte M\u00e4rz bis September eines Jahres.<\/p><p>F\u00fchrerschein der Klasse B ist erforderlich.<\/p><p>Alles Weitere gern direkt \u00fcber \u00a0<\/p><p>Kontakt: <a href=\"mailto:info@arguplan.de\">info@arguplan.de<\/a> \u00a0\/ 0721 16110-17 oder -21<\/p>\t\t\t\t\t\t\t\t<\/div>\n\t\t\t\t<\/div>\n\t\t\t\t<div class=\"elementor-element elementor-element-6358ada elementor-widget elementor-widget-image\" data-id=\"6358ada\" data-element_type=\"widget\" data-widget_type=\"image.default\">\n\t\t\t\t<div class=\"elementor-widget-container\">\n\t\t\t\t\t\t\t\t\t\t\t\t\t\t\t<img loading=\"lazy\" decoding=\"async\" width=\"604\" height=\"854\" src=\"https:\/\/fs-chembio.kit.edu\/wp-content\/uploads\/2025\/09\/Hiwi-Batterieforschung-1-724x1024.jpg\" class=\"attachment-large size-large wp-image-744\" alt=\"\" srcset=\"https:\/\/fs-chembio.kit.edu\/wp-content\/uploads\/2025\/09\/Hiwi-Batterieforschung-1-724x1024.jpg 724w, https:\/\/fs-chembio.kit.edu\/wp-content\/uploads\/2025\/09\/Hiwi-Batterieforschung-1-212x300.jpg 212w, https:\/\/fs-chembio.kit.edu\/wp-content\/uploads\/2025\/09\/Hiwi-Batterieforschung-1-106x150.jpg 106w, https:\/\/fs-chembio.kit.edu\/wp-content\/uploads\/2025\/09\/Hiwi-Batterieforschung-1-768x1086.jpg 768w, https:\/\/fs-chembio.kit.edu\/wp-content\/uploads\/2025\/09\/Hiwi-Batterieforschung-1-1087x1536.jpg 1087w, https:\/\/fs-chembio.kit.edu\/wp-content\/uploads\/2025\/09\/Hiwi-Batterieforschung-1.jpg 1240w\" sizes=\"(max-width: 604px) 100vw, 604px\" \/>\t\t\t\t\t\t\t\t\t\t\t\t\t\t\t<\/div>\n\t\t\t\t<\/div>\n\t\t\t\t\t<\/div>\n\t\t\t\t<\/div>\n\t\t<div class=\"elementor-element elementor-element-ee2d3d8 e-flex e-con-boxed qodef-elementor-content-no e-con e-parent\" data-id=\"ee2d3d8\" data-element_type=\"container\">\n\t\t\t\t\t<div class=\"e-con-inner\">\n\t\t\t\t<div class=\"elementor-element elementor-element-c19a526 elementor-widget-divider--view-line elementor-widget elementor-widget-divider\" data-id=\"c19a526\" data-element_type=\"widget\" data-widget_type=\"divider.default\">\n\t\t\t\t<div class=\"elementor-widget-container\">\n\t\t\t\t\t\t\t<div class=\"elementor-divider\">\n\t\t\t<span class=\"elementor-divider-separator\">\n\t\t\t\t\t\t<\/span>\n\t\t<\/div>\n\t\t\t\t\t\t<\/div>\n\t\t\t\t<\/div>\n\t\t\t\t<div class=\"elementor-element elementor-element-836670a elementor-widget elementor-widget-text-editor\" data-id=\"836670a\" data-element_type=\"widget\" data-widget_type=\"text-editor.default\">\n\t\t\t\t<div class=\"elementor-widget-container\">\n\t\t\t\t\t\t\t\t\t<h3 id=\"cc-m-header-20008775925\" class=\"headline cc-m-header-inline-rte\" contenteditable=\"true\" data-action=\"header\" data-name=\"header\">F\u00f6rderungen<\/h3>\t\t\t\t\t\t\t\t<\/div>\n\t\t\t\t<\/div>\n\t\t\t\t\t<\/div>\n\t\t\t\t<\/div>\n\t\t<div class=\"elementor-element elementor-element-6e70ab7 e-flex e-con-boxed qodef-elementor-content-no e-con e-parent\" data-id=\"6e70ab7\" data-element_type=\"container\">\n\t\t\t\t\t<div class=\"e-con-inner\">\n\t\t\t\t<div class=\"elementor-element elementor-element-070bb83 elementor-widget elementor-widget-image\" data-id=\"070bb83\" data-element_type=\"widget\" data-widget_type=\"image.default\">\n\t\t\t\t<div class=\"elementor-widget-container\">\n\t\t\t\t\t\t\t\t\t\t\t\t\t\t\t<img loading=\"lazy\" decoding=\"async\" width=\"604\" height=\"854\" src=\"https:\/\/fs-chembio.kit.edu\/wp-content\/uploads\/2026\/02\/Stipendium-Karlsruher-Kreis-2026-1-724x1024.jpg\" class=\"attachment-large size-large wp-image-918\" alt=\"\" srcset=\"https:\/\/fs-chembio.kit.edu\/wp-content\/uploads\/2026\/02\/Stipendium-Karlsruher-Kreis-2026-1-724x1024.jpg 724w, https:\/\/fs-chembio.kit.edu\/wp-content\/uploads\/2026\/02\/Stipendium-Karlsruher-Kreis-2026-1-212x300.jpg 212w, https:\/\/fs-chembio.kit.edu\/wp-content\/uploads\/2026\/02\/Stipendium-Karlsruher-Kreis-2026-1-106x150.jpg 106w, https:\/\/fs-chembio.kit.edu\/wp-content\/uploads\/2026\/02\/Stipendium-Karlsruher-Kreis-2026-1-768x1086.jpg 768w, https:\/\/fs-chembio.kit.edu\/wp-content\/uploads\/2026\/02\/Stipendium-Karlsruher-Kreis-2026-1-1086x1536.jpg 1086w, https:\/\/fs-chembio.kit.edu\/wp-content\/uploads\/2026\/02\/Stipendium-Karlsruher-Kreis-2026-1.jpg 1188w\" sizes=\"(max-width: 604px) 100vw, 604px\" \/>\t\t\t\t\t\t\t\t\t\t\t\t\t\t\t<\/div>\n\t\t\t\t<\/div>\n\t\t\t\t\t<\/div>\n\t\t\t\t<\/div>\n\t\t<div class=\"elementor-element elementor-element-887c00b e-flex e-con-boxed qodef-elementor-content-no e-con e-parent\" data-id=\"887c00b\" data-element_type=\"container\">\n\t\t\t\t\t<div class=\"e-con-inner\">\n\t\t\t\t\t<\/div>\n\t\t\t\t<\/div>\n\t\t<div class=\"elementor-element elementor-element-df9bdf5 e-flex e-con-boxed qodef-elementor-content-no e-con e-parent\" data-id=\"df9bdf5\" data-element_type=\"container\">\n\t\t\t\t\t<div class=\"e-con-inner\">\n\t\t\t\t\t<\/div>\n\t\t\t\t<\/div>\n\t\t\t\t<\/div>","protected":false},"excerpt":{"rendered":"<p>Hier findet ihr Ausschreibungen f\u00fcr Bachelor-, Master-, und Doktorarbeiten, sowie andere Job-, und Stellenanzeigen.Bitte schreibt uns eine kurze Mail an fschembio@lists.kit.edu (Mit der Nutzung der Adresse erkl\u00e4rt sich der Absender einverstanden mit der kurzzeitigen Speicherung seiner E Mail Adresse zwecks Verfassung einer Antwortmail.), wenn euch zu Ohren kommt, dass eine der aufgef\u00fchrten Anzeigen bereits besetzt &hellip; <a href=\"https:\/\/fs-chembio.kit.edu\/en\/stellenanzeigen\/\" class=\"more-link\">Continue reading <span class=\"screen-reader-text\">Job Offers<\/span> <span class=\"meta-nav\">&rarr;<\/span><\/a><\/p>","protected":false},"author":1,"featured_media":0,"parent":0,"menu_order":0,"comment_status":"closed","ping_status":"closed","template":"","meta":{"footnotes":""},"class_list":["post-724","page","type-page","status-publish","hentry"],"_links":{"self":[{"href":"https:\/\/fs-chembio.kit.edu\/en\/wp-json\/wp\/v2\/pages\/724","targetHints":{"allow":["GET"]}}],"collection":[{"href":"https:\/\/fs-chembio.kit.edu\/en\/wp-json\/wp\/v2\/pages"}],"about":[{"href":"https:\/\/fs-chembio.kit.edu\/en\/wp-json\/wp\/v2\/types\/page"}],"author":[{"embeddable":true,"href":"https:\/\/fs-chembio.kit.edu\/en\/wp-json\/wp\/v2\/users\/1"}],"replies":[{"embeddable":true,"href":"https:\/\/fs-chembio.kit.edu\/en\/wp-json\/wp\/v2\/comments?post=724"}],"version-history":[{"count":17,"href":"https:\/\/fs-chembio.kit.edu\/en\/wp-json\/wp\/v2\/pages\/724\/revisions"}],"predecessor-version":[{"id":974,"href":"https:\/\/fs-chembio.kit.edu\/en\/wp-json\/wp\/v2\/pages\/724\/revisions\/974"}],"wp:attachment":[{"href":"https:\/\/fs-chembio.kit.edu\/en\/wp-json\/wp\/v2\/media?parent=724"}],"curies":[{"name":"wp","href":"https:\/\/api.w.org\/{rel}","templated":true}]}}