{"id":733,"date":"2025-09-17T15:37:02","date_gmt":"2025-09-17T13:37:02","guid":{"rendered":"https:\/\/fs-chembio.kit.edu\/?page_id=733"},"modified":"2026-01-22T16:50:55","modified_gmt":"2026-01-22T15:50:55","slug":"events","status":"publish","type":"page","link":"https:\/\/fs-chembio.kit.edu\/en\/events\/","title":{"rendered":"Events"},"content":{"rendered":"<div data-elementor-type=\"wp-page\" data-elementor-id=\"733\" class=\"elementor elementor-733\">\n\t\t\t\t<div class=\"elementor-element elementor-element-58f3be7 e-flex e-con-boxed qodef-elementor-content-no e-con e-parent\" data-id=\"58f3be7\" data-element_type=\"container\">\n\t\t\t\t\t<div class=\"e-con-inner\">\n\t\t\t\t<div class=\"elementor-element elementor-element-bc9b2e5 elementor-widget-divider--view-line elementor-widget elementor-widget-divider\" data-id=\"bc9b2e5\" data-element_type=\"widget\" data-widget_type=\"divider.default\">\n\t\t\t\t<div class=\"elementor-widget-container\">\n\t\t\t\t\t\t\t<div class=\"elementor-divider\">\n\t\t\t<span class=\"elementor-divider-separator\">\n\t\t\t\t\t\t<\/span>\n\t\t<\/div>\n\t\t\t\t\t\t<\/div>\n\t\t\t\t<\/div>\n\t\t\t\t\t<\/div>\n\t\t\t\t<\/div>\n\t\t<div class=\"elementor-element elementor-element-0969ef5 e-flex e-con-boxed qodef-elementor-content-no e-con e-parent\" data-id=\"0969ef5\" data-element_type=\"container\">\n\t\t\t\t\t<div class=\"e-con-inner\">\n\t\t<div class=\"elementor-element elementor-element-2d000f0 e-con-full e-flex qodef-elementor-content-no e-con e-child\" data-id=\"2d000f0\" data-element_type=\"container\">\n\t\t\t\t<div class=\"elementor-element elementor-element-2b4ea64 elementor-widget elementor-widget-heading\" data-id=\"2b4ea64\" data-element_type=\"widget\" data-widget_type=\"heading.default\">\n\t\t\t\t<div class=\"elementor-widget-container\">\n\t\t\t\t\t<h3 class=\"elementor-heading-title elementor-size-default\">Faculty Caf\u00e9<\/h3>\t\t\t\t<\/div>\n\t\t\t\t<\/div>\n\t\t\t\t<div class=\"elementor-element elementor-element-170af3d elementor-widget elementor-widget-text-editor\" data-id=\"170af3d\" data-element_type=\"widget\" data-widget_type=\"text-editor.default\">\n\t\t\t\t<div class=\"elementor-widget-container\">\n\t\t\t\t\t\t\t\t\t<p>Hallo ihr Lieben,\u00a0<\/p><p>wir laden euch alle herzlich ein zu unserem Fakult\u00e4tscaf\u00e9!<\/p><p>Ob Ersti oder Masterand:in, ob Prof, Doktorand:in oder Angestellte:r &#8211; beim Fakult\u00e4tscaf\u00e9 sind alle Mitglieder der Fakult\u00e4t eingeladen! Kommt ins Gespr\u00e4ch mit euren Dozierenden oder nutzt die Gelegenheit um nach einem Masterplatz zu fragen.\u00a0<\/p><p>Die Fachschaft stellt dazu Kaffee und Kuchen (kostenlos)! \ud83d\ude42\u00a0<\/p>\t\t\t\t\t\t\t\t<\/div>\n\t\t\t\t<\/div>\n\t\t\t\t<\/div>\n\t\t<div class=\"elementor-element elementor-element-0c90be5 e-con-full e-flex qodef-elementor-content-no e-con e-child\" data-id=\"0c90be5\" data-element_type=\"container\">\n\t\t\t\t<div class=\"elementor-element elementor-element-43fc68b elementor-widget elementor-widget-image\" data-id=\"43fc68b\" data-element_type=\"widget\" data-widget_type=\"image.default\">\n\t\t\t\t<div class=\"elementor-widget-container\">\n\t\t\t\t\t\t\t\t\t\t\t\t\t\t\t<img fetchpriority=\"high\" decoding=\"async\" width=\"604\" height=\"755\" src=\"https:\/\/fs-chembio.kit.edu\/wp-content\/uploads\/2026\/01\/Fakultaetscafe-819x1024.png\" class=\"attachment-large size-large wp-image-871\" alt=\"\" srcset=\"https:\/\/fs-chembio.kit.edu\/wp-content\/uploads\/2026\/01\/Fakultaetscafe-819x1024.png 819w, https:\/\/fs-chembio.kit.edu\/wp-content\/uploads\/2026\/01\/Fakultaetscafe-240x300.png 240w, https:\/\/fs-chembio.kit.edu\/wp-content\/uploads\/2026\/01\/Fakultaetscafe-120x150.png 120w, https:\/\/fs-chembio.kit.edu\/wp-content\/uploads\/2026\/01\/Fakultaetscafe-768x960.png 768w, https:\/\/fs-chembio.kit.edu\/wp-content\/uploads\/2026\/01\/Fakultaetscafe.png 1080w\" sizes=\"(max-width: 604px) 100vw, 604px\" \/>\t\t\t\t\t\t\t\t\t\t\t\t\t\t\t<\/div>\n\t\t\t\t<\/div>\n\t\t\t\t<div class=\"elementor-element elementor-element-9a80696 elementor-widget elementor-widget-text-editor\" data-id=\"9a80696\" data-element_type=\"widget\" data-widget_type=\"text-editor.default\">\n\t\t\t\t<div class=\"elementor-widget-container\">\n\t\t\t\t\t\t\t\t\t<p>Wann? 05.02.26, 16-19 Uhr\u00a0<br \/>Wo? Geb. 30.45, R 004 &amp; 005<\/p>\t\t\t\t\t\t\t\t<\/div>\n\t\t\t\t<\/div>\n\t\t\t\t<\/div>\n\t\t\t\t\t<\/div>\n\t\t\t\t<\/div>\n\t\t<div class=\"elementor-element elementor-element-44f6cdb e-flex e-con-boxed qodef-elementor-content-no e-con e-parent\" data-id=\"44f6cdb\" data-element_type=\"container\">\n\t\t\t\t\t<div class=\"e-con-inner\">\n\t\t\t\t<div class=\"elementor-element elementor-element-ea36b78 elementor-widget-divider--view-line elementor-widget elementor-widget-divider\" data-id=\"ea36b78\" data-element_type=\"widget\" data-widget_type=\"divider.default\">\n\t\t\t\t<div class=\"elementor-widget-container\">\n\t\t\t\t\t\t\t<div class=\"elementor-divider\">\n\t\t\t<span class=\"elementor-divider-separator\">\n\t\t\t\t\t\t<\/span>\n\t\t<\/div>\n\t\t\t\t\t\t<\/div>\n\t\t\t\t<\/div>\n\t\t\t\t\t<\/div>\n\t\t\t\t<\/div>\n\t\t<div class=\"elementor-element elementor-element-1b94d88 e-flex e-con-boxed qodef-elementor-content-no e-con e-parent\" data-id=\"1b94d88\" data-element_type=\"container\">\n\t\t\t\t\t<div class=\"e-con-inner\">\n\t\t<div class=\"elementor-element elementor-element-9267bb8 e-con-full e-flex qodef-elementor-content-no e-con e-child\" data-id=\"9267bb8\" data-element_type=\"container\">\n\t\t\t\t<div class=\"elementor-element elementor-element-b5ce245 elementor-widget elementor-widget-image\" data-id=\"b5ce245\" data-element_type=\"widget\" data-widget_type=\"image.default\">\n\t\t\t\t<div class=\"elementor-widget-container\">\n\t\t\t\t\t\t\t\t\t\t\t\t\t\t\t<img decoding=\"async\" width=\"538\" height=\"538\" src=\"https:\/\/fs-chembio.kit.edu\/wp-content\/uploads\/2025\/09\/image.png\" class=\"attachment-large size-large wp-image-734\" alt=\"\" srcset=\"https:\/\/fs-chembio.kit.edu\/wp-content\/uploads\/2025\/09\/image.png 538w, https:\/\/fs-chembio.kit.edu\/wp-content\/uploads\/2025\/09\/image-300x300.png 300w, https:\/\/fs-chembio.kit.edu\/wp-content\/uploads\/2025\/09\/image-150x150.png 150w\" sizes=\"(max-width: 538px) 100vw, 538px\" \/>\t\t\t\t\t\t\t\t\t\t\t\t\t\t\t<\/div>\n\t\t\t\t<\/div>\n\t\t\t\t<\/div>\n\t\t<div class=\"elementor-element elementor-element-193eea4 e-con-full e-flex qodef-elementor-content-no e-con e-child\" data-id=\"193eea4\" data-element_type=\"container\">\n\t\t<div class=\"elementor-element elementor-element-06bc4d7 e-con-full e-flex qodef-elementor-content-no e-con e-child\" data-id=\"06bc4d7\" data-element_type=\"container\">\n\t\t\t\t<div class=\"elementor-element elementor-element-7b087da elementor-widget elementor-widget-heading\" data-id=\"7b087da\" data-element_type=\"widget\" data-widget_type=\"heading.default\">\n\t\t\t\t<div class=\"elementor-widget-container\">\n\t\t\t\t\t<h3 class=\"elementor-heading-title elementor-size-default\">Games Night<\/h3>\t\t\t\t<\/div>\n\t\t\t\t<\/div>\n\t\t\t\t<\/div>\n\t\t<div class=\"elementor-element elementor-element-6a696ce e-con-full e-flex qodef-elementor-content-no e-con e-child\" data-id=\"6a696ce\" data-element_type=\"container\">\n\t\t\t\t<div class=\"elementor-element elementor-element-34da18b elementor-widget elementor-widget-text-editor\" data-id=\"34da18b\" data-element_type=\"widget\" data-widget_type=\"text-editor.default\">\n\t\t\t\t<div class=\"elementor-widget-container\">\n\t\t\t\t\t\t\t\t\t<p style=\"text-align: justify;\">One the<strong>first Tuesday of the month, at 7 PM<\/strong>, we host our games night at the Thoule gaming club (Ostendstr. 1).<\/p><p style=\"text-align: justify;\">Alle sind herzlich eingeladen!<\/p>\t\t\t\t\t\t\t\t<\/div>\n\t\t\t\t<\/div>\n\t\t\t\t<\/div>\n\t\t\t\t<\/div>\n\t\t\t\t\t<\/div>\n\t\t\t\t<\/div>\n\t\t<div class=\"elementor-element elementor-element-47c58d9 e-flex e-con-boxed qodef-elementor-content-no e-con e-parent\" data-id=\"47c58d9\" data-element_type=\"container\">\n\t\t\t\t\t<div class=\"e-con-inner\">\n\t\t\t\t<div class=\"elementor-element elementor-element-e525b6f elementor-widget-divider--view-line elementor-widget elementor-widget-divider\" data-id=\"e525b6f\" data-element_type=\"widget\" data-widget_type=\"divider.default\">\n\t\t\t\t<div class=\"elementor-widget-container\">\n\t\t\t\t\t\t\t<div class=\"elementor-divider\">\n\t\t\t<span class=\"elementor-divider-separator\">\n\t\t\t\t\t\t<\/span>\n\t\t<\/div>\n\t\t\t\t\t\t<\/div>\n\t\t\t\t<\/div>\n\t\t\t\t\t<\/div>\n\t\t\t\t<\/div>\n\t\t<div class=\"elementor-element elementor-element-bfc15b0 e-flex e-con-boxed qodef-elementor-content-no e-con e-parent\" data-id=\"bfc15b0\" data-element_type=\"container\">\n\t\t\t\t\t<div class=\"e-con-inner\">\n\t\t\t\t<div class=\"elementor-element elementor-element-fce8074 elementor-widget elementor-widget-text-editor\" data-id=\"fce8074\" data-element_type=\"widget\" data-widget_type=\"text-editor.default\">\n\t\t\t\t<div class=\"elementor-widget-container\">\n\t\t\t\t\t\t\t\t\t<p>Das Karlsruher Institut f\u00fcr Technologie bietet jeden Monat \u00fcber die Bibliothek verschiedene Veranstaltungen und Kurse f\u00fcr Studierende des KITs an. F\u00fcr diese kann man sich auf der\u00a0<a title=\"https:\/\/www.bibliothek.kit.edu\/veranstaltungskalender.php\" href=\"https:\/\/www.bibliothek.kit.edu\/veranstaltungskalender.php\" target=\"_blank\" rel=\"noopener\"><span style=\"text-decoration: underline;\"><span style=\"color: #3782c8; text-decoration: underline;\"><strong>KIT-Bibliothekswebsite<\/strong><\/span><\/span><\/a>\u00a0anmelden.<\/p>\t\t\t\t\t\t\t\t<\/div>\n\t\t\t\t<\/div>\n\t\t\t\t\t<\/div>\n\t\t\t\t<\/div>\n\t\t<div class=\"elementor-element elementor-element-334b90e e-flex e-con-boxed qodef-elementor-content-no e-con e-parent\" data-id=\"334b90e\" data-element_type=\"container\">\n\t\t\t\t\t<div class=\"e-con-inner\">\n\t\t\t\t<div class=\"elementor-element elementor-element-c057908 elementor-widget-divider--view-line elementor-widget elementor-widget-divider\" data-id=\"c057908\" data-element_type=\"widget\" data-widget_type=\"divider.default\">\n\t\t\t\t<div class=\"elementor-widget-container\">\n\t\t\t\t\t\t\t<div class=\"elementor-divider\">\n\t\t\t<span class=\"elementor-divider-separator\">\n\t\t\t\t\t\t<\/span>\n\t\t<\/div>\n\t\t\t\t\t\t<\/div>\n\t\t\t\t<\/div>\n\t\t\t\t\t<\/div>\n\t\t\t\t<\/div>\n\t\t<div class=\"elementor-element elementor-element-0452df2 e-flex e-con-boxed qodef-elementor-content-no e-con e-parent\" data-id=\"0452df2\" data-element_type=\"container\">\n\t\t\t\t\t<div class=\"e-con-inner\">\n\t\t\t\t<div class=\"elementor-element elementor-element-a16eb45 elementor-widget-divider--view-line elementor-widget elementor-widget-divider\" data-id=\"a16eb45\" data-element_type=\"widget\" data-widget_type=\"divider.default\">\n\t\t\t\t<div class=\"elementor-widget-container\">\n\t\t\t\t\t\t\t<div class=\"elementor-divider\">\n\t\t\t<span class=\"elementor-divider-separator\">\n\t\t\t\t\t\t<\/span>\n\t\t<\/div>\n\t\t\t\t\t\t<\/div>\n\t\t\t\t<\/div>\n\t\t\t\t\t<\/div>\n\t\t\t\t<\/div>\n\t\t\t\t<\/div>","protected":false},"excerpt":{"rendered":"<p>Fakult\u00e4tscaf\u00e9 Hallo ihr Lieben,\u00a0 wir laden euch alle herzlich ein zu unserem Fakult\u00e4tscaf\u00e9! Ob Ersti oder Masterand:in, ob Prof, Doktorand:in oder Angestellte:r &#8211; beim Fakult\u00e4tscaf\u00e9 sind alle Mitglieder der Fakult\u00e4t eingeladen! Kommt ins Gespr\u00e4ch mit euren Dozierenden oder nutzt die Gelegenheit um nach einem Masterplatz zu fragen.\u00a0 Die Fachschaft stellt dazu Kaffee und Kuchen (kostenlos)! &hellip; <a href=\"https:\/\/fs-chembio.kit.edu\/en\/events\/\" class=\"more-link\">Continue reading <span class=\"screen-reader-text\">Events<\/span> <span class=\"meta-nav\">&rarr;<\/span><\/a><\/p>","protected":false},"author":1,"featured_media":0,"parent":0,"menu_order":0,"comment_status":"closed","ping_status":"closed","template":"","meta":{"footnotes":""},"class_list":["post-733","page","type-page","status-publish","hentry"],"_links":{"self":[{"href":"https:\/\/fs-chembio.kit.edu\/en\/wp-json\/wp\/v2\/pages\/733","targetHints":{"allow":["GET"]}}],"collection":[{"href":"https:\/\/fs-chembio.kit.edu\/en\/wp-json\/wp\/v2\/pages"}],"about":[{"href":"https:\/\/fs-chembio.kit.edu\/en\/wp-json\/wp\/v2\/types\/page"}],"author":[{"embeddable":true,"href":"https:\/\/fs-chembio.kit.edu\/en\/wp-json\/wp\/v2\/users\/1"}],"replies":[{"embeddable":true,"href":"https:\/\/fs-chembio.kit.edu\/en\/wp-json\/wp\/v2\/comments?post=733"}],"version-history":[{"count":18,"href":"https:\/\/fs-chembio.kit.edu\/en\/wp-json\/wp\/v2\/pages\/733\/revisions"}],"predecessor-version":[{"id":877,"href":"https:\/\/fs-chembio.kit.edu\/en\/wp-json\/wp\/v2\/pages\/733\/revisions\/877"}],"wp:attachment":[{"href":"https:\/\/fs-chembio.kit.edu\/en\/wp-json\/wp\/v2\/media?parent=733"}],"curies":[{"name":"wp","href":"https:\/\/api.w.org\/{rel}","templated":true}]}}