{"id":77,"date":"2025-04-26T10:39:54","date_gmt":"2025-04-26T08:39:54","guid":{"rendered":"https:\/\/fs-chembio.kit.edu\/?page_id=77"},"modified":"2026-02-21T00:50:21","modified_gmt":"2026-02-20T23:50:21","slug":"vor-dem-studium","status":"publish","type":"page","link":"https:\/\/fs-chembio.kit.edu\/en\/vor-dem-studium\/","title":{"rendered":"Before your Studies"},"content":{"rendered":"<div data-elementor-type=\"wp-page\" data-elementor-id=\"77\" class=\"elementor elementor-77\">\n\t\t\t\t<div class=\"elementor-element elementor-element-7c564dd e-flex e-con-boxed qodef-elementor-content-no e-con e-parent\" data-id=\"7c564dd\" data-element_type=\"container\">\n\t\t\t\t\t<div class=\"e-con-inner\">\n\t\t\t\t<div class=\"elementor-element elementor-element-8e12e11 elementor-widget elementor-widget-heading\" data-id=\"8e12e11\" data-element_type=\"widget\" data-widget_type=\"heading.default\">\n\t\t\t\t<div class=\"elementor-widget-container\">\n\t\t\t\t\t<h2 class=\"elementor-heading-title elementor-size-default\">Wie wird man Student in Karlsruhe<\/h2>\t\t\t\t<\/div>\n\t\t\t\t<\/div>\n\t\t\t\t<div class=\"elementor-element elementor-element-f827c01 elementor-widget elementor-widget-text-editor\" data-id=\"f827c01\" data-element_type=\"widget\" data-widget_type=\"text-editor.default\">\n\t\t\t\t<div class=\"elementor-widget-container\">\n\t\t\t\t\t\t\t\t\t<p>Folgende Schritte f\u00fchren dich an die Uni:<\/p><p><strong><a href=\"#information\">1. Informiere dich!<\/a>\u00a0<br \/><\/strong><strong><a href=\"#bewerbung\">2. Bewerbung\u00a0<\/a><br \/><\/strong><a href=\"#immatrikulation\"><strong>3. Immatrikulation<\/strong><\/a><\/p>\t\t\t\t\t\t\t\t<\/div>\n\t\t\t\t<\/div>\n\t\t\t\t\t<\/div>\n\t\t\t\t<\/div>\n\t\t<div class=\"elementor-element elementor-element-d359806 e-flex e-con-boxed qodef-elementor-content-no e-con e-parent\" data-id=\"d359806\" data-element_type=\"container\">\n\t\t\t\t\t<div class=\"e-con-inner\">\n\t\t\t\t<div class=\"elementor-element elementor-element-809376c elementor-widget elementor-widget-menu-anchor\" data-id=\"809376c\" data-element_type=\"widget\" data-widget_type=\"menu-anchor.default\">\n\t\t\t\t<div class=\"elementor-widget-container\">\n\t\t\t\t\t\t\t<div class=\"elementor-menu-anchor\" id=\"information\"><\/div>\n\t\t\t\t\t\t<\/div>\n\t\t\t\t<\/div>\n\t\t\t\t<div class=\"elementor-element elementor-element-2eabcc5 elementor-widget elementor-widget-heading\" data-id=\"2eabcc5\" data-element_type=\"widget\" data-widget_type=\"heading.default\">\n\t\t\t\t<div class=\"elementor-widget-container\">\n\t\t\t\t\t<h3 class=\"elementor-heading-title elementor-size-default\">1. Informiere dich!<\/h3>\t\t\t\t<\/div>\n\t\t\t\t<\/div>\n\t\t\t\t<div class=\"elementor-element elementor-element-6a09154 elementor-widget elementor-widget-text-editor\" data-id=\"6a09154\" data-element_type=\"widget\" data-widget_type=\"text-editor.default\">\n\t\t\t\t<div class=\"elementor-widget-container\">\n\t\t\t\t\t\t\t\t\t<p>Als aller erstes solltest du dir dar\u00fcber klar werden, ob du dir bei deiner Entscheidung f\u00fcr Biologie\/Chemie\/Lehramt\/chemische Biologie\/Lebensmittelchemie und Karlsruhe als Studienort sicher bist. Damit kannst du einen Studienabbruch vermeiden und viel Zeit und Geld (Studiengeb\u00fchren!) sparen. Einige M\u00f6glichkeiten etwas \u00fcber deinen zuk\u00fcnftigen Studiengang zu erfahren sind:<\/p><p>&#8211; Besuch des Informationstag der Universit\u00e4t f\u00fcr Sch\u00fcler &#8222;Uni f\u00fcr Einsteiger&#8220; (Infos)<\/p><p>&#8211; Mit Studenten \u00fcber ihre Erfahrungen reden<\/p><p>&#8211; Vorlesungen Probe h\u00f6ren<\/p><p>&#8211; Informationen zum Studium bzw. dessen Ablauf lesen (findest du z.B. auf unsere Homepage)<\/p><p>&#8211; Bei uns in der Fachschaft vorbei schauen und dich beraten lassen.<\/p>\t\t\t\t\t\t\t\t<\/div>\n\t\t\t\t<\/div>\n\t\t\t\t\t<\/div>\n\t\t\t\t<\/div>\n\t\t<div class=\"elementor-element elementor-element-bc0976f e-flex e-con-boxed qodef-elementor-content-no e-con e-parent\" data-id=\"bc0976f\" data-element_type=\"container\">\n\t\t\t\t\t<div class=\"e-con-inner\">\n\t\t\t\t<div class=\"elementor-element elementor-element-be3f7d4 elementor-widget elementor-widget-menu-anchor\" data-id=\"be3f7d4\" data-element_type=\"widget\" data-widget_type=\"menu-anchor.default\">\n\t\t\t\t<div class=\"elementor-widget-container\">\n\t\t\t\t\t\t\t<div class=\"elementor-menu-anchor\" id=\"bewerbung\"><\/div>\n\t\t\t\t\t\t<\/div>\n\t\t\t\t<\/div>\n\t\t\t\t<div class=\"elementor-element elementor-element-c354fbf elementor-widget elementor-widget-heading\" data-id=\"c354fbf\" data-element_type=\"widget\" data-widget_type=\"heading.default\">\n\t\t\t\t<div class=\"elementor-widget-container\">\n\t\t\t\t\t<h3 class=\"elementor-heading-title elementor-size-default\">2. Bewerbung<\/h3>\t\t\t\t<\/div>\n\t\t\t\t<\/div>\n\t\t\t\t\t<\/div>\n\t\t\t\t<\/div>\n\t\t<div class=\"elementor-element elementor-element-ea87ff2 e-flex e-con-boxed qodef-elementor-content-no e-con e-parent\" data-id=\"ea87ff2\" data-element_type=\"container\">\n\t\t\t\t\t<div class=\"e-con-inner\">\n\t\t\t\t<div class=\"elementor-element elementor-element-6278e6c elementor-widget elementor-widget-heading\" data-id=\"6278e6c\" data-element_type=\"widget\" data-widget_type=\"heading.default\">\n\t\t\t\t<div class=\"elementor-widget-container\">\n\t\t\t\t\t<h5 class=\"elementor-heading-title elementor-size-default\">F\u00fcr Biologie<\/h5>\t\t\t\t<\/div>\n\t\t\t\t<\/div>\n\t\t\t\t<div class=\"elementor-element elementor-element-40b820f elementor-widget elementor-widget-text-editor\" data-id=\"40b820f\" data-element_type=\"widget\" data-widget_type=\"text-editor.default\">\n\t\t\t\t<div class=\"elementor-widget-container\">\n\t\t\t\t\t\t\t\t\t<p>Um in Karlsruhe Biologie studieren zu k\u00f6nnen musst du dich zun\u00e4chst unter Portal Online &#8211; Bewerbung NC bewerben. Dort durchl\u00e4ufst du eine Anmeldeprozedur, bei der du am Ende ein Formular ausdrucken kannst, welches du dann mit den erforderlichen Unterlagen (siehe n\u00e4chster Link) an das Studienb\u00fcro schickst. Auch wenn es &#8222;Bewerbung NC&#8220; hei\u00dft, spielen neben den Abiturnoten und den Fachnoten auch einschl\u00e4gige Berufserfahrung oder besondere Leistungen eine Rolle. Das genaue Verfahren ist in der jeweiligen Zulassungsordnung geregelt.<\/p><p>Weitere Informationen kannst du dir unter folgenden Links holen:<\/p><p>Seite der Biologielehre: Erforderliche Bewerbungsunterlagen, Liste der Leistungen, die ber\u00fccksichtigt, bzw. nicht ber\u00fccksichtigt werden und Zulassungsordnung<\/p><p>Seite der Verwaltung: Weitere allgemeine Informationen<\/p><p>Achtung: F\u00fcr die Fristen und die Termine der Vorlesungszeit siehe: Termine und Fristen<\/p>\t\t\t\t\t\t\t\t<\/div>\n\t\t\t\t<\/div>\n\t\t\t\t\t<\/div>\n\t\t\t\t<\/div>\n\t\t<div class=\"elementor-element elementor-element-f9e2f6e e-flex e-con-boxed qodef-elementor-content-no e-con e-parent\" data-id=\"f9e2f6e\" data-element_type=\"container\">\n\t\t\t\t\t<div class=\"e-con-inner\">\n\t\t\t\t<div class=\"elementor-element elementor-element-b6246a2 elementor-widget elementor-widget-heading\" data-id=\"b6246a2\" data-element_type=\"widget\" data-widget_type=\"heading.default\">\n\t\t\t\t<div class=\"elementor-widget-container\">\n\t\t\t\t\t<h5 class=\"elementor-heading-title elementor-size-default\">F\u00fcr Chemie<\/h5>\t\t\t\t<\/div>\n\t\t\t\t<\/div>\n\t\t\t\t<div class=\"elementor-element elementor-element-c1fd7d1 elementor-widget elementor-widget-text-editor\" data-id=\"c1fd7d1\" data-element_type=\"widget\" data-widget_type=\"text-editor.default\">\n\t\t\t\t<div class=\"elementor-widget-container\">\n\t\t\t\t\t\t\t\t\t<p>Um in Karlsruhe Chemie zu studieren muss man seit 2012 an einem Auswahlverfahren teilnehmen.<\/p><p>Die Auswahl der Studierenden erfolgt zurzeit durch die Stiftung Hochschulstart<\/p><p>Es gelten auch die dort angegebenen Bewerbungsfristen.<\/p><p>Mittlerweile (2017), gibt es zus\u00e4tzlich ein Auswahlgespr\u00e4ch mit den Professoren der Fakult\u00e4t.<\/p>\t\t\t\t\t\t\t\t<\/div>\n\t\t\t\t<\/div>\n\t\t\t\t\t<\/div>\n\t\t\t\t<\/div>\n\t\t<div class=\"elementor-element elementor-element-0341027 e-flex e-con-boxed qodef-elementor-content-no e-con e-parent\" data-id=\"0341027\" data-element_type=\"container\">\n\t\t\t\t\t<div class=\"e-con-inner\">\n\t\t\t\t<div class=\"elementor-element elementor-element-46c400d elementor-widget elementor-widget-heading\" data-id=\"46c400d\" data-element_type=\"widget\" data-widget_type=\"heading.default\">\n\t\t\t\t<div class=\"elementor-widget-container\">\n\t\t\t\t\t<h5 class=\"elementor-heading-title elementor-size-default\">F\u00fcr Chemische Biologie<\/h5>\t\t\t\t<\/div>\n\t\t\t\t<\/div>\n\t\t\t\t<div class=\"elementor-element elementor-element-6ecfad4 elementor-widget elementor-widget-text-editor\" data-id=\"6ecfad4\" data-element_type=\"widget\" data-widget_type=\"text-editor.default\">\n\t\t\t\t<div class=\"elementor-widget-container\">\n\t\t\t\t\t\t\t\t\t<p class=\"x_MsoNormal\">Um dich am KIT f\u00fcr Chemische Biologie zu bewerben, kannst du \u00fcber die SLE-Website f\u00fcr den Studiengang (<a href=\"https:\/\/www.sle.kit.edu\/vorstudium\/bachelor-chemische-biologie.php\" target=\"_blank\" rel=\"noopener noreferrer\">KIT &#8211; Studieng\u00e4nge &#8211; Chemische Biologie Bachelor of Science<\/a>), unter dem Cursor Bewerbungsportal, deine Bewerbung starten.<\/p><p class=\"x_MsoNormal\">Da Chemische Biologie zu den NC-F\u00e4chern geh\u00f6rt, musst du dich f\u00fcr deine Bewerbung bei Hochschulstart anmelden. Dar\u00fcber kannst du, falls du dich gleichzeitig f\u00fcr mehrere Studieng\u00e4nge bewirbst, auch eine Priorisierung angeben. Hierzu mehr Infos von Hochschulstart.<\/p><p class=\"x_MsoNormal\">Danach vervollst\u00e4ndigst du deine Bewerbung im Bewerbungsportal des KIT. Daf\u00fcr musst du unter anderem dein eingescanntes Abiturzeugnis oder eines vergleichbaren Abschlusszeugnisses hochladen. Du wirst auch nach Informationen zu deiner Krankenversicherung und \u00c4hnlichem gefragt. Zus\u00e4tzlich musst du ein Zertifikat, dass du am Selbsttest zur Studien- und Berufsorientierung teilgenommen hast, hochladen. Du kannst auch Ehren\u00e4mter, Preise, Berufsausbildungen und zus\u00e4tzlichen Qualifikationen angeben.<\/p><p class=\"x_MsoNormal\">Auch wenn es \u201eBewerbung NC\u201c hei\u00dft, spielen neben den Abiturnoten und den Fachnoten auch einschl\u00e4gige Berufserfahrung oder besondere Leistungen eine Rolle. Diese \u201eSonstigen Leistungen\u201c werden von einer Auswahlkommission bewertet (\u00a78 der Auswahlsatzung). Das genaue Verfahren ist in der jeweiligen Auswahlsatzung geregelt.<\/p><p class=\"x_MsoNormal\">Weitere Informationen kannst du in der Auswahlsatzung finden.<\/p><p>Achtung: F\u00fcr die Fristen und die Termine der Vorlesungszeit siehe: Termine und Fristen<\/p>\t\t\t\t\t\t\t\t<\/div>\n\t\t\t\t<\/div>\n\t\t\t\t\t<\/div>\n\t\t\t\t<\/div>\n\t\t<div class=\"elementor-element elementor-element-6bcb735 e-flex e-con-boxed qodef-elementor-content-no e-con e-parent\" data-id=\"6bcb735\" data-element_type=\"container\">\n\t\t\t\t\t<div class=\"e-con-inner\">\n\t\t\t\t<div class=\"elementor-element elementor-element-3320c7f elementor-widget elementor-widget-heading\" data-id=\"3320c7f\" data-element_type=\"widget\" data-widget_type=\"heading.default\">\n\t\t\t\t<div class=\"elementor-widget-container\">\n\t\t\t\t\t<h5 class=\"elementor-heading-title elementor-size-default\">F\u00fcr Lebensmittelchemie<\/h5>\t\t\t\t<\/div>\n\t\t\t\t<\/div>\n\t\t\t\t<div class=\"elementor-element elementor-element-34d3817 elementor-widget elementor-widget-text-editor\" data-id=\"34d3817\" data-element_type=\"widget\" data-widget_type=\"text-editor.default\">\n\t\t\t\t<div class=\"elementor-widget-container\">\n\t\t\t\t\t\t\t\t\t<p>Um in Karlsruhe Lebensmittelchemie studieren zu k\u00f6nnen, musst du dich zun\u00e4chst unter Portal Online -Berwerbung NC -F\u00e4cher bewerben. Dort durchl\u00e4ufst du eine Anmeldungsprozedur, wobei du am Ende ein Formular ausdrucken kannst, welches du dann mit den erforderlichen Unterlagen an das Studienb\u00fcro schickst. Diese Unterlagen m\u00fcssen unter anderem beinhalten:<\/p><p>&#8211; Nachweise \u00fcber eine gegebenenfalls vorhandene Berufsausbildung, sowie \u00fcber sonstige besondere Qualifikationen<\/p><p>&#8211; Beglaubigte Kopie des Abiturzeugnisses<\/p><p>Auch wenn es &#8222;Bewerbung NC&#8220; hei\u00dft, spielen neben den Abiturnoten und den Fachnoten auch einschl\u00e4gige Berufserfahrung oder besondere Leistungen eine Rolle. Dies &#8222;Sonstigen Leistungen&#8220; werden von einer Auswahlkommission bewertet (\u00a77 der Auswahlsatzung). Das genaue Verfahren ist in der jeweiligen Auswahlsatzung geregelt.<\/p><p>Weitere Informationen kannst du in der Auswahlsatzung f\u00fcr den Bachelorstudiengang bzw. der Auswahlsatzung des Masterstudiengangs finden.<\/p><p>Achtung: F\u00fcr die Fristen und die Termine der Vorlesungszeit siehe: Termine und Fristen<\/p>\t\t\t\t\t\t\t\t<\/div>\n\t\t\t\t<\/div>\n\t\t\t\t\t<\/div>\n\t\t\t\t<\/div>\n\t\t<div class=\"elementor-element elementor-element-3bd716e e-flex e-con-boxed qodef-elementor-content-no e-con e-parent\" data-id=\"3bd716e\" data-element_type=\"container\">\n\t\t\t\t\t<div class=\"e-con-inner\">\n\t\t\t\t<div class=\"elementor-element elementor-element-eb878f4 elementor-widget elementor-widget-heading\" data-id=\"eb878f4\" data-element_type=\"widget\" data-widget_type=\"heading.default\">\n\t\t\t\t<div class=\"elementor-widget-container\">\n\t\t\t\t\t<h5 class=\"elementor-heading-title elementor-size-default\">F\u00fcr Lehramt<\/h5>\t\t\t\t<\/div>\n\t\t\t\t<\/div>\n\t\t\t\t<div class=\"elementor-element elementor-element-b734a1e elementor-widget elementor-widget-text-editor\" data-id=\"b734a1e\" data-element_type=\"widget\" data-widget_type=\"text-editor.default\">\n\t\t\t\t<div class=\"elementor-widget-container\">\n\t\t\t\t\t\t\t\t\t<p>F\u00fcr die Lehramtsstudieng\u00e4nge (Staatsexamen LA Gymnasium):<\/p><p>Allen Studierenden des Lehramts wird dringend empfohlen einen Hilfsantrag auf ein zus\u00e4tzliches Fach zu stellen, wenn sie sich neben Biologie und\/oder Chemie f\u00fcr ein weiteres zulassungsbeschr\u00e4nktes Fach bewerben! Bei weiteren Fragen kannst du uns einfach eine Mail schreiben.<\/p>\t\t\t\t\t\t\t\t<\/div>\n\t\t\t\t<\/div>\n\t\t\t\t\t<\/div>\n\t\t\t\t<\/div>\n\t\t<div class=\"elementor-element elementor-element-e16c298 e-flex e-con-boxed qodef-elementor-content-no e-con e-parent\" data-id=\"e16c298\" data-element_type=\"container\">\n\t\t\t\t\t<div class=\"e-con-inner\">\n\t\t\t\t<div class=\"elementor-element elementor-element-a075329 elementor-widget elementor-widget-menu-anchor\" data-id=\"a075329\" data-element_type=\"widget\" data-widget_type=\"menu-anchor.default\">\n\t\t\t\t<div class=\"elementor-widget-container\">\n\t\t\t\t\t\t\t<div class=\"elementor-menu-anchor\" id=\"immatrikulation\"><\/div>\n\t\t\t\t\t\t<\/div>\n\t\t\t\t<\/div>\n\t\t\t\t<div class=\"elementor-element elementor-element-08394aa elementor-widget elementor-widget-heading\" data-id=\"08394aa\" data-element_type=\"widget\" data-widget_type=\"heading.default\">\n\t\t\t\t<div class=\"elementor-widget-container\">\n\t\t\t\t\t<h3 class=\"elementor-heading-title elementor-size-default\">Immatrikulation<\/h3>\t\t\t\t<\/div>\n\t\t\t\t<\/div>\n\t\t\t\t<div class=\"elementor-element elementor-element-4c8d2d6 elementor-widget elementor-widget-text-editor\" data-id=\"4c8d2d6\" data-element_type=\"widget\" data-widget_type=\"text-editor.default\">\n\t\t\t\t<div class=\"elementor-widget-container\">\n\t\t\t\t\t\t\t\t\t<p>Die Zulassungskommission leitet nach Abschluss des Verfahrens dem Studienb\u00fcro die Entscheidungen weiter. Dieses benachrichtigt die Bewerber schriftlich. Den Zugelassenen sollte dann auch die Immatrikulationsunterlagen und eine Einladung zum Mathevorkurs beiliegen. Die Immatrikulationsunterlagen f\u00fcllst du dann aus und schickst sie wieder an das Studienb\u00fcro und \u00fcberweist rechtzeitig (!) den Semesterbeitrag. Sp\u00e4ter bekommst du dann deinen Studentenausweis und bist damit offiziell Student. Jetzt beginnt dein Studium mit der O-Phase. Jetzt beginnt dein Studium mit der O-Phase.<\/p>\t\t\t\t\t\t\t\t<\/div>\n\t\t\t\t<\/div>\n\t\t\t\t\t<\/div>\n\t\t\t\t<\/div>\n\t\t<div class=\"elementor-element elementor-element-cc25f30 e-flex e-con-boxed qodef-elementor-content-no e-con e-parent\" data-id=\"cc25f30\" data-element_type=\"container\">\n\t\t\t\t\t<div class=\"e-con-inner\">\n\t\t\t\t\t<\/div>\n\t\t\t\t<\/div>\n\t\t\t\t<\/div>","protected":false},"excerpt":{"rendered":"<p>Wie wird man Student in Karlsruhe Folgende Schritte f\u00fchren dich an die Uni: 1. Informiere dich!\u00a02. Bewerbung\u00a03. Immatrikulation 1. Informiere dich! Als aller erstes solltest du dir dar\u00fcber klar werden, ob du dir bei deiner Entscheidung f\u00fcr Biologie\/Chemie\/Lehramt\/chemische Biologie\/Lebensmittelchemie und Karlsruhe als Studienort sicher bist. Damit kannst du einen Studienabbruch vermeiden und viel Zeit und &hellip; <a href=\"https:\/\/fs-chembio.kit.edu\/en\/vor-dem-studium\/\" class=\"more-link\">Continue reading <span class=\"screen-reader-text\">Before your Studies<\/span> <span class=\"meta-nav\">&rarr;<\/span><\/a><\/p>","protected":false},"author":1,"featured_media":0,"parent":0,"menu_order":0,"comment_status":"closed","ping_status":"closed","template":"","meta":{"footnotes":""},"class_list":["post-77","page","type-page","status-publish","hentry"],"_links":{"self":[{"href":"https:\/\/fs-chembio.kit.edu\/en\/wp-json\/wp\/v2\/pages\/77","targetHints":{"allow":["GET"]}}],"collection":[{"href":"https:\/\/fs-chembio.kit.edu\/en\/wp-json\/wp\/v2\/pages"}],"about":[{"href":"https:\/\/fs-chembio.kit.edu\/en\/wp-json\/wp\/v2\/types\/page"}],"author":[{"embeddable":true,"href":"https:\/\/fs-chembio.kit.edu\/en\/wp-json\/wp\/v2\/users\/1"}],"replies":[{"embeddable":true,"href":"https:\/\/fs-chembio.kit.edu\/en\/wp-json\/wp\/v2\/comments?post=77"}],"version-history":[{"count":13,"href":"https:\/\/fs-chembio.kit.edu\/en\/wp-json\/wp\/v2\/pages\/77\/revisions"}],"predecessor-version":[{"id":942,"href":"https:\/\/fs-chembio.kit.edu\/en\/wp-json\/wp\/v2\/pages\/77\/revisions\/942"}],"wp:attachment":[{"href":"https:\/\/fs-chembio.kit.edu\/en\/wp-json\/wp\/v2\/media?parent=77"}],"curies":[{"name":"wp","href":"https:\/\/api.w.org\/{rel}","templated":true}]}}