{"id":78,"date":"2025-04-26T10:39:54","date_gmt":"2025-04-26T08:39:54","guid":{"rendered":"https:\/\/fs-chembio.kit.edu\/?page_id=78"},"modified":"2025-07-07T12:49:43","modified_gmt":"2025-07-07T10:49:43","slug":"im-studium","status":"publish","type":"page","link":"https:\/\/fs-chembio.kit.edu\/en\/im-studium\/","title":{"rendered":"Starting your Studies"},"content":{"rendered":"<div data-elementor-type=\"wp-page\" data-elementor-id=\"78\" class=\"elementor elementor-78\">\n\t\t\t\t<div class=\"elementor-element elementor-element-e6d3763 e-flex e-con-boxed qodef-elementor-content-no e-con e-parent\" data-id=\"e6d3763\" data-element_type=\"container\">\n\t\t\t\t\t<div class=\"e-con-inner\">\n\t\t\t\t<div class=\"elementor-element elementor-element-adab172 elementor-widget elementor-widget-text-editor\" data-id=\"adab172\" data-element_type=\"widget\" data-widget_type=\"text-editor.default\">\n\t\t\t\t<div class=\"elementor-widget-container\">\n\t\t\t\t\t\t\t\t\t<p>You\u2019re finally enrolled, but don\u2019t know what to do or where to start? Then you\u2019ve come to the right place:<\/p>\t\t\t\t\t\t\t\t<\/div>\n\t\t\t\t<\/div>\n\t\t\t\t\t<\/div>\n\t\t\t\t<\/div>\n\t\t<div class=\"elementor-element elementor-element-abbe898 e-flex e-con-boxed qodef-elementor-content-no e-con e-parent\" data-id=\"abbe898\" data-element_type=\"container\">\n\t\t\t\t\t<div class=\"e-con-inner\">\n\t\t\t\t<div class=\"elementor-element elementor-element-904b09d elementor-widget elementor-widget-heading\" data-id=\"904b09d\" data-element_type=\"widget\" data-widget_type=\"heading.default\">\n\t\t\t\t<div class=\"elementor-widget-container\">\n\t\t\t\t\t<h3 class=\"elementor-heading-title elementor-size-default\">University<\/h3>\t\t\t\t<\/div>\n\t\t\t\t<\/div>\n\t\t\t\t<div class=\"elementor-element elementor-element-213c3cd elementor-widget elementor-widget-text-editor\" data-id=\"213c3cd\" data-element_type=\"widget\" data-widget_type=\"text-editor.default\">\n\t\t\t\t<div class=\"elementor-widget-container\">\n\t\t\t\t\t\t\t\t\t<p>KIT has its <a title=\"https:\/\/www.sle.kit.edu\/imstudium\/studienstart.php\" href=\"https:\/\/www.sle.kit.edu\/imstudium\/studienstart.php\" target=\"_blank\" rel=\"noopener\"><strong>own website<\/strong><\/a> to help you get started with your studies. For the degree programs at our faculty, there is also the <a title=\"https:\/\/startklar.chem-bio.kit.edu\/index.php\" href=\"https:\/\/startklar.chem-bio.kit.edu\/index.php\" target=\"_blank\" rel=\"noopener\"><strong>Startklar<\/strong><\/a>website, where you can find information and links to all kinds of introductory events for our department, from preliminary courses to mentoring throughout the first semester.<\/p><p>However, the wealth of information can be quite overwhelming, so we strongly recommend our <a title=\"Orientation Week\" href=\"https:\/\/fs-chembio.kit.edu\/en\/o-phase\/\"><strong>Orientation Week<\/strong><\/a>where tutors can show you what is important and answer your questions. In addition, the lab coat fitting takes place there, where you can order your first lab set.<\/p>\t\t\t\t\t\t\t\t<\/div>\n\t\t\t\t<\/div>\n\t\t\t\t\t<\/div>\n\t\t\t\t<\/div>\n\t\t<div class=\"elementor-element elementor-element-80fd26f e-flex e-con-boxed qodef-elementor-content-no e-con e-parent\" data-id=\"80fd26f\" data-element_type=\"container\">\n\t\t\t\t\t<div class=\"e-con-inner\">\n\t\t\t\t<div class=\"elementor-element elementor-element-08d99f4 elementor-widget elementor-widget-heading\" data-id=\"08d99f4\" data-element_type=\"widget\" data-widget_type=\"heading.default\">\n\t\t\t\t<div class=\"elementor-widget-container\">\n\t\t\t\t\t<h3 class=\"elementor-heading-title elementor-size-default\">Finding accommodation<\/h3>\t\t\t\t<\/div>\n\t\t\t\t<\/div>\n\t\t\t\t\t<\/div>\n\t\t\t\t<\/div>\n\t\t<div class=\"elementor-element elementor-element-2e7892a e-flex e-con-boxed qodef-elementor-content-no e-con e-parent\" data-id=\"2e7892a\" data-element_type=\"container\">\n\t\t\t\t\t<div class=\"e-con-inner\">\n\t\t\t\t<div class=\"elementor-element elementor-element-419e817 elementor-widget elementor-widget-text-editor\" data-id=\"419e817\" data-element_type=\"widget\" data-widget_type=\"text-editor.default\">\n\t\t\t\t<div class=\"elementor-widget-container\">\n\t\t\t\t\t\t\t\t\t<p>Finding accommodation in Karlsruhe is not easy, but as a student you do have a few options:<\/p><p>You can apply for accommodation at the <strong><a title=\"https:\/\/www.sw-ka.de\/de\/wohnen\" href=\"https:\/\/www.sw-ka.de\/de\/wohnen\" target=\"_blank\" rel=\"noopener\">\"Studierendenwerk\"<\/a><\/strong> , which also offers a private accomodation service.<\/p><p>There are also self-managed dormitories where you can apply directly:<br \/><a title=\"https:\/\/www.hadiko.de\" href=\"https:\/\/www.hadiko.de\" target=\"_blank\" rel=\"noopener\"><strong>HaDiKo<\/strong><\/a><br \/><a title=\"https:\/\/www.hek.whka.de\" href=\"https:\/\/www.hek.whka.de\" target=\"_blank\" rel=\"noopener\"><strong>HEK<\/strong><\/a><a title=\"https:\/\/hfk-online.de\" href=\"https:\/\/hfk-online.de\" target=\"_blank\" rel=\"noopener\"><strong><br \/>HFK<br \/><\/strong><\/a><a title=\"https:\/\/www.insterburg.org\/\" href=\"https:\/\/www.insterburg.org\/\" target=\"_blank\" rel=\"noopener\"><strong>Insterburg<\/strong><\/a><br \/><a title=\"https:\/\/kar.whka.de\/das-wohnheim\" href=\"https:\/\/kar.whka.de\/das-wohnheim\" target=\"_blank\" rel=\"noopener\"><strong>KAR<\/strong><\/a><\/p><p>Otherwise, you can find something on relevant websites such as WG-gesucht or immobilienscout24, and occasionally in regional newspapers (BNN, Wochenblatt Karlsruhe, etc.).<\/p>\t\t\t\t\t\t\t\t<\/div>\n\t\t\t\t<\/div>\n\t\t\t\t\t<\/div>\n\t\t\t\t<\/div>\n\t\t\t\t<\/div>","protected":false},"excerpt":{"rendered":"<p>Ihr seid endlich eingeschrieben, wisst aber gar nicht, was ihr machen sollt und wo ihr anfangen sollt? Dann seid ihr hier genau richtig: Uni Das KIT hat eine eigene Website zur Hilfe beim Studienstart. F\u00fcr die Studieng\u00e4nge an unserer Fakult\u00e4t gibt es auch noch die Website Startklar, wo ihr geb\u00fcndelt Informationen und Links zu allen &hellip; <a href=\"https:\/\/fs-chembio.kit.edu\/en\/im-studium\/\" class=\"more-link\">Continue reading <span class=\"screen-reader-text\">Starting your Studies<\/span> <span class=\"meta-nav\">&rarr;<\/span><\/a><\/p>","protected":false},"author":1,"featured_media":0,"parent":0,"menu_order":0,"comment_status":"closed","ping_status":"closed","template":"","meta":{"footnotes":""},"class_list":["post-78","page","type-page","status-publish","hentry"],"_links":{"self":[{"href":"https:\/\/fs-chembio.kit.edu\/en\/wp-json\/wp\/v2\/pages\/78","targetHints":{"allow":["GET"]}}],"collection":[{"href":"https:\/\/fs-chembio.kit.edu\/en\/wp-json\/wp\/v2\/pages"}],"about":[{"href":"https:\/\/fs-chembio.kit.edu\/en\/wp-json\/wp\/v2\/types\/page"}],"author":[{"embeddable":true,"href":"https:\/\/fs-chembio.kit.edu\/en\/wp-json\/wp\/v2\/users\/1"}],"replies":[{"embeddable":true,"href":"https:\/\/fs-chembio.kit.edu\/en\/wp-json\/wp\/v2\/comments?post=78"}],"version-history":[{"count":11,"href":"https:\/\/fs-chembio.kit.edu\/en\/wp-json\/wp\/v2\/pages\/78\/revisions"}],"predecessor-version":[{"id":602,"href":"https:\/\/fs-chembio.kit.edu\/en\/wp-json\/wp\/v2\/pages\/78\/revisions\/602"}],"wp:attachment":[{"href":"https:\/\/fs-chembio.kit.edu\/en\/wp-json\/wp\/v2\/media?parent=78"}],"curies":[{"name":"wp","href":"https:\/\/api.w.org\/{rel}","templated":true}]}}