{"id":81,"date":"2025-04-26T10:39:54","date_gmt":"2025-04-26T08:39:54","guid":{"rendered":"https:\/\/fs-chembio.kit.edu\/?page_id=81"},"modified":"2025-04-26T13:14:44","modified_gmt":"2025-04-26T11:14:44","slug":"biologie","status":"publish","type":"page","link":"https:\/\/fs-chembio.kit.edu\/en\/biologie\/","title":{"rendered":"Biology"},"content":{"rendered":"<div data-elementor-type=\"wp-page\" data-elementor-id=\"81\" class=\"elementor elementor-81\">\n\t\t\t\t<div class=\"elementor-element elementor-element-426d75a e-flex e-con-boxed qodef-elementor-content-no e-con e-parent\" data-id=\"426d75a\" data-element_type=\"container\">\n\t\t\t\t\t<div class=\"e-con-inner\">\n\t\t<div class=\"elementor-element elementor-element-7a5423d e-con-full e-flex qodef-elementor-content-no e-con e-child\" data-id=\"7a5423d\" data-element_type=\"container\">\n\t\t\t\t<div class=\"elementor-element elementor-element-45a6c2a elementor-widget elementor-widget-heading\" data-id=\"45a6c2a\" data-element_type=\"widget\" data-widget_type=\"heading.default\">\n\t\t\t\t<div class=\"elementor-widget-container\">\n\t\t\t\t\t<h3 class=\"elementor-heading-title elementor-size-default\">Bachelor<\/h3>\t\t\t\t<\/div>\n\t\t\t\t<\/div>\n\t\t\t\t<div class=\"elementor-element elementor-element-4e4af48 elementor-widget elementor-widget-text-editor\" data-id=\"4e4af48\" data-element_type=\"widget\" data-widget_type=\"text-editor.default\">\n\t\t\t\t<div class=\"elementor-widget-container\">\n\t\t\t\t\t\t\t\t\t<p>Im Bachelorstudium besch\u00e4ftigt man sich mit den Grundlagen der Biologie in den Bereichen Botanik, Zoologie, Mikrobiologie, Genetik, Evolution und Artenkonzepte. Ebenfalls werden<br \/>biologische Konzepte, Methoden und Geografie gelehrt.<\/p><p>Als Nebenf\u00e4cher belegt man Grundwissen aus Anorganischer und Organischer Chemie, Mathematik, Statistik und Physik. Labor-\/Feldpraktika aus der Biologie, Chemie und Informatik Bereich bringen auch praktische Erfahrungen in das Studium.<\/p><p>Am Anfang des Studiums kann man sich zwischen zwei unterschiedlichen Studienrichtungen entscheiden, der Allgemeinen Biologie und der Angewandten Biologie, wobei letztere Richtung nur Platz f\u00fcr etwa 30 Studierende bieten kann. Teilweise ist es noch m\u00f6glich, zum 2. Semester die Studienrichtung zu wechseln.<\/p><p>Die Allgemeine Biologie besch\u00e4ftigt sich mit der biologischen Grundforschungsbereichen, also der Botanik, der Zoologie und v.a. der Molekularen Biologie und Genetik. Dar\u00fcber hinaus geht man auch auf die Forschungsmethoden ein und gewinnt einen Einblick in aktuelle Fortschritte.<br \/>Die Angewandte Biologie besch\u00e4ftigt sich mit der technologischen Anwendung von biologischen Stoffen und Verfahrenstechniken. Oftmals arbeitet man auch mit Firmen au\u00dferhalb des KIT zusammen.<\/p><p>Die Erfolgskontrollen erfolgen vor Allem in Form von Klausuren, es kann aber sein, dass ein<br \/>bestandenes Praktikum die Voraussetzung f\u00fcr die Klausur ist.<\/p>\t\t\t\t\t\t\t\t<\/div>\n\t\t\t\t<\/div>\n\t\t\t\t<div class=\"elementor-element elementor-element-f28c62b elementor-align-center elementor-widget elementor-widget-button\" data-id=\"f28c62b\" data-element_type=\"widget\" data-widget_type=\"button.default\">\n\t\t\t\t<div class=\"elementor-widget-container\">\n\t\t\t\t\t\t\t\t\t<div class=\"elementor-button-wrapper\">\n\t\t\t\t\t<a class=\"elementor-button elementor-button-link elementor-size-sm\" href=\"https:\/\/www.sle.kit.edu\/vorstudium\/bachelor-biologie.php\" target=\"_blank\">\n\t\t\t\t\t\t<span class=\"elementor-button-content-wrapper\">\n\t\t\t\t\t\t\t\t\t<span class=\"elementor-button-text\">Bewerbung und Zulassung<\/span>\n\t\t\t\t\t<\/span>\n\t\t\t\t\t<\/a>\n\t\t\t\t<\/div>\n\t\t\t\t\t\t\t\t<\/div>\n\t\t\t\t<\/div>\n\t\t\t\t<div class=\"elementor-element elementor-element-ea6ce4b elementor-align-center elementor-widget elementor-widget-button\" data-id=\"ea6ce4b\" data-element_type=\"widget\" data-widget_type=\"button.default\">\n\t\t\t\t<div class=\"elementor-widget-container\">\n\t\t\t\t\t\t\t\t\t<div class=\"elementor-button-wrapper\">\n\t\t\t\t\t<a class=\"elementor-button elementor-button-link elementor-size-sm\" href=\"https:\/\/www.biologie.kit.edu\/808.php\" target=\"_blank\">\n\t\t\t\t\t\t<span class=\"elementor-button-content-wrapper\">\n\t\t\t\t\t\t\t\t\t<span class=\"elementor-button-text\">Studienplan \/ Modulhandbuch \/ Pr\u00fcfungsordnung<\/span>\n\t\t\t\t\t<\/span>\n\t\t\t\t\t<\/a>\n\t\t\t\t<\/div>\n\t\t\t\t\t\t\t\t<\/div>\n\t\t\t\t<\/div>\n\t\t\t\t<div class=\"elementor-element elementor-element-e37bb1c elementor-align-center elementor-widget elementor-widget-button\" data-id=\"e37bb1c\" data-element_type=\"widget\" data-widget_type=\"button.default\">\n\t\t\t\t<div class=\"elementor-widget-container\">\n\t\t\t\t\t\t\t\t\t<div class=\"elementor-button-wrapper\">\n\t\t\t\t\t<a class=\"elementor-button elementor-button-link elementor-size-sm\" href=\"https:\/\/www.biologie.kit.edu\/308.php\" target=\"_blank\">\n\t\t\t\t\t\t<span class=\"elementor-button-content-wrapper\">\n\t\t\t\t\t\t\t\t\t<span class=\"elementor-button-text\">Stundenplan Allgemeine Biologie 1. Semester<\/span>\n\t\t\t\t\t<\/span>\n\t\t\t\t\t<\/a>\n\t\t\t\t<\/div>\n\t\t\t\t\t\t\t\t<\/div>\n\t\t\t\t<\/div>\n\t\t\t\t<div class=\"elementor-element elementor-element-0136210 elementor-align-center elementor-widget elementor-widget-button\" data-id=\"0136210\" data-element_type=\"widget\" data-widget_type=\"button.default\">\n\t\t\t\t<div class=\"elementor-widget-container\">\n\t\t\t\t\t\t\t\t\t<div class=\"elementor-button-wrapper\">\n\t\t\t\t\t<a class=\"elementor-button elementor-button-link elementor-size-sm\" href=\"https:\/\/www.biologie.kit.edu\/84.php\" target=\"_blank\">\n\t\t\t\t\t\t<span class=\"elementor-button-content-wrapper\">\n\t\t\t\t\t\t\t\t\t<span class=\"elementor-button-text\">Stundenplan Angewandte Biologie 1. Semester<\/span>\n\t\t\t\t\t<\/span>\n\t\t\t\t\t<\/a>\n\t\t\t\t<\/div>\n\t\t\t\t\t\t\t\t<\/div>\n\t\t\t\t<\/div>\n\t\t\t\t<\/div>\n\t\t<div class=\"elementor-element elementor-element-eb7f90b e-con-full e-flex qodef-elementor-content-no e-con e-child\" data-id=\"eb7f90b\" data-element_type=\"container\">\n\t\t\t\t<div class=\"elementor-element elementor-element-9b5aed6 elementor-widget elementor-widget-heading\" data-id=\"9b5aed6\" data-element_type=\"widget\" data-widget_type=\"heading.default\">\n\t\t\t\t<div class=\"elementor-widget-container\">\n\t\t\t\t\t<h3 class=\"elementor-heading-title elementor-size-default\">Master\n<\/h3>\t\t\t\t<\/div>\n\t\t\t\t<\/div>\n\t\t\t\t<div class=\"elementor-element elementor-element-e0d2c6a elementor-widget elementor-widget-text-editor\" data-id=\"e0d2c6a\" data-element_type=\"widget\" data-widget_type=\"text-editor.default\">\n\t\t\t\t<div class=\"elementor-widget-container\">\n\t\t\t\t\t\t\t\t\t<p>\u00a0Im Masterstudium ist das Semester in 4 Bl\u00f6cke aus jeweils vier Wochen aufgeteilt. In diesen Bl\u00f6cken k\u00f6nnen Forschungsmodule, Projektmodule oder Exkursionen\/Seminare abgelegt<br \/>werden. Au\u00dferdem w\u00e4hlt man am Anfang des Masters drei Bereiche, in denen man dann nachfolgend seine Mastermodule ablegen darf.<br \/>Insgesamt gibt es 12 Bereiche, die von Zellbiologie \u00fcber Botanik oder Zoologie bis hin zu Toxikologie reichen k\u00f6nnen.<\/p><p>Forschungsmodule, oder auch F2, sind blockbasierte Wahlmodule, die eine Praktikumsphase und einem Lernnachweis beinhalten. Die F2 sind zu Semesterbeginn w\u00e4hlbar und werden in einem der 4 Bl\u00f6cke absolviert. Pro gew\u00e4hlten Bereich sollen zwei F2 absolviert werden, jedes Semester darf man maximal 2 F2 machen.<\/p><p>Projektmodule, oder auch F3, sind gr\u00f6\u00dfere Projekte, dessen Umfang und Zeitraum individuell mit der Arbeitsgruppe ausgemacht werden, hei\u00dft man ist frei von der Blockeinteilung. In zwei gew\u00e4hlten Bereichen soll je ein F3 absolviert werden, d.h. am Ende sollen zwei F3 belegt werden.<\/p><p>Am besten w\u00e4hlt man die Bereiche, in denen man bereits sein F2 hatte oder ein F2 machen will. Neben Seminaren, zum Bespiel zur Pr\u00e4sentationstechnik oder Interdisziplinarit\u00e4t, nimmt man<br \/>auch an einer Gro\u00dfexkursion teil, welche zu festgelegten Zeiten im Sommer stattfindet.<br \/>Voraussetzung f\u00fcr die Gro\u00dfexkursion ist die jeweils dazugeh\u00f6rige Vorlesung.<\/p>\t\t\t\t\t\t\t\t<\/div>\n\t\t\t\t<\/div>\n\t\t\t\t<div class=\"elementor-element elementor-element-796c20d elementor-align-center elementor-widget elementor-widget-button\" data-id=\"796c20d\" data-element_type=\"widget\" data-widget_type=\"button.default\">\n\t\t\t\t<div class=\"elementor-widget-container\">\n\t\t\t\t\t\t\t\t\t<div class=\"elementor-button-wrapper\">\n\t\t\t\t\t<a class=\"elementor-button elementor-button-link elementor-size-sm\" href=\"https:\/\/www.biologie.kit.edu\/825.php\" target=\"_blank\">\n\t\t\t\t\t\t<span class=\"elementor-button-content-wrapper\">\n\t\t\t\t\t\t\t\t\t<span class=\"elementor-button-text\">Studienplan \/ Modulhandbuch \/ Pr\u00fcfungsordnung<\/span>\n\t\t\t\t\t<\/span>\n\t\t\t\t\t<\/a>\n\t\t\t\t<\/div>\n\t\t\t\t\t\t\t\t<\/div>\n\t\t\t\t<\/div>\n\t\t\t\t<\/div>\n\t\t\t\t\t<\/div>\n\t\t\t\t<\/div>\n\t\t<div class=\"elementor-element elementor-element-e96207e e-flex e-con-boxed qodef-elementor-content-no e-con e-parent\" data-id=\"e96207e\" data-element_type=\"container\">\n\t\t\t\t\t<div class=\"e-con-inner\">\n\t\t\t\t\t<\/div>\n\t\t\t\t<\/div>\n\t\t\t\t<\/div>","protected":false},"excerpt":{"rendered":"<p>Bachelor Im Bachelorstudium besch\u00e4ftigt man sich mit den Grundlagen der Biologie in den Bereichen Botanik, Zoologie, Mikrobiologie, Genetik, Evolution und Artenkonzepte. Ebenfalls werdenbiologische Konzepte, Methoden und Geografie gelehrt. Als Nebenf\u00e4cher belegt man Grundwissen aus Anorganischer und Organischer Chemie, Mathematik, Statistik und Physik. Labor-\/Feldpraktika aus der Biologie, Chemie und Informatik Bereich bringen auch praktische Erfahrungen in &hellip; <a href=\"https:\/\/fs-chembio.kit.edu\/en\/biologie\/\" class=\"more-link\">Continue reading <span class=\"screen-reader-text\">Biology<\/span> <span class=\"meta-nav\">&rarr;<\/span><\/a><\/p>","protected":false},"author":1,"featured_media":0,"parent":0,"menu_order":0,"comment_status":"closed","ping_status":"closed","template":"","meta":{"footnotes":""},"class_list":["post-81","page","type-page","status-publish","hentry"],"_links":{"self":[{"href":"https:\/\/fs-chembio.kit.edu\/en\/wp-json\/wp\/v2\/pages\/81","targetHints":{"allow":["GET"]}}],"collection":[{"href":"https:\/\/fs-chembio.kit.edu\/en\/wp-json\/wp\/v2\/pages"}],"about":[{"href":"https:\/\/fs-chembio.kit.edu\/en\/wp-json\/wp\/v2\/types\/page"}],"author":[{"embeddable":true,"href":"https:\/\/fs-chembio.kit.edu\/en\/wp-json\/wp\/v2\/users\/1"}],"replies":[{"embeddable":true,"href":"https:\/\/fs-chembio.kit.edu\/en\/wp-json\/wp\/v2\/comments?post=81"}],"version-history":[{"count":5,"href":"https:\/\/fs-chembio.kit.edu\/en\/wp-json\/wp\/v2\/pages\/81\/revisions"}],"predecessor-version":[{"id":420,"href":"https:\/\/fs-chembio.kit.edu\/en\/wp-json\/wp\/v2\/pages\/81\/revisions\/420"}],"wp:attachment":[{"href":"https:\/\/fs-chembio.kit.edu\/en\/wp-json\/wp\/v2\/media?parent=81"}],"curies":[{"name":"wp","href":"https:\/\/api.w.org\/{rel}","templated":true}]}}