{"id":82,"date":"2025-04-26T10:39:54","date_gmt":"2025-04-26T08:39:54","guid":{"rendered":"https:\/\/fs-chembio.kit.edu\/?page_id=82"},"modified":"2025-04-26T17:03:40","modified_gmt":"2025-04-26T15:03:40","slug":"chemie","status":"publish","type":"page","link":"https:\/\/fs-chembio.kit.edu\/en\/chemie\/","title":{"rendered":"Chemistry"},"content":{"rendered":"<div data-elementor-type=\"wp-page\" data-elementor-id=\"82\" class=\"elementor elementor-82\">\n\t\t\t\t<div class=\"elementor-element elementor-element-d2073a7 e-flex e-con-boxed qodef-elementor-content-no e-con e-parent\" data-id=\"d2073a7\" data-element_type=\"container\">\n\t\t\t\t\t<div class=\"e-con-inner\">\n\t\t\t\t<div class=\"elementor-element elementor-element-9a3fb8f elementor-widget elementor-widget-heading\" data-id=\"9a3fb8f\" data-element_type=\"widget\" data-widget_type=\"heading.default\">\n\t\t\t\t<div class=\"elementor-widget-container\">\n\t\t\t\t\t<h2 class=\"elementor-heading-title elementor-size-default\">Aufbau des Studiums<\/h2>\t\t\t\t<\/div>\n\t\t\t\t<\/div>\n\t\t\t\t\t<\/div>\n\t\t\t\t<\/div>\n\t\t<div class=\"elementor-element elementor-element-2c5761e e-flex e-con-boxed qodef-elementor-content-no e-con e-parent\" data-id=\"2c5761e\" data-element_type=\"container\">\n\t\t\t\t\t<div class=\"e-con-inner\">\n\t\t<div class=\"elementor-element elementor-element-1dbd268 e-con-full e-flex qodef-elementor-content-no e-con e-child\" data-id=\"1dbd268\" data-element_type=\"container\">\n\t\t\t\t<div class=\"elementor-element elementor-element-b17fedd elementor-widget elementor-widget-heading\" data-id=\"b17fedd\" data-element_type=\"widget\" data-widget_type=\"heading.default\">\n\t\t\t\t<div class=\"elementor-widget-container\">\n\t\t\t\t\t<h3 class=\"elementor-heading-title elementor-size-default\">Bachelor<\/h3>\t\t\t\t<\/div>\n\t\t\t\t<\/div>\n\t\t\t\t<div class=\"elementor-element elementor-element-8c3d798 elementor-widget elementor-widget-text-editor\" data-id=\"8c3d798\" data-element_type=\"widget\" data-widget_type=\"text-editor.default\">\n\t\t\t\t<div class=\"elementor-widget-container\">\n\t\t\t\t\t\t\t\t\t<p>Im Bachelorstudium besch\u00e4ftigt man sich anfangs mit den Grundlagen der Chemie in den Bereichen Anorganische Chemie, Organische Chemie, Mathematik, Physik, Physikalische Chemie und angewandten Chemie. Nach Regelstudienzeit ist dies f\u00fcr die ersten 4 Semester vorgesehen.<\/p><p>Sobald man diese beherrscht kann man in den Fortgeschrittenveranstaltungen eigene Schwerpunkte legen.\u00a0Zur Wahl stehen drei Ausrichtungen:<\/p><p>A: Die &#8222;klassische&#8220; Chemie, mit einem Fokus auf die Synthese und Analytik in der organischen und anorganischen Chemie.\u00a0<\/p><p>B: Die physikalische Chemie, mit einem Fokus auf\u00a0Messungen und Simulationen von chemischen Vorg\u00e4ngen.\u00a0<\/p><p>C: Die technische und Polymerchemie, mit einem Fokus auf Katalyse und den Bau von Anlagen f\u00fcr die Industrie sowie der Herstellung von Kunststoffen.<\/p><p>Das Studium wird von zahlreichen Laborpraktika in den unterschiedlichen Bereichen begleitet. Die Erfolgskontrolle in der Chemie erfolgt durch kleinere unbenotete Studienleistungen (Klausuren\/Praktika) die bestanden werden m\u00fcssen um zu den benoteten Modulabschlusspr\u00fcfungen (MAPs) zugelassen zu werden. Die MAPs sind in aller Regel m\u00fcndlich und werden nach dem Arbeitsaufwand in den einzelnen Modulen gewichtet.\u00a0<\/p>\t\t\t\t\t\t\t\t<\/div>\n\t\t\t\t<\/div>\n\t\t\t\t<div class=\"elementor-element elementor-element-7f963bf elementor-align-center elementor-widget elementor-widget-button\" data-id=\"7f963bf\" data-element_type=\"widget\" data-widget_type=\"button.default\">\n\t\t\t\t<div class=\"elementor-widget-container\">\n\t\t\t\t\t\t\t\t\t<div class=\"elementor-button-wrapper\">\n\t\t\t\t\t<a class=\"elementor-button elementor-button-link elementor-size-sm\" href=\"https:\/\/www.sle.kit.edu\/vorstudium\/bachelor-chemie.php\" target=\"_blank\">\n\t\t\t\t\t\t<span class=\"elementor-button-content-wrapper\">\n\t\t\t\t\t\t\t\t\t<span class=\"elementor-button-text\">Bewerbung und Zulassung<\/span>\n\t\t\t\t\t<\/span>\n\t\t\t\t\t<\/a>\n\t\t\t\t<\/div>\n\t\t\t\t\t\t\t\t<\/div>\n\t\t\t\t<\/div>\n\t\t\t\t<div class=\"elementor-element elementor-element-f6cb55b elementor-align-center elementor-widget elementor-widget-button\" data-id=\"f6cb55b\" data-element_type=\"widget\" data-widget_type=\"button.default\">\n\t\t\t\t<div class=\"elementor-widget-container\">\n\t\t\t\t\t\t\t\t\t<div class=\"elementor-button-wrapper\">\n\t\t\t\t\t<a class=\"elementor-button elementor-button-link elementor-size-sm\" href=\"https:\/\/www.sle.kit.edu\/downloads\/AmtlicheBekanntmachungen\/2014_AB_050.pdf\" target=\"_blank\">\n\t\t\t\t\t\t<span class=\"elementor-button-content-wrapper\">\n\t\t\t\t\t\t\t\t\t<span class=\"elementor-button-text\">Studien- und Pr\u00fcfungsordnung<\/span>\n\t\t\t\t\t<\/span>\n\t\t\t\t\t<\/a>\n\t\t\t\t<\/div>\n\t\t\t\t\t\t\t\t<\/div>\n\t\t\t\t<\/div>\n\t\t\t\t<div class=\"elementor-element elementor-element-b1679b5 elementor-align-center elementor-widget elementor-widget-button\" data-id=\"b1679b5\" data-element_type=\"widget\" data-widget_type=\"button.default\">\n\t\t\t\t<div class=\"elementor-widget-container\">\n\t\t\t\t\t\t\t\t\t<div class=\"elementor-button-wrapper\">\n\t\t\t\t\t<a class=\"elementor-button elementor-button-link elementor-size-sm\" href=\"https:\/\/www.chem-bio.kit.edu\/Fakultaet\/Chemie_BSc_82-032-H-2014_de.pdf\" target=\"_blank\">\n\t\t\t\t\t\t<span class=\"elementor-button-content-wrapper\">\n\t\t\t\t\t\t\t\t\t<span class=\"elementor-button-text\">Modulhandbuch<\/span>\n\t\t\t\t\t<\/span>\n\t\t\t\t\t<\/a>\n\t\t\t\t<\/div>\n\t\t\t\t\t\t\t\t<\/div>\n\t\t\t\t<\/div>\n\t\t\t\t<div class=\"elementor-element elementor-element-c8aa184 elementor-align-center elementor-widget elementor-widget-button\" data-id=\"c8aa184\" data-element_type=\"widget\" data-widget_type=\"button.default\">\n\t\t\t\t<div class=\"elementor-widget-container\">\n\t\t\t\t\t\t\t\t\t<div class=\"elementor-button-wrapper\">\n\t\t\t\t\t<a class=\"elementor-button elementor-button-link elementor-size-sm\" href=\"https:\/\/fs-chembio.kit.edu\/wp-content\/uploads\/2025\/04\/Stundenplaene_Chemie-2.pdf\" target=\"_blank\">\n\t\t\t\t\t\t<span class=\"elementor-button-content-wrapper\">\n\t\t\t\t\t\t\t\t\t<span class=\"elementor-button-text\">Stundenplan 1. Semester<\/span>\n\t\t\t\t\t<\/span>\n\t\t\t\t\t<\/a>\n\t\t\t\t<\/div>\n\t\t\t\t\t\t\t\t<\/div>\n\t\t\t\t<\/div>\n\t\t\t\t<\/div>\n\t\t<div class=\"elementor-element elementor-element-870c89a e-con-full e-flex qodef-elementor-content-no e-con e-child\" data-id=\"870c89a\" data-element_type=\"container\">\n\t\t\t\t<div class=\"elementor-element elementor-element-a97366e elementor-widget elementor-widget-heading\" data-id=\"a97366e\" data-element_type=\"widget\" data-widget_type=\"heading.default\">\n\t\t\t\t<div class=\"elementor-widget-container\">\n\t\t\t\t\t<h3 class=\"elementor-heading-title elementor-size-default\">Master<\/h3>\t\t\t\t<\/div>\n\t\t\t\t<\/div>\n\t\t\t\t<div class=\"elementor-element elementor-element-a81d5b0 elementor-widget elementor-widget-text-editor\" data-id=\"a81d5b0\" data-element_type=\"widget\" data-widget_type=\"text-editor.default\">\n\t\t\t\t<div class=\"elementor-widget-container\">\n\t\t\t\t\t\t\t\t\t<p>Das Masterstudium besteht aus einem weiteren Semester Fortgeschrittenenmodul, einem Semester Wahlfach, in dem man eine etwas gr\u00f6\u00dfere Auswahl hat,\u00a0gefolgt von einer Vertieferarbeit (\u00e4hnlich der Bachelorarbeit) und zugeh\u00f6rigen Vorlesungen und abschlie\u00dfend der Masterarbeit.<\/p>\t\t\t\t\t\t\t\t<\/div>\n\t\t\t\t<\/div>\n\t\t\t\t<div class=\"elementor-element elementor-element-84f17a3 elementor-align-center elementor-widget elementor-widget-button\" data-id=\"84f17a3\" data-element_type=\"widget\" data-widget_type=\"button.default\">\n\t\t\t\t<div class=\"elementor-widget-container\">\n\t\t\t\t\t\t\t\t\t<div class=\"elementor-button-wrapper\">\n\t\t\t\t\t<a class=\"elementor-button elementor-button-link elementor-size-sm\" href=\"https:\/\/www.chem-bio.kit.edu\/376.php\" target=\"_blank\">\n\t\t\t\t\t\t<span class=\"elementor-button-content-wrapper\">\n\t\t\t\t\t\t\t\t\t<span class=\"elementor-button-text\">Anerkennung Studien-\/Pr\u00fcfungsleistung<\/span>\n\t\t\t\t\t<\/span>\n\t\t\t\t\t<\/a>\n\t\t\t\t<\/div>\n\t\t\t\t\t\t\t\t<\/div>\n\t\t\t\t<\/div>\n\t\t\t\t<\/div>\n\t\t\t\t\t<\/div>\n\t\t\t\t<\/div>\n\t\t<div class=\"elementor-element elementor-element-2f45238 e-flex e-con-boxed qodef-elementor-content-no e-con e-parent\" data-id=\"2f45238\" data-element_type=\"container\">\n\t\t\t\t\t<div class=\"e-con-inner\">\n\t\t\t\t<div class=\"elementor-element elementor-element-6062f97 elementor-widget elementor-widget-heading\" data-id=\"6062f97\" data-element_type=\"widget\" data-widget_type=\"heading.default\">\n\t\t\t\t<div class=\"elementor-widget-container\">\n\t\t\t\t\t<h2 class=\"elementor-heading-title elementor-size-default\">Zur Erinnerung<\/h2>\t\t\t\t<\/div>\n\t\t\t\t<\/div>\n\t\t\t\t\t<\/div>\n\t\t\t\t<\/div>\n\t\t<div class=\"elementor-element elementor-element-2a1f693 e-flex e-con-boxed qodef-elementor-content-no e-con e-parent\" data-id=\"2a1f693\" data-element_type=\"container\">\n\t\t\t\t\t<div class=\"e-con-inner\">\n\t\t\t\t<div class=\"elementor-element elementor-element-381b818 elementor-widget elementor-widget-text-editor\" data-id=\"381b818\" data-element_type=\"widget\" data-widget_type=\"text-editor.default\">\n\t\t\t\t<div class=\"elementor-widget-container\">\n\t\t\t\t\t\t\t\t\t<p>Nach der Beendigung des Grundstudiums steht die Wahl der Studienvariante an. In Regelstudienzeit geschieht dies zum Ende des vierten Semesters.<br \/>Zur Wahl stehen die Studienvariante A (klassische chemisch), Studienvariante B (physikalisch\/mathematisch) und Studienvariante C (technisch\/anwendungsorientiert).<br \/>N\u00e4here Informationen erhaltet ihr im Modulhandbuch und in der im Sommersemester stattfinden Informationsveranstaltung.<\/p>\t\t\t\t\t\t\t\t<\/div>\n\t\t\t\t<\/div>\n\t\t\t\t\t<\/div>\n\t\t\t\t<\/div>\n\t\t\t\t<\/div>","protected":false},"excerpt":{"rendered":"<p>Aufbau des Studiums Bachelor Im Bachelorstudium besch\u00e4ftigt man sich anfangs mit den Grundlagen der Chemie in den Bereichen Anorganische Chemie, Organische Chemie, Mathematik, Physik, Physikalische Chemie und angewandten Chemie. Nach Regelstudienzeit ist dies f\u00fcr die ersten 4 Semester vorgesehen. Sobald man diese beherrscht kann man in den Fortgeschrittenveranstaltungen eigene Schwerpunkte legen.\u00a0Zur Wahl stehen drei Ausrichtungen: &hellip; <a href=\"https:\/\/fs-chembio.kit.edu\/en\/chemie\/\" class=\"more-link\">Continue reading <span class=\"screen-reader-text\">Chemistry<\/span> <span class=\"meta-nav\">&rarr;<\/span><\/a><\/p>","protected":false},"author":1,"featured_media":0,"parent":0,"menu_order":0,"comment_status":"closed","ping_status":"closed","template":"","meta":{"footnotes":""},"class_list":["post-82","page","type-page","status-publish","hentry"],"_links":{"self":[{"href":"https:\/\/fs-chembio.kit.edu\/en\/wp-json\/wp\/v2\/pages\/82","targetHints":{"allow":["GET"]}}],"collection":[{"href":"https:\/\/fs-chembio.kit.edu\/en\/wp-json\/wp\/v2\/pages"}],"about":[{"href":"https:\/\/fs-chembio.kit.edu\/en\/wp-json\/wp\/v2\/types\/page"}],"author":[{"embeddable":true,"href":"https:\/\/fs-chembio.kit.edu\/en\/wp-json\/wp\/v2\/users\/1"}],"replies":[{"embeddable":true,"href":"https:\/\/fs-chembio.kit.edu\/en\/wp-json\/wp\/v2\/comments?post=82"}],"version-history":[{"count":31,"href":"https:\/\/fs-chembio.kit.edu\/en\/wp-json\/wp\/v2\/pages\/82\/revisions"}],"predecessor-version":[{"id":315,"href":"https:\/\/fs-chembio.kit.edu\/en\/wp-json\/wp\/v2\/pages\/82\/revisions\/315"}],"wp:attachment":[{"href":"https:\/\/fs-chembio.kit.edu\/en\/wp-json\/wp\/v2\/media?parent=82"}],"curies":[{"name":"wp","href":"https:\/\/api.w.org\/{rel}","templated":true}]}}