{"id":83,"date":"2025-04-26T10:39:54","date_gmt":"2025-04-26T08:39:54","guid":{"rendered":"https:\/\/fs-chembio.kit.edu\/?page_id=83"},"modified":"2025-04-26T16:58:12","modified_gmt":"2025-04-26T14:58:12","slug":"chemische-biologie","status":"publish","type":"page","link":"https:\/\/fs-chembio.kit.edu\/en\/chemische-biologie\/","title":{"rendered":"Chemical Biology"},"content":{"rendered":"<div data-elementor-type=\"wp-page\" data-elementor-id=\"83\" class=\"elementor elementor-83\">\n\t\t\t\t<div class=\"elementor-element elementor-element-3c6d181 e-flex e-con-boxed qodef-elementor-content-no e-con e-parent\" data-id=\"3c6d181\" data-element_type=\"container\">\n\t\t\t\t\t<div class=\"e-con-inner\">\n\t\t\t\t<div class=\"elementor-element elementor-element-588b1da elementor-widget elementor-widget-heading\" data-id=\"588b1da\" data-element_type=\"widget\" data-widget_type=\"heading.default\">\n\t\t\t\t<div class=\"elementor-widget-container\">\n\t\t\t\t\t<h2 class=\"elementor-heading-title elementor-size-default\">Aufbau des Studiums<\/h2>\t\t\t\t<\/div>\n\t\t\t\t<\/div>\n\t\t\t\t\t<\/div>\n\t\t\t\t<\/div>\n\t\t<div class=\"elementor-element elementor-element-6985801 e-flex e-con-boxed qodef-elementor-content-no e-con e-parent\" data-id=\"6985801\" data-element_type=\"container\">\n\t\t\t\t\t<div class=\"e-con-inner\">\n\t\t<div class=\"elementor-element elementor-element-77602c8 e-con-full e-flex qodef-elementor-content-no e-con e-child\" data-id=\"77602c8\" data-element_type=\"container\">\n\t\t\t\t<div class=\"elementor-element elementor-element-ecc5374 elementor-widget elementor-widget-heading\" data-id=\"ecc5374\" data-element_type=\"widget\" data-widget_type=\"heading.default\">\n\t\t\t\t<div class=\"elementor-widget-container\">\n\t\t\t\t\t<h3 class=\"elementor-heading-title elementor-size-default\">Bachelor<\/h3>\t\t\t\t<\/div>\n\t\t\t\t<\/div>\n\t\t\t\t<div class=\"elementor-element elementor-element-d26c88c elementor-widget elementor-widget-text-editor\" data-id=\"d26c88c\" data-element_type=\"widget\" data-widget_type=\"text-editor.default\">\n\t\t\t\t<div class=\"elementor-widget-container\">\n\t\t\t\t\t\t\t\t\t<p>Der Studiengang Chemische Biologie zeichnet sich vor allem durch seine Interdisziplinarit\u00e4t aus. Chemie und Biologie sind hier die Fachgebiete, die im Fokus stehen. Im Bachelor-Studium besch\u00e4ftigt man sich haupts\u00e4chlich mit den naturwissenschaftlichen Grundlagen, die man dann im Master weitergehend vertieft.<\/p><p>Zu den Grundlagen im Bachelor z\u00e4hlen:<br \/>&#8211; Experimentalphysik<br \/>&#8211; Mathematik<br \/>&#8211; Allgemeine, organische und physikalische Chemie<br \/>&#8211; Allgemeine und molekulare Biologie<br \/>&#8211; Chemische Biologie und Biochemie<\/p><p>Dabei werden zun\u00e4chst die chemischen, mathematischen und biologischen Grundlagen gelehrt, mit Voranschreiten des Studiums werden diese in der chemischen Biologie, Biochemie und biophysikalischen Chemie angewendet und vertieft.\u00a0 Zudem kennzeichnet sich der Studiengang durch die vielen Laborpraktika aus, in welchen in den naturwissenschaftlichen F\u00e4chern auch praktische F\u00e4higkeiten vermittelt werden .Genaueres k\u00f6nnt ihr aus den aus den Webseiten der chemischen Biologie unter den hier aufgef\u00fchrten Links \u201e<a title=\"https:\/\/www.sle.kit.edu\/vorstudium\/bachelor-chemische-biologie.php\" href=\"https:\/\/www.sle.kit.edu\/vorstudium\/bachelor-chemische-biologie.php\" target=\"_blank\" rel=\"noopener\">Bewerbung<\/a>\u201c sowie \u201e<a title=\"https:\/\/cb.chem-bio.kit.edu\/55.php\" href=\"https:\/\/cb.chem-bio.kit.edu\/55.php\" target=\"_blank\" rel=\"noopener\">Studienplan<\/a>\u201c entnehmen.<\/p><p>Im Modulhandbuch findet ihr alles rund um das Thema Modulnoten und Pr\u00fcfungen. Bei Fragen oder Unklarheiten k\u00f6nnt ihr euch jederzeit auch gerne an die Fachschaft wenden. Wir helfen gerne!<\/p>\t\t\t\t\t\t\t\t<\/div>\n\t\t\t\t<\/div>\n\t\t\t\t<div class=\"elementor-element elementor-element-81f6039 elementor-align-center elementor-widget elementor-widget-button\" data-id=\"81f6039\" data-element_type=\"widget\" data-widget_type=\"button.default\">\n\t\t\t\t<div class=\"elementor-widget-container\">\n\t\t\t\t\t\t\t\t\t<div class=\"elementor-button-wrapper\">\n\t\t\t\t\t<a class=\"elementor-button elementor-button-link elementor-size-sm\" href=\"https:\/\/cb.chem-bio.kit.edu\/index.php\" target=\"_blank\">\n\t\t\t\t\t\t<span class=\"elementor-button-content-wrapper\">\n\t\t\t\t\t\t\t\t\t<span class=\"elementor-button-text\">Allgemeine Information<\/span>\n\t\t\t\t\t<\/span>\n\t\t\t\t\t<\/a>\n\t\t\t\t<\/div>\n\t\t\t\t\t\t\t\t<\/div>\n\t\t\t\t<\/div>\n\t\t\t\t<div class=\"elementor-element elementor-element-a63516d elementor-align-center elementor-widget elementor-widget-button\" data-id=\"a63516d\" data-element_type=\"widget\" data-widget_type=\"button.default\">\n\t\t\t\t<div class=\"elementor-widget-container\">\n\t\t\t\t\t\t\t\t\t<div class=\"elementor-button-wrapper\">\n\t\t\t\t\t<a class=\"elementor-button elementor-button-link elementor-size-sm\" href=\"https:\/\/www.sle.kit.edu\/vorstudium\/bachelor-chemische-biologie.php\" target=\"_blank\">\n\t\t\t\t\t\t<span class=\"elementor-button-content-wrapper\">\n\t\t\t\t\t\t\t\t\t<span class=\"elementor-button-text\">Bewerbung<\/span>\n\t\t\t\t\t<\/span>\n\t\t\t\t\t<\/a>\n\t\t\t\t<\/div>\n\t\t\t\t\t\t\t\t<\/div>\n\t\t\t\t<\/div>\n\t\t\t\t<div class=\"elementor-element elementor-element-8ae49f7 elementor-align-center elementor-widget elementor-widget-button\" data-id=\"8ae49f7\" data-element_type=\"widget\" data-widget_type=\"button.default\">\n\t\t\t\t<div class=\"elementor-widget-container\">\n\t\t\t\t\t\t\t\t\t<div class=\"elementor-button-wrapper\">\n\t\t\t\t\t<a class=\"elementor-button elementor-button-link elementor-size-sm\" href=\"https:\/\/cb.chem-bio.kit.edu\/55.php\" target=\"_blank\">\n\t\t\t\t\t\t<span class=\"elementor-button-content-wrapper\">\n\t\t\t\t\t\t\t\t\t<span class=\"elementor-button-text\">Studienplan<\/span>\n\t\t\t\t\t<\/span>\n\t\t\t\t\t<\/a>\n\t\t\t\t<\/div>\n\t\t\t\t\t\t\t\t<\/div>\n\t\t\t\t<\/div>\n\t\t\t\t<div class=\"elementor-element elementor-element-6b68862 elementor-align-center elementor-widget elementor-widget-button\" data-id=\"6b68862\" data-element_type=\"widget\" data-widget_type=\"button.default\">\n\t\t\t\t<div class=\"elementor-widget-container\">\n\t\t\t\t\t\t\t\t\t<div class=\"elementor-button-wrapper\">\n\t\t\t\t\t<a class=\"elementor-button elementor-button-link elementor-size-sm\" href=\"https:\/\/fs-chembio.kit.edu\/wp-content\/uploads\/2025\/04\/Stundenplaene_ChemBio.pdf\" target=\"_blank\">\n\t\t\t\t\t\t<span class=\"elementor-button-content-wrapper\">\n\t\t\t\t\t\t\t\t\t<span class=\"elementor-button-text\">Stundenplan 1. Semester<\/span>\n\t\t\t\t\t<\/span>\n\t\t\t\t\t<\/a>\n\t\t\t\t<\/div>\n\t\t\t\t\t\t\t\t<\/div>\n\t\t\t\t<\/div>\n\t\t\t\t<\/div>\n\t\t<div class=\"elementor-element elementor-element-80155fd e-con-full e-flex qodef-elementor-content-no e-con e-child\" data-id=\"80155fd\" data-element_type=\"container\">\n\t\t\t\t<div class=\"elementor-element elementor-element-a915709 elementor-widget elementor-widget-heading\" data-id=\"a915709\" data-element_type=\"widget\" data-widget_type=\"heading.default\">\n\t\t\t\t<div class=\"elementor-widget-container\">\n\t\t\t\t\t<h3 class=\"elementor-heading-title elementor-size-default\">Master<\/h3>\t\t\t\t<\/div>\n\t\t\t\t<\/div>\n\t\t\t\t<div class=\"elementor-element elementor-element-807e0e0 elementor-widget elementor-widget-text-editor\" data-id=\"807e0e0\" data-element_type=\"widget\" data-widget_type=\"text-editor.default\">\n\t\t\t\t<div class=\"elementor-widget-container\">\n\t\t\t\t\t\t\t\t\t<p>Im Masterstudiengang k\u00f6nnen die meisten Module nach Interesse gew\u00e4hlt werden. Nach dem Fortgeschrittenenmodul in der chemischen Biologie kann zun\u00e4chst zwischen den Wahlpflichtmodulen \u201eOrganische Chemie\u201c, \u201eBiophysikalische Chemie\u201c und \u201eBiologie\u201c gew\u00e4hlt werden. Alle diese Module werden von Laborpraktika begleitet. \u00a0Im Vertiefermodul wird eine Vertieferarbeit (\u00e4hnlich der Bachelorarbeit) mit zwei zugeh\u00f6rigen Vorlesungen absolviert. Die Vertieferarbeit kann wie die Bachelorarbeit in einem Arbeitskreis der Chemie, Biochemie oder Biologie durchgef\u00fchrt werden. Im vierten Semester wird abschlie\u00dfend die Masterarbeit geschrieben. Insgesamt m\u00fcssen auch 12 ETCS an Schl\u00fcsselqualifikationen erlangt werden.<\/p>\t\t\t\t\t\t\t\t<\/div>\n\t\t\t\t<\/div>\n\t\t\t\t<\/div>\n\t\t\t\t\t<\/div>\n\t\t\t\t<\/div>\n\t\t<div class=\"elementor-element elementor-element-f92d6b2 e-flex e-con-boxed qodef-elementor-content-no e-con e-parent\" data-id=\"f92d6b2\" data-element_type=\"container\">\n\t\t\t\t\t<div class=\"e-con-inner\">\n\t\t\t\t<div class=\"elementor-element elementor-element-cc2cacf elementor-align-center elementor-widget elementor-widget-button\" data-id=\"cc2cacf\" data-element_type=\"widget\" data-widget_type=\"button.default\">\n\t\t\t\t<div class=\"elementor-widget-container\">\n\t\t\t\t\t\t\t\t\t<div class=\"elementor-button-wrapper\">\n\t\t\t\t\t<a class=\"elementor-button elementor-button-link elementor-size-sm\" href=\"https:\/\/cb.chem-bio.kit.edu\/78.php\" target=\"_blank\">\n\t\t\t\t\t\t<span class=\"elementor-button-content-wrapper\">\n\t\t\t\t\t\t\t\t\t<span class=\"elementor-button-text\">Modulhandb\u00fccher<\/span>\n\t\t\t\t\t<\/span>\n\t\t\t\t\t<\/a>\n\t\t\t\t<\/div>\n\t\t\t\t\t\t\t\t<\/div>\n\t\t\t\t<\/div>\n\t\t\t\t\t<\/div>\n\t\t\t\t<\/div>\n\t\t\t\t<\/div>","protected":false},"excerpt":{"rendered":"<p>Aufbau des Studiums Bachelor Der Studiengang Chemische Biologie zeichnet sich vor allem durch seine Interdisziplinarit\u00e4t aus. Chemie und Biologie sind hier die Fachgebiete, die im Fokus stehen. Im Bachelor-Studium besch\u00e4ftigt man sich haupts\u00e4chlich mit den naturwissenschaftlichen Grundlagen, die man dann im Master weitergehend vertieft. Zu den Grundlagen im Bachelor z\u00e4hlen:&#8211; Experimentalphysik&#8211; Mathematik&#8211; Allgemeine, organische und &hellip; <a href=\"https:\/\/fs-chembio.kit.edu\/en\/chemische-biologie\/\" class=\"more-link\">Continue reading <span class=\"screen-reader-text\">Chemical Biology<\/span> <span class=\"meta-nav\">&rarr;<\/span><\/a><\/p>","protected":false},"author":1,"featured_media":0,"parent":0,"menu_order":0,"comment_status":"closed","ping_status":"closed","template":"","meta":{"footnotes":""},"class_list":["post-83","page","type-page","status-publish","hentry"],"_links":{"self":[{"href":"https:\/\/fs-chembio.kit.edu\/en\/wp-json\/wp\/v2\/pages\/83","targetHints":{"allow":["GET"]}}],"collection":[{"href":"https:\/\/fs-chembio.kit.edu\/en\/wp-json\/wp\/v2\/pages"}],"about":[{"href":"https:\/\/fs-chembio.kit.edu\/en\/wp-json\/wp\/v2\/types\/page"}],"author":[{"embeddable":true,"href":"https:\/\/fs-chembio.kit.edu\/en\/wp-json\/wp\/v2\/users\/1"}],"replies":[{"embeddable":true,"href":"https:\/\/fs-chembio.kit.edu\/en\/wp-json\/wp\/v2\/comments?post=83"}],"version-history":[{"count":13,"href":"https:\/\/fs-chembio.kit.edu\/en\/wp-json\/wp\/v2\/pages\/83\/revisions"}],"predecessor-version":[{"id":293,"href":"https:\/\/fs-chembio.kit.edu\/en\/wp-json\/wp\/v2\/pages\/83\/revisions\/293"}],"wp:attachment":[{"href":"https:\/\/fs-chembio.kit.edu\/en\/wp-json\/wp\/v2\/media?parent=83"}],"curies":[{"name":"wp","href":"https:\/\/api.w.org\/{rel}","templated":true}]}}