{"id":84,"date":"2025-04-26T10:39:54","date_gmt":"2025-04-26T08:39:54","guid":{"rendered":"https:\/\/fs-chembio.kit.edu\/?page_id=84"},"modified":"2025-06-18T17:07:08","modified_gmt":"2025-06-18T15:07:08","slug":"lebensmittelchemie","status":"publish","type":"page","link":"https:\/\/fs-chembio.kit.edu\/en\/lebensmittelchemie\/","title":{"rendered":"Food Chemistry"},"content":{"rendered":"<div data-elementor-type=\"wp-page\" data-elementor-id=\"84\" class=\"elementor elementor-84\">\n\t\t\t\t<div class=\"elementor-element elementor-element-e222452 e-flex e-con-boxed qodef-elementor-content-no e-con e-parent\" data-id=\"e222452\" data-element_type=\"container\">\n\t\t\t\t\t<div class=\"e-con-inner\">\n\t\t\t\t<div class=\"elementor-element elementor-element-7f113ca elementor-widget elementor-widget-heading\" data-id=\"7f113ca\" data-element_type=\"widget\" data-widget_type=\"heading.default\">\n\t\t\t\t<div class=\"elementor-widget-container\">\n\t\t\t\t\t<h2 class=\"elementor-heading-title elementor-size-default\">Aufbau des Studiums<\/h2>\t\t\t\t<\/div>\n\t\t\t\t<\/div>\n\t\t\t\t\t<\/div>\n\t\t\t\t<\/div>\n\t\t<div class=\"elementor-element elementor-element-65d6892 e-flex e-con-boxed qodef-elementor-content-no e-con e-parent\" data-id=\"65d6892\" data-element_type=\"container\">\n\t\t\t\t\t<div class=\"e-con-inner\">\n\t\t\t\t<div class=\"elementor-element elementor-element-03de79d elementor-widget elementor-widget-text-editor\" data-id=\"03de79d\" data-element_type=\"widget\" data-widget_type=\"text-editor.default\">\n\t\t\t\t<div class=\"elementor-widget-container\">\n\t\t\t\t\t\t\t\t\t<p>Im Bachelorstudium gilt es f\u00fcr dich, die allgemeinen Grundlagen zu erlernen. Daher stehen hier Chemie, Biologie, Physik, Mathematik und Lebensmittelchemie im Mittelpunkt. Erst wenn du diese beherrschst, wirst du dich spezieller mit der Lebensmittelchemie besch\u00e4ftigen. Die Regelstudienzeit betr\u00e4gt sechs Semester. Maximal darfst du jedoch neun Semester f\u00fcr den Bachelor ben\u00f6tigen.<\/p><p>Zur Orientierung f\u00fcr das erste Semester findest du hier deinen Stundenplan abgedruckt. Eine genaue \u00dcbersicht der ersten beiden Semester findest du auf der n\u00e4chsten Seite.<\/p><p>Wichtig f\u00fcr dich ist, dass du deine Orientierungspr\u00fcfung bis Ende des dritten Semesters ablegst. Das hei\u00dft, dass du das Praktikum inklusive der Klausur in der Allgemeinen Chemie (Modul BA-LMC-2) bestehen musst.<\/p><p>F\u00fcr den Abschluss des Bachelorstudiums m\u00fcssen insgesamt 180 ECTS-Punkte erworben werden. ECTS-Punkte, auch Credits oder Leistungspunkte genannt, sind Punkte, mit denen der Arbeitsaufwand \u201egemessen\u201c wird. F\u00fcr eine erfolgreich absolvierte Leistung vergibt die Hochschule Leistungspunkte (LP), die der durchschnittlichen Arbeitslast (\u201ework load\u201c) Rechnung tragen sollen. Grundlage f\u00fcr die Vergabe von LP ist die Annahme eines in Stunden gemessenen durchschnittlich zu leistendem Arbeitsaufwand f\u00fcr das Studium. Die Annahme ist ein Aufwand von 1800 Stunden pro akademischem Jahr, der sich in 60 LP ausdr\u00fcckt. Ein Leistungspunkt entspricht daher 30 Arbeitsstunden.<\/p><p>Erfolgskontrollen finden in Form von benoteten Pr\u00fcfungen (z.B. Klausuren oder m\u00fcndlichen Pr\u00fcfungen) oder unbenoteten Studienleistungen statt. In der Regel erfolgt die Anmeldung zu Pr\u00fcfungen online. Andere Pr\u00fcfungsformen k\u00f6nnen zum Beispiel praktische Leistungen, schriftliche Ausarbeitungen oder Pr\u00e4sentationen sein. Oft ist die erfolgreiche Teilnahme an Praktika Voraussetzung zur Teilnehme an der zugeh\u00f6rigen Klausur. F\u00fcr manche Klausuren sind Vorleistungen zu erbringen, so ist zum Beispiel im Modul Mathematik die erfolgreiche Bearbeitung der \u00dcbungsbl\u00e4tter Voraussetzung zum Bestehen des Moduls. Die meisten Module enthalten eine (z.T. auch mehrere) Pr\u00fcfungen. Die Modulnoten errechnen sich aus den nach Leistungspunkten gewichteten Einzelnoten der zum Modul geh\u00f6rigen Pr\u00fcfungen, d.h. sie k\u00f6nnen der Note einer Klausur oder m\u00fcndlichen Pr\u00fcfung entsprechen oder berechnen sich aus mehreren Leistungen. Unbenotete Module gehen nicht in die Bewertung ein, ein Bestehen ist ausreichend.<\/p><p>Der Umfang der Lehrveranstaltungen wird in Semesterwochenstunden (SWS) angegeben. Eine SWS entspricht 45 Minuten pro Woche \u00fcber die gesamte Vorlesungszeit. Die Unterrichtsformen sind die Vorlesung(V), \u00dcbung (\u00dc), Laborpraktika (P) und zugeh\u00f6rige Seminare. Zus\u00e4tzlich, nicht im Studienplan aufgef\u00fchrt, kann man f\u00fcr bestimmte Veranstaltungen Tutorien besuchen (\u00dcbungsgruppen unter Anleitung Studierender). Die Leistungspunkte (LP) beinhalten neben dem Besuch der Lehrveranstaltungen auch die Eigenarbeit (Vor- und Nachbereitung etc.) und die Pr\u00fcfung selbst.<\/p><p>All das und noch viel mehr kannst du in deinem\u00a0<strong><a title=\"http:\/\/lmclehre.iab.kit.edu\/216.php\" href=\"http:\/\/lmclehre.iab.kit.edu\/216.php\" target=\"_blank\" rel=\"noopener\">Modulhandbuch<\/a><\/strong>\u00a0nachlesen. Dort steht zum Beispiel auch, welche B\u00fccher vorlesungsbegleitend empfohlen werden.<\/p>\t\t\t\t\t\t\t\t<\/div>\n\t\t\t\t<\/div>\n\t\t\t\t<div class=\"elementor-element elementor-element-b3a9fba elementor-align-center elementor-widget elementor-widget-button\" data-id=\"b3a9fba\" data-element_type=\"widget\" data-widget_type=\"button.default\">\n\t\t\t\t<div class=\"elementor-widget-container\">\n\t\t\t\t\t\t\t\t\t<div class=\"elementor-button-wrapper\">\n\t\t\t\t\t<a class=\"elementor-button elementor-button-link elementor-size-sm\" href=\"http:\/\/lmclehre.iab.kit.edu\/index.php\" target=\"_blank\">\n\t\t\t\t\t\t<span class=\"elementor-button-content-wrapper\">\n\t\t\t\t\t\t\t\t\t<span class=\"elementor-button-text\">Institutwebseite<\/span>\n\t\t\t\t\t<\/span>\n\t\t\t\t\t<\/a>\n\t\t\t\t<\/div>\n\t\t\t\t\t\t\t\t<\/div>\n\t\t\t\t<\/div>\n\t\t\t\t<div class=\"elementor-element elementor-element-8ac6986 elementor-align-center elementor-widget elementor-widget-button\" data-id=\"8ac6986\" data-element_type=\"widget\" data-widget_type=\"button.default\">\n\t\t\t\t<div class=\"elementor-widget-container\">\n\t\t\t\t\t\t\t\t\t<div class=\"elementor-button-wrapper\">\n\t\t\t\t\t<a class=\"elementor-button elementor-button-link elementor-size-sm\" href=\"http:\/\/lmclehre.iab.kit.edu\/208.php\" target=\"_blank\">\n\t\t\t\t\t\t<span class=\"elementor-button-content-wrapper\">\n\t\t\t\t\t\t\t\t\t<span class=\"elementor-button-text\">Allgemeine Infos<\/span>\n\t\t\t\t\t<\/span>\n\t\t\t\t\t<\/a>\n\t\t\t\t<\/div>\n\t\t\t\t\t\t\t\t<\/div>\n\t\t\t\t<\/div>\n\t\t\t\t<div class=\"elementor-element elementor-element-056635a elementor-align-center elementor-widget elementor-widget-button\" data-id=\"056635a\" data-element_type=\"widget\" data-widget_type=\"button.default\">\n\t\t\t\t<div class=\"elementor-widget-container\">\n\t\t\t\t\t\t\t\t\t<div class=\"elementor-button-wrapper\">\n\t\t\t\t\t<a class=\"elementor-button elementor-button-link elementor-size-sm\" href=\"http:\/\/lmclehre.iab.kit.edu\/276.php\" target=\"_blank\">\n\t\t\t\t\t\t<span class=\"elementor-button-content-wrapper\">\n\t\t\t\t\t\t\t\t\t<span class=\"elementor-button-text\">Studienbewerbung<\/span>\n\t\t\t\t\t<\/span>\n\t\t\t\t\t<\/a>\n\t\t\t\t<\/div>\n\t\t\t\t\t\t\t\t<\/div>\n\t\t\t\t<\/div>\n\t\t\t\t<div class=\"elementor-element elementor-element-7494996 elementor-align-center elementor-widget elementor-widget-button\" data-id=\"7494996\" data-element_type=\"widget\" data-widget_type=\"button.default\">\n\t\t\t\t<div class=\"elementor-widget-container\">\n\t\t\t\t\t\t\t\t\t<div class=\"elementor-button-wrapper\">\n\t\t\t\t\t<a class=\"elementor-button elementor-button-link elementor-size-sm\" href=\"http:\/\/lmclehre.iab.kit.edu\/216.php\" target=\"_blank\">\n\t\t\t\t\t\t<span class=\"elementor-button-content-wrapper\">\n\t\t\t\t\t\t\t\t\t<span class=\"elementor-button-text\">Pr\u00fcfungsordnung<\/span>\n\t\t\t\t\t<\/span>\n\t\t\t\t\t<\/a>\n\t\t\t\t<\/div>\n\t\t\t\t\t\t\t\t<\/div>\n\t\t\t\t<\/div>\n\t\t\t\t<div class=\"elementor-element elementor-element-7721b08 elementor-align-center elementor-widget elementor-widget-button\" data-id=\"7721b08\" data-element_type=\"widget\" data-widget_type=\"button.default\">\n\t\t\t\t<div class=\"elementor-widget-container\">\n\t\t\t\t\t\t\t\t\t<div class=\"elementor-button-wrapper\">\n\t\t\t\t\t<a class=\"elementor-button elementor-button-link elementor-size-sm\" href=\"https:\/\/fs-chembio.kit.edu\/wp-content\/uploads\/2025\/04\/Stundenplaene_Lemi.pdf\" target=\"_blank\">\n\t\t\t\t\t\t<span class=\"elementor-button-content-wrapper\">\n\t\t\t\t\t\t\t\t\t<span class=\"elementor-button-text\">Stundenplan 1. Semester<\/span>\n\t\t\t\t\t<\/span>\n\t\t\t\t\t<\/a>\n\t\t\t\t<\/div>\n\t\t\t\t\t\t\t\t<\/div>\n\t\t\t\t<\/div>\n\t\t\t\t\t<\/div>\n\t\t\t\t<\/div>\n\t\t<div class=\"elementor-element elementor-element-7afd8b7 e-flex e-con-boxed qodef-elementor-content-no e-con e-parent\" data-id=\"7afd8b7\" data-element_type=\"container\">\n\t\t\t\t\t<div class=\"e-con-inner\">\n\t\t\t\t<div class=\"elementor-element elementor-element-08dd025 elementor-widget-divider--view-line elementor-widget elementor-widget-divider\" data-id=\"08dd025\" data-element_type=\"widget\" data-widget_type=\"divider.default\">\n\t\t\t\t<div class=\"elementor-widget-container\">\n\t\t\t\t\t\t\t<div class=\"elementor-divider\">\n\t\t\t<span class=\"elementor-divider-separator\">\n\t\t\t\t\t\t<\/span>\n\t\t<\/div>\n\t\t\t\t\t\t<\/div>\n\t\t\t\t<\/div>\n\t\t\t\t<div class=\"elementor-element elementor-element-087cb63 elementor-widget elementor-widget-text-editor\" data-id=\"087cb63\" data-element_type=\"widget\" data-widget_type=\"text-editor.default\">\n\t\t\t\t<div class=\"elementor-widget-container\">\n\t\t\t\t\t\t\t\t\t<div id=\"cc-m-17198352025\" class=\"j-module n j-hr\"><hr \/><\/div><div id=\"cc-m-17198352125\" class=\"j-module n j-text\"><p><strong>Studienberatung<br \/><\/strong><a title=\"http:\/\/www.sle.kit.edu\/vorstudium\/zib.php\" href=\"http:\/\/www.sle.kit.edu\/vorstudium\/zib.php\" target=\"_blank\" rel=\"noopener\">Zentrale Beratungsstelle f\u00fcr Studieninteressierte und Studierende<\/a><br \/>Engelbert-Arnold-Str. 2<br \/>Tel:. 0721-608-44930<\/p><\/div>\t\t\t\t\t\t\t\t<\/div>\n\t\t\t\t<\/div>\n\t\t\t\t\t<\/div>\n\t\t\t\t<\/div>\n\t\t<div class=\"elementor-element elementor-element-c6be863 e-flex e-con-boxed qodef-elementor-content-no e-con e-parent\" data-id=\"c6be863\" data-element_type=\"container\">\n\t\t\t\t\t<div class=\"e-con-inner\">\n\t\t\t\t<div class=\"elementor-element elementor-element-15fa87b elementor-widget elementor-widget-text-editor\" data-id=\"15fa87b\" data-element_type=\"widget\" data-widget_type=\"text-editor.default\">\n\t\t\t\t<div class=\"elementor-widget-container\">\n\t\t\t\t\t\t\t\t\t<div class=\"cc-m-hgrid-column last\"><div id=\"cc-matrix-5344260925\"><div id=\"cc-m-17198352125\" class=\"j-module n j-text\"><p><strong>Fachstudienberatung am IAB\u00a0 Abteilungen f\u00fcr Lebensmittelchemie und Toxikologie\/Phytochemie<br \/><\/strong><a title=\"https:\/\/phytochem.iab.kit.edu\/21_630.php\" href=\"https:\/\/phytochem.iab.kit.edu\/21_630.php\" target=\"_blank\" rel=\"noopener\"><strong>Dr. Heike Hofs\u00e4\u00df\u00a0<\/strong><\/a><br \/>Montags und Donnerstags 11:00-12:00 Uhr.<\/p><\/div><\/div><\/div><div class=\"cc-m-hgrid-overlay\" data-display=\"cms-only\">\u00a0<\/div>\t\t\t\t\t\t\t\t<\/div>\n\t\t\t\t<\/div>\n\t\t\t\t\t<\/div>\n\t\t\t\t<\/div>\n\t\t\t\t<\/div>","protected":false},"excerpt":{"rendered":"<p>Aufbau des Studiums Im Bachelorstudium gilt es f\u00fcr dich, die allgemeinen Grundlagen zu erlernen. Daher stehen hier Chemie, Biologie, Physik, Mathematik und Lebensmittelchemie im Mittelpunkt. Erst wenn du diese beherrschst, wirst du dich spezieller mit der Lebensmittelchemie besch\u00e4ftigen. Die Regelstudienzeit betr\u00e4gt sechs Semester. Maximal darfst du jedoch neun Semester f\u00fcr den Bachelor ben\u00f6tigen. Zur Orientierung &hellip; <a href=\"https:\/\/fs-chembio.kit.edu\/en\/lebensmittelchemie\/\" class=\"more-link\">Continue reading <span class=\"screen-reader-text\">Food Chemistry<\/span> <span class=\"meta-nav\">&rarr;<\/span><\/a><\/p>","protected":false},"author":1,"featured_media":0,"parent":0,"menu_order":0,"comment_status":"closed","ping_status":"closed","template":"","meta":{"footnotes":""},"class_list":["post-84","page","type-page","status-publish","hentry"],"_links":{"self":[{"href":"https:\/\/fs-chembio.kit.edu\/en\/wp-json\/wp\/v2\/pages\/84","targetHints":{"allow":["GET"]}}],"collection":[{"href":"https:\/\/fs-chembio.kit.edu\/en\/wp-json\/wp\/v2\/pages"}],"about":[{"href":"https:\/\/fs-chembio.kit.edu\/en\/wp-json\/wp\/v2\/types\/page"}],"author":[{"embeddable":true,"href":"https:\/\/fs-chembio.kit.edu\/en\/wp-json\/wp\/v2\/users\/1"}],"replies":[{"embeddable":true,"href":"https:\/\/fs-chembio.kit.edu\/en\/wp-json\/wp\/v2\/comments?post=84"}],"version-history":[{"count":13,"href":"https:\/\/fs-chembio.kit.edu\/en\/wp-json\/wp\/v2\/pages\/84\/revisions"}],"predecessor-version":[{"id":516,"href":"https:\/\/fs-chembio.kit.edu\/en\/wp-json\/wp\/v2\/pages\/84\/revisions\/516"}],"wp:attachment":[{"href":"https:\/\/fs-chembio.kit.edu\/en\/wp-json\/wp\/v2\/media?parent=84"}],"curies":[{"name":"wp","href":"https:\/\/api.w.org\/{rel}","templated":true}]}}