{"id":89,"date":"2025-04-26T10:39:54","date_gmt":"2025-04-26T08:39:54","guid":{"rendered":"https:\/\/fs-chembio.kit.edu\/?page_id=89"},"modified":"2026-02-21T01:27:14","modified_gmt":"2026-02-21T00:27:14","slug":"wer-sind-wir","status":"publish","type":"page","link":"https:\/\/fs-chembio.kit.edu\/en\/wer-sind-wir\/","title":{"rendered":"Who are we?"},"content":{"rendered":"<div data-elementor-type=\"wp-page\" data-elementor-id=\"89\" class=\"elementor elementor-89\">\n\t\t\t\t<div class=\"elementor-element elementor-element-67ad853 e-flex e-con-boxed qodef-elementor-content-no e-con e-parent\" data-id=\"67ad853\" data-element_type=\"container\">\n\t\t\t\t\t<div class=\"e-con-inner\">\n\t\t<div class=\"elementor-element elementor-element-fba1f05 e-con-full e-flex qodef-elementor-content-no e-con e-child\" data-id=\"fba1f05\" data-element_type=\"container\">\n\t\t\t\t<div class=\"elementor-element elementor-element-c446c2a elementor-widget elementor-widget-heading\" data-id=\"c446c2a\" data-element_type=\"widget\" data-widget_type=\"heading.default\">\n\t\t\t\t<div class=\"elementor-widget-container\">\n\t\t\t\t\t<h2 class=\"elementor-heading-title elementor-size-default\">Student Council Introductions<\/h2>\t\t\t\t<\/div>\n\t\t\t\t<\/div>\n\t\t\t\t<div class=\"elementor-element elementor-element-4e2a25f elementor-widget elementor-widget-text-editor\" data-id=\"4e2a25f\" data-element_type=\"widget\" data-widget_type=\"text-editor.default\">\n\t\t\t\t<div class=\"elementor-widget-container\">\n\t\t\t\t\t\t\t\t\t<p>You can find an overview of the responsibilities of each office below the portraits of our active members!<\/p>\t\t\t\t\t\t\t\t<\/div>\n\t\t\t\t<\/div>\n\t\t\t\t<\/div>\n\t\t\t\t\t<\/div>\n\t\t\t\t<\/div>\n\t\t<div class=\"elementor-element elementor-element-4c513e5 e-flex e-con-boxed qodef-elementor-content-no e-con e-parent\" data-id=\"4c513e5\" data-element_type=\"container\">\n\t\t\t\t\t<div class=\"e-con-inner\">\n\t\t<div class=\"elementor-element elementor-element-7574ad9 e-con-full e-flex qodef-elementor-content-no e-con e-child\" data-id=\"7574ad9\" data-element_type=\"container\">\n\t\t\t\t<div class=\"elementor-element elementor-element-f4f8ed9 elementor-widget elementor-widget-image\" data-id=\"f4f8ed9\" data-element_type=\"widget\" data-widget_type=\"image.default\">\n\t\t\t\t<div class=\"elementor-widget-container\">\n\t\t\t\t\t\t\t\t\t\t\t\t\t\t\t<img fetchpriority=\"high\" decoding=\"async\" width=\"234\" height=\"300\" src=\"https:\/\/fs-chembio.kit.edu\/wp-content\/uploads\/2026\/01\/1000062315-234x300.jpg\" class=\"attachment-medium size-medium wp-image-858\" alt=\"\" srcset=\"https:\/\/fs-chembio.kit.edu\/wp-content\/uploads\/2026\/01\/1000062315-234x300.jpg 234w, https:\/\/fs-chembio.kit.edu\/wp-content\/uploads\/2026\/01\/1000062315-798x1024.jpg 798w, https:\/\/fs-chembio.kit.edu\/wp-content\/uploads\/2026\/01\/1000062315-117x150.jpg 117w, https:\/\/fs-chembio.kit.edu\/wp-content\/uploads\/2026\/01\/1000062315-768x986.jpg 768w, https:\/\/fs-chembio.kit.edu\/wp-content\/uploads\/2026\/01\/1000062315-1196x1536.jpg 1196w, https:\/\/fs-chembio.kit.edu\/wp-content\/uploads\/2026\/01\/1000062315-1595x2048.jpg 1595w, https:\/\/fs-chembio.kit.edu\/wp-content\/uploads\/2026\/01\/1000062315-scaled.jpg 1994w\" sizes=\"(max-width: 234px) 100vw, 234px\" \/>\t\t\t\t\t\t\t\t\t\t\t\t\t\t\t<\/div>\n\t\t\t\t<\/div>\n\t\t\t\t<div class=\"elementor-element elementor-element-dbde72b elementor-widget elementor-widget-text-editor\" data-id=\"dbde72b\" data-element_type=\"widget\" data-widget_type=\"text-editor.default\">\n\t\t\t\t<div class=\"elementor-widget-container\">\n\t\t\t\t\t\t\t\t\t<strong>Name:\n<\/strong>Josie\n\n<strong>Degree Program\n<\/strong>Chemistry M. Sc.\n\n<strong>Responsibilities:\n<\/strong>\n<ul>\n \t<li>Lending<\/li>\n \t<li>Department council<\/li>\n \t<li>Storage room manager<\/li>\n \t<li>Shop manager<\/li>\n \t<li>Office hours<\/li>\n \t<li>Chemistry study commission<\/li>\n \t<li>\n<div class=\"translation-block\">Chairwoman<\/div><\/li>\n<\/ul>\t\t\t\t\t\t\t\t<\/div>\n\t\t\t\t<\/div>\n\t\t\t\t<\/div>\n\t\t<div class=\"elementor-element elementor-element-583874e e-con-full e-flex qodef-elementor-content-no e-con e-child\" data-id=\"583874e\" data-element_type=\"container\">\n\t\t\t\t<div class=\"elementor-element elementor-element-f15e68e elementor-widget elementor-widget-image\" data-id=\"f15e68e\" data-element_type=\"widget\" data-widget_type=\"image.default\">\n\t\t\t\t<div class=\"elementor-widget-container\">\n\t\t\t\t\t\t\t\t\t\t\t\t\t\t\t<img decoding=\"async\" width=\"224\" height=\"300\" src=\"https:\/\/fs-chembio.kit.edu\/wp-content\/uploads\/2026\/01\/Foto-Lennard-224x300.jpg\" class=\"attachment-medium size-medium wp-image-859\" alt=\"\" srcset=\"https:\/\/fs-chembio.kit.edu\/wp-content\/uploads\/2026\/01\/Foto-Lennard-224x300.jpg 224w, https:\/\/fs-chembio.kit.edu\/wp-content\/uploads\/2026\/01\/Foto-Lennard-112x150.jpg 112w, https:\/\/fs-chembio.kit.edu\/wp-content\/uploads\/2026\/01\/Foto-Lennard.jpg 642w\" sizes=\"(max-width: 224px) 100vw, 224px\" \/>\t\t\t\t\t\t\t\t\t\t\t\t\t\t\t<\/div>\n\t\t\t\t<\/div>\n\t\t\t\t<div class=\"elementor-element elementor-element-7dcbf7a elementor-widget elementor-widget-text-editor\" data-id=\"7dcbf7a\" data-element_type=\"widget\" data-widget_type=\"text-editor.default\">\n\t\t\t\t<div class=\"elementor-widget-container\">\n\t\t\t\t\t\t\t\t\t<strong>Name:\n<\/strong>Lennard\n\n<strong>Degree Program\n<\/strong>Chemie und Mathematik B. Ed.\n\n<strong>Responsibilities:\n<\/strong>\n<ul>\n \t<li>Department council<\/li>\n \t<li>Games office<\/li>\n \t<li>Office hours<\/li>\n \t<li>Chemistry study commission<\/li>\n \t<li>Chemistry program redesign<\/li>\n \t<li>\n<div class=\"translation-block\">Chairman<\/div><\/li>\n<\/ul>\t\t\t\t\t\t\t\t<\/div>\n\t\t\t\t<\/div>\n\t\t\t\t<\/div>\n\t\t\t\t\t<\/div>\n\t\t\t\t<\/div>\n\t\t<div class=\"elementor-element elementor-element-75df44c e-flex e-con-boxed qodef-elementor-content-no e-con e-parent\" data-id=\"75df44c\" data-element_type=\"container\">\n\t\t\t\t\t<div class=\"e-con-inner\">\n\t\t<div class=\"elementor-element elementor-element-97588a0 e-con-full e-flex qodef-elementor-content-no e-con e-child\" data-id=\"97588a0\" data-element_type=\"container\">\n\t\t\t\t<div class=\"elementor-element elementor-element-4114714 elementor-widget elementor-widget-image\" data-id=\"4114714\" data-element_type=\"widget\" data-widget_type=\"image.default\">\n\t\t\t\t<div class=\"elementor-widget-container\">\n\t\t\t\t\t\t\t\t\t\t\t\t\t\t\t<img decoding=\"async\" width=\"225\" height=\"300\" src=\"https:\/\/fs-chembio.kit.edu\/wp-content\/uploads\/2026\/01\/Bild_2026-01-16_123520542-225x300.png\" class=\"attachment-medium size-medium wp-image-866\" alt=\"\" srcset=\"https:\/\/fs-chembio.kit.edu\/wp-content\/uploads\/2026\/01\/Bild_2026-01-16_123520542-225x300.png 225w, https:\/\/fs-chembio.kit.edu\/wp-content\/uploads\/2026\/01\/Bild_2026-01-16_123520542-768x1024.png 768w, https:\/\/fs-chembio.kit.edu\/wp-content\/uploads\/2026\/01\/Bild_2026-01-16_123520542-112x150.png 112w, https:\/\/fs-chembio.kit.edu\/wp-content\/uploads\/2026\/01\/Bild_2026-01-16_123520542-1152x1536.png 1152w, https:\/\/fs-chembio.kit.edu\/wp-content\/uploads\/2026\/01\/Bild_2026-01-16_123520542-1536x2048.png 1536w, https:\/\/fs-chembio.kit.edu\/wp-content\/uploads\/2026\/01\/Bild_2026-01-16_123520542-scaled.png 1920w\" sizes=\"(max-width: 225px) 100vw, 225px\" \/>\t\t\t\t\t\t\t\t\t\t\t\t\t\t\t<\/div>\n\t\t\t\t<\/div>\n\t\t\t\t<div class=\"elementor-element elementor-element-861712a elementor-widget elementor-widget-text-editor\" data-id=\"861712a\" data-element_type=\"widget\" data-widget_type=\"text-editor.default\">\n\t\t\t\t<div class=\"elementor-widget-container\">\n\t\t\t\t\t\t\t\t\t<p><strong>Name:<br \/><\/strong>Simon<\/p><p><strong>Degree Program<br \/><\/strong>Applied Biology B. Sc.<\/p><p><strong>Responsibilities:<br \/><\/strong><\/p><ul><li>Waffle breakfast organizer<\/li><li>President of the registered association<\/li><li>IT<\/li><li>Department council<\/li><li>FSK<\/li><li>Office hours<\/li><li>Biology study commission<\/li><\/ul>\t\t\t\t\t\t\t\t<\/div>\n\t\t\t\t<\/div>\n\t\t\t\t<\/div>\n\t\t<div class=\"elementor-element elementor-element-2778ffc e-con-full e-flex qodef-elementor-content-no e-con e-child\" data-id=\"2778ffc\" data-element_type=\"container\">\n\t\t\t\t<div class=\"elementor-element elementor-element-d44ba8e elementor-widget elementor-widget-image\" data-id=\"d44ba8e\" data-element_type=\"widget\" data-widget_type=\"image.default\">\n\t\t\t\t<div class=\"elementor-widget-container\">\n\t\t\t\t\t\t\t\t\t\t\t\t\t\t\t<img loading=\"lazy\" decoding=\"async\" width=\"300\" height=\"300\" src=\"https:\/\/fs-chembio.kit.edu\/wp-content\/uploads\/2025\/06\/Fachschaftslogo-300x300.png\" class=\"attachment-medium size-medium wp-image-552\" alt=\"\" srcset=\"https:\/\/fs-chembio.kit.edu\/wp-content\/uploads\/2025\/06\/Fachschaftslogo-300x300.png 300w, https:\/\/fs-chembio.kit.edu\/wp-content\/uploads\/2025\/06\/Fachschaftslogo-150x150.png 150w, https:\/\/fs-chembio.kit.edu\/wp-content\/uploads\/2025\/06\/Fachschaftslogo.png 552w\" sizes=\"(max-width: 300px) 100vw, 300px\" \/>\t\t\t\t\t\t\t\t\t\t\t\t\t\t\t<\/div>\n\t\t\t\t<\/div>\n\t\t\t\t<div class=\"elementor-element elementor-element-a07050a elementor-widget elementor-widget-text-editor\" data-id=\"a07050a\" data-element_type=\"widget\" data-widget_type=\"text-editor.default\">\n\t\t\t\t<div class=\"elementor-widget-container\">\n\t\t\t\t\t\t\t\t\t<p><strong>Name:<br \/><\/strong>Sophia<\/p><p><strong>Degree Program<br \/><\/strong>Biologie M. Sc.<\/p><p>\u00a0<\/p>\t\t\t\t\t\t\t\t<\/div>\n\t\t\t\t<\/div>\n\t\t\t\t<\/div>\n\t\t\t\t\t<\/div>\n\t\t\t\t<\/div>\n\t\t<div class=\"elementor-element elementor-element-12b586b e-flex e-con-boxed qodef-elementor-content-no e-con e-parent\" data-id=\"12b586b\" data-element_type=\"container\">\n\t\t\t\t\t<div class=\"e-con-inner\">\n\t\t\t\t<div class=\"elementor-element elementor-element-0a52bc2 elementor-widget elementor-widget-heading\" data-id=\"0a52bc2\" data-element_type=\"widget\" data-widget_type=\"heading.default\">\n\t\t\t\t<div class=\"elementor-widget-container\">\n\t\t\t\t\t<h2 class=\"elementor-heading-title elementor-size-default\">List of Responsibilities in the Student Council<\/h2>\t\t\t\t<\/div>\n\t\t\t\t<\/div>\n\t\t\t\t<div class=\"elementor-element elementor-element-e569be7 elementor-widget elementor-widget-text-editor\" data-id=\"e569be7\" data-element_type=\"widget\" data-widget_type=\"text-editor.default\">\n\t\t\t\t<div class=\"elementor-widget-container\">\n\t\t\t\t\t\t\t\t\t<ul><li><strong>IT<\/strong>\u00a0Information technology of the student council.<\/li><li><strong>Lending:\u00a0<\/strong>Contact person for the student council\u2019s lending pool.<\/li><li><strong>Division council:<\/strong>\u00a0Central council of the division. Authority superior to the faculty.<\/li><li><strong>Data protection:\u00a0<\/strong>Responsible for the protection of personal data in accordance with the GDPR within the student council.<\/li><li><strong>Department council:\u00a0<\/strong>Central committee of the faculty. Approves study, examination, and doctoral regulations.<\/li><li><strong>Treasurer:\u00a0<\/strong>Manages the student council\u2019s funds. Assists with applications for the use of funds from the general student committee.<\/li><li><strong>Student council conference (FSK):<\/strong>\u00a0Meeting of the student councils for exchange and coordination.<\/li><li><strong>Exam collectors:<\/strong>\u00a0Collects old exams and updates the templates.<\/li><li><strong>Party Office:<\/strong>\u00a0Contact person for events organized by the student council.<\/li><li><strong>Examination commission:\u00a0<\/strong>Joint decision-making commission with the faculty on hardship applications, recognition of study and examination achievements, disadvantage compensation applications, etc.<\/li><li><strong>Audit Committee:<\/strong>\u00a0Checks the expenditure of funds for formalities and intended use and advises the general assembly on the discharge of the executive committee.<\/li><li><strong>\u201cR\u00fchrfisch der Woche\u201d (RdW):\u00a0<\/strong>R\u00fchrfisch of the Week<\/li><li><strong>Shop manager:\u00a0<\/strong>Organizes the procurement and distribution of laboratory supplies.<\/li><li><strong>Game night organizer:<\/strong>\u00a0Organizes the student council\u2019s game nights and represents it in to the\u00a0<a title=\"https:\/\/neuehp.thoule.de\/\" href=\"https:\/\/neuehp.thoule.de\/\" target=\"_blank\" rel=\"noopener\"><strong>Thoule gaming club<\/strong><\/a>.<\/li><li><strong>Office hours:<\/strong>\u00a0The daily work of the student council. Advising students, issuing exam transcripts, performing administrative tasks.<\/li><li><strong>Study commission (StuKo):<\/strong>\u00a0Deals with issues directly related to the degree program in cooperation with the dean of studies and several other stakeholders.\u00a0<\/li><li><strong>Chairmen:<\/strong>\u00a0Management of day-to-day business, preparation of the budget, general point of contact, invitations<\/li><li><strong>Election manager:<\/strong>\u00a0Ensures that the elections for the student body at our faculty run smoothly and in accordance with the rules.<\/li><\/ul>\t\t\t\t\t\t\t\t<\/div>\n\t\t\t\t<\/div>\n\t\t\t\t\t<\/div>\n\t\t\t\t<\/div>\n\t\t\t\t<\/div>","protected":false},"excerpt":{"rendered":"<p>Die Fachschaft stellt sich vor Eine \u00dcbersicht \u00fcber die Aufgaben der \u00c4mter findet ihr unter unseren aktiven Mitgliedern! Name: Josie Studiengang: Chemie M. Sc. Aufgaben: Ausleihamt Fakult\u00e4tsrat Lagerbeauftragte Shopw\u00e4rtin Sprechstunde StuKo Chemie Vorstand Name: Lennard Studiengang: Chemie und Mathematik B. Ed. Aufgaben: Fakult\u00e4tsrat Spieleamt Sprechstunde StuKo Chemie Umgestaltung Chemiestudium Vorstand Name:Simon Studiengang:Angewandte Biologie B. Sc. &hellip; <a href=\"https:\/\/fs-chembio.kit.edu\/en\/wer-sind-wir\/\" class=\"more-link\">Continue reading <span class=\"screen-reader-text\">Who are we?<\/span> <span class=\"meta-nav\">&rarr;<\/span><\/a><\/p>","protected":false},"author":1,"featured_media":0,"parent":0,"menu_order":0,"comment_status":"closed","ping_status":"closed","template":"","meta":{"footnotes":""},"class_list":["post-89","page","type-page","status-publish","hentry"],"_links":{"self":[{"href":"https:\/\/fs-chembio.kit.edu\/en\/wp-json\/wp\/v2\/pages\/89","targetHints":{"allow":["GET"]}}],"collection":[{"href":"https:\/\/fs-chembio.kit.edu\/en\/wp-json\/wp\/v2\/pages"}],"about":[{"href":"https:\/\/fs-chembio.kit.edu\/en\/wp-json\/wp\/v2\/types\/page"}],"author":[{"embeddable":true,"href":"https:\/\/fs-chembio.kit.edu\/en\/wp-json\/wp\/v2\/users\/1"}],"replies":[{"embeddable":true,"href":"https:\/\/fs-chembio.kit.edu\/en\/wp-json\/wp\/v2\/comments?post=89"}],"version-history":[{"count":46,"href":"https:\/\/fs-chembio.kit.edu\/en\/wp-json\/wp\/v2\/pages\/89\/revisions"}],"predecessor-version":[{"id":960,"href":"https:\/\/fs-chembio.kit.edu\/en\/wp-json\/wp\/v2\/pages\/89\/revisions\/960"}],"wp:attachment":[{"href":"https:\/\/fs-chembio.kit.edu\/en\/wp-json\/wp\/v2\/media?parent=89"}],"curies":[{"name":"wp","href":"https:\/\/api.w.org\/{rel}","templated":true}]}}