{"id":961,"date":"2026-02-21T03:15:07","date_gmt":"2026-02-21T02:15:07","guid":{"rendered":"https:\/\/fs-chembio.kit.edu\/?page_id=961"},"modified":"2026-02-21T03:27:22","modified_gmt":"2026-02-21T02:27:22","slug":"impressum","status":"publish","type":"page","link":"https:\/\/fs-chembio.kit.edu\/en\/impressum\/","title":{"rendered":"Impressum"},"content":{"rendered":"<div data-elementor-type=\"wp-page\" data-elementor-id=\"961\" class=\"elementor elementor-961\">\n\t\t\t\t<div class=\"elementor-element elementor-element-97eee84 e-flex e-con-boxed qodef-elementor-content-no e-con e-parent\" data-id=\"97eee84\" data-element_type=\"container\">\n\t\t\t\t\t<div class=\"e-con-inner\">\n\t\t\t\t<div class=\"elementor-element elementor-element-0579de8 elementor-widget elementor-widget-text-editor\" data-id=\"0579de8\" data-element_type=\"widget\" data-widget_type=\"text-editor.default\">\n\t\t\t\t<div class=\"elementor-widget-container\">\n\t\t\t\t\t\t\t\t\t<p>Fachschaft f\u00fcr Chemie und Biowissenschaften am KIT<br \/>Fritz-Haber Weg 6<br \/>Geb\u00e4ude 30.41<br \/>76131 Karlsruhe<\/p><p>Vertreten durch Vorst\u00e4nde:<br \/>Josie Hartung<br \/>Andreas Orso<br \/>Lennard Wickersheimer<\/p>\t\t\t\t\t\t\t\t<\/div>\n\t\t\t\t<\/div>\n\t\t\t\t\t<\/div>\n\t\t\t\t<\/div>\n\t\t<div class=\"elementor-element elementor-element-cb6a7b6 e-flex e-con-boxed qodef-elementor-content-no e-con e-parent\" data-id=\"cb6a7b6\" data-element_type=\"container\">\n\t\t\t\t\t<div class=\"e-con-inner\">\n\t\t\t\t<div class=\"elementor-element elementor-element-7a7a3d9 elementor-widget elementor-widget-heading\" data-id=\"7a7a3d9\" data-element_type=\"widget\" data-widget_type=\"heading.default\">\n\t\t\t\t<div class=\"elementor-widget-container\">\n\t\t\t\t\t<h3 class=\"elementor-heading-title elementor-size-default\">Contact<\/h3>\t\t\t\t<\/div>\n\t\t\t\t<\/div>\n\t\t\t\t<div class=\"elementor-element elementor-element-52f4c7c elementor-widget elementor-widget-text-editor\" data-id=\"52f4c7c\" data-element_type=\"widget\" data-widget_type=\"text-editor.default\">\n\t\t\t\t<div class=\"elementor-widget-container\">\n\t\t\t\t\t\t\t\t\t<p>Telefon: +49 (0) 721 60842882<br \/>(Nur in den Sprechstundenzeiten besetzt; Mit dem Anruf der Nummer erkl\u00e4rt sich der Anrufer einverstanden mit der kurzzeitigen Speicherung seiner Rufnummer und anderen personenbezogenen Daten zwecks R\u00fcckruf und Beantwortung von Fragen)<\/p><p>E-Mail: fschembio@lists.kit.edu<br \/>(Mit der Nutzung der Adresse erkl\u00e4rt sich der Absender einverstanden mit der kurzzeitigen Speicherung seiner\/ihrer E Mail Adresse zwecks Verfassung einer Antwortmail)<\/p>\t\t\t\t\t\t\t\t<\/div>\n\t\t\t\t<\/div>\n\t\t\t\t\t<\/div>\n\t\t\t\t<\/div>\n\t\t<div class=\"elementor-element elementor-element-5a1d2ef e-flex e-con-boxed qodef-elementor-content-no e-con e-parent\" data-id=\"5a1d2ef\" data-element_type=\"container\">\n\t\t\t\t\t<div class=\"e-con-inner\">\n\t\t\t\t<div class=\"elementor-element elementor-element-f193a10 elementor-widget elementor-widget-heading\" data-id=\"f193a10\" data-element_type=\"widget\" data-widget_type=\"heading.default\">\n\t\t\t\t<div class=\"elementor-widget-container\">\n\t\t\t\t\t<h3 class=\"elementor-heading-title elementor-size-default\">Redaktionell verantwortlich<\/h3>\t\t\t\t<\/div>\n\t\t\t\t<\/div>\n\t\t\t\t<div class=\"elementor-element elementor-element-e14f7e9 elementor-widget elementor-widget-text-editor\" data-id=\"e14f7e9\" data-element_type=\"widget\" data-widget_type=\"text-editor.default\">\n\t\t\t\t<div class=\"elementor-widget-container\">\n\t\t\t\t\t\t\t\t\t<p>Admin-Amt und Social-Media Amt der Fachschaft f\u00fcr Chemie und Biowissenschaften<br \/>Fritz-Haber Weg 6<br \/>76131 Karlsruhe<\/p>\t\t\t\t\t\t\t\t<\/div>\n\t\t\t\t<\/div>\n\t\t\t\t\t<\/div>\n\t\t\t\t<\/div>\n\t\t<div class=\"elementor-element elementor-element-8551d2f e-flex e-con-boxed qodef-elementor-content-no e-con e-parent\" data-id=\"8551d2f\" data-element_type=\"container\">\n\t\t\t\t\t<div class=\"e-con-inner\">\n\t\t\t\t<div class=\"elementor-element elementor-element-fd01c4c elementor-widget elementor-widget-heading\" data-id=\"fd01c4c\" data-element_type=\"widget\" data-widget_type=\"heading.default\">\n\t\t\t\t<div class=\"elementor-widget-container\">\n\t\t\t\t\t<h3 class=\"elementor-heading-title elementor-size-default\">Verbraucherstreitbeilegung\/Universalschlichtungsstelle<\/h3>\t\t\t\t<\/div>\n\t\t\t\t<\/div>\n\t\t\t\t<div class=\"elementor-element elementor-element-e093513 elementor-widget elementor-widget-text-editor\" data-id=\"e093513\" data-element_type=\"widget\" data-widget_type=\"text-editor.default\">\n\t\t\t\t<div class=\"elementor-widget-container\">\n\t\t\t\t\t\t\t\t\t<p>Wir sind nicht bereit oder verpflichtet, an Streitbeilegungsverfahren vor einer<br \/>Verbraucherschlichtungsstelle teilzunehmen.<\/p>\t\t\t\t\t\t\t\t<\/div>\n\t\t\t\t<\/div>\n\t\t\t\t\t<\/div>\n\t\t\t\t<\/div>\n\t\t\t\t<\/div>","protected":false},"excerpt":{"rendered":"<p>Fachschaft f\u00fcr Chemie und Biowissenschaften am KITFritz-Haber Weg 6Geb\u00e4ude 30.4176131 Karlsruhe Vertreten durch Vorst\u00e4nde:Josie HartungAndreas OrsoLennard Wickersheimer Kontakt Telefon: +49 (0) 721 60842882(Nur in den Sprechstundenzeiten besetzt; Mit dem Anruf der Nummer erkl\u00e4rt sich der Anrufer einverstanden mit der kurzzeitigen Speicherung seiner Rufnummer und anderen personenbezogenen Daten zwecks R\u00fcckruf und Beantwortung von Fragen) E-Mail: fschembio@lists.kit.edu(Mit &hellip; <a href=\"https:\/\/fs-chembio.kit.edu\/en\/impressum\/\" class=\"more-link\">Continue reading <span class=\"screen-reader-text\">Impressum<\/span> <span class=\"meta-nav\">&rarr;<\/span><\/a><\/p>","protected":false},"author":1,"featured_media":0,"parent":0,"menu_order":0,"comment_status":"closed","ping_status":"closed","template":"","meta":{"footnotes":""},"class_list":["post-961","page","type-page","status-publish","hentry"],"_links":{"self":[{"href":"https:\/\/fs-chembio.kit.edu\/en\/wp-json\/wp\/v2\/pages\/961","targetHints":{"allow":["GET"]}}],"collection":[{"href":"https:\/\/fs-chembio.kit.edu\/en\/wp-json\/wp\/v2\/pages"}],"about":[{"href":"https:\/\/fs-chembio.kit.edu\/en\/wp-json\/wp\/v2\/types\/page"}],"author":[{"embeddable":true,"href":"https:\/\/fs-chembio.kit.edu\/en\/wp-json\/wp\/v2\/users\/1"}],"replies":[{"embeddable":true,"href":"https:\/\/fs-chembio.kit.edu\/en\/wp-json\/wp\/v2\/comments?post=961"}],"version-history":[{"count":10,"href":"https:\/\/fs-chembio.kit.edu\/en\/wp-json\/wp\/v2\/pages\/961\/revisions"}],"predecessor-version":[{"id":971,"href":"https:\/\/fs-chembio.kit.edu\/en\/wp-json\/wp\/v2\/pages\/961\/revisions\/971"}],"wp:attachment":[{"href":"https:\/\/fs-chembio.kit.edu\/en\/wp-json\/wp\/v2\/media?parent=961"}],"curies":[{"name":"wp","href":"https:\/\/api.w.org\/{rel}","templated":true}]}}